{"id":36566,"date":"2025-07-03T15:39:16","date_gmt":"2025-07-03T13:39:16","guid":{"rendered":"https:\/\/fredericmistral-tecniceulalia.cat\/?page_id=36566"},"modified":"2025-07-03T15:39:18","modified_gmt":"2025-07-03T13:39:18","slug":"pagina-inici","status":"publish","type":"page","link":"https:\/\/fredericmistral-tecniceulalia.cat\/en\/","title":{"rendered":"P\u00e0gina inici"},"content":{"rendered":"\n\n\n\n\n<div class=\"wp-block-uagb-container uagb-block-d3fe2ebe alignfull uagb-is-root-container\"><div class=\"uagb-container-inner-blocks-wrap\">\n<div class=\"wp-block-uagb-call-to-action uagb-block-53cd8b61 wp-block-button\"><div class=\"uagb-cta__wrap\"><h3 class=\"uagb-cta__title\">Informaci\u00f3 preinscripci\u00f3 2025\/26<\/h3><p class=\"uagb-cta__desc\">Educaci\u00f3 Infantil, Prim\u00e0ria i Secund\u00e0ria. Tota la informaci\u00f3: calendari, documentaci\u00f3  i criteris de prioritat (puntuaci\u00f3).<\/p><\/div><div class=\"uagb-cta__buttons\"><a href=\"https:\/\/fredericmistral-tecniceulalia.cat\/preinscripcio-2025-2026\/\" class=\"uagb-cta__button-link-wrapper wp-block-button__link\" target=\"_self\" rel=\"noopener noreferrer\">Accedex-hi<\/a><\/div><\/div>\n<\/div><\/div>\n\n\n\n<div class=\"wp-block-uagb-advanced-heading uagb-block-6c0b4b39\"><h1 class=\"uagb-heading-text\">ENG-Ens mou la passi\u00f3 i el comprom\u00eds per l&#8217;educaci\u00f3<\/h1><p class=\"uagb-desc-text\">L\u2019acompanyament pedag\u00f2gic i personal \u00e9s la nostra prioritat. Ajudem els teus fills a trobar el seu lloc al m\u00f3n. Ens hi trobar\u00e0s sempre.<br><strong>Alumnes, fam\u00edlies i mestres, #CREANTESCOLA<\/strong><\/p><\/div>\n\n\n\n\n\n\n\n<div class=\"wp-block-uagb-container uag-hide-tab uag-hide-mob uagb-block-3541b4a8 alignfull uagb-is-root-container\"><div class=\"uagb-container-inner-blocks-wrap\">\n<h2><strong>OFERTA EDUCATIVA<\/strong><\/h2>\n<p>Oferim una educaci\u00f3 integral i de qualitat que t\u00e9 per objectiu aconseguir el ple desenvolupament de tots i cadascun dels alumnes. Eduquem amb el prop\u00f2sit que el nostre alumnat sigui competent, doni valor al coneixement, sigui \u00e8ticament comprom\u00e8s, respectu\u00f3s amb la diversitat i capa\u00e7 de donar resposta a les realitats noves i complexes del nostre temps.<\/p>\n\n\n\n<figure class=\"wp-block-gallery alignfull has-nested-images columns-8 is-cropped wp-block-gallery-2 is-layout-flex wp-block-gallery-is-layout-flex\">\n<figure class=\"wp-block-image size-full\"><a href=\"https:\/\/fredericmistral-tecniceulalia.cat\/oferta-educativa\/educacio-infantil\/\"><img loading=\"lazy\" decoding=\"async\" width=\"134\" height=\"328\" data-id=\"29619\" src=\"https:\/\/fredericmistral-tecniceulalia.cat\/wp-content\/uploads\/2023\/07\/1edinfatnil.jpg\" alt=\"\" class=\"wp-image-29619\" srcset=\"https:\/\/fredericmistral-tecniceulalia.cat\/wp-content\/uploads\/2023\/07\/1edinfatnil.jpg 134w, https:\/\/fredericmistral-tecniceulalia.cat\/wp-content\/uploads\/2023\/07\/1edinfatnil-123x300.jpg 123w\" sizes=\"auto, (max-width: 134px) 100vw, 134px\" \/><\/a><\/figure>\n\n\n\n<figure class=\"wp-block-image size-full\"><a href=\"https:\/\/fredericmistral-tecniceulalia.cat\/oferta-educativa\/educacio-primaria-2\/\"><img loading=\"lazy\" decoding=\"async\" width=\"134\" height=\"328\" data-id=\"29622\" src=\"https:\/\/fredericmistral-tecniceulalia.cat\/wp-content\/uploads\/2023\/07\/2primaria.jpg\" alt=\"\" class=\"wp-image-29622\" srcset=\"https:\/\/fredericmistral-tecniceulalia.cat\/wp-content\/uploads\/2023\/07\/2primaria.jpg 134w, https:\/\/fredericmistral-tecniceulalia.cat\/wp-content\/uploads\/2023\/07\/2primaria-123x300.jpg 123w\" sizes=\"auto, (max-width: 134px) 100vw, 134px\" \/><\/a><\/figure>\n\n\n\n<figure class=\"wp-block-image size-full\"><a href=\"https:\/\/fredericmistral-tecniceulalia.cat\/oferta-educativa\/educacio-secundaria\/\"><img loading=\"lazy\" decoding=\"async\" width=\"134\" height=\"328\" data-id=\"29625\" src=\"https:\/\/fredericmistral-tecniceulalia.cat\/wp-content\/uploads\/2023\/07\/3secundaria.jpg\" alt=\"\" class=\"wp-image-29625\" srcset=\"https:\/\/fredericmistral-tecniceulalia.cat\/wp-content\/uploads\/2023\/07\/3secundaria.jpg 134w, https:\/\/fredericmistral-tecniceulalia.cat\/wp-content\/uploads\/2023\/07\/3secundaria-123x300.jpg 123w\" sizes=\"auto, (max-width: 134px) 100vw, 134px\" \/><\/a><\/figure>\n\n\n\n<figure class=\"wp-block-image size-full uag-hide-desktop\"><img loading=\"lazy\" decoding=\"async\" width=\"134\" height=\"328\" data-id=\"30407\" src=\"https:\/\/fredericmistral-tecniceulalia.cat\/wp-content\/uploads\/2023\/10\/diplomadual.jpg\" alt=\"\" class=\"wp-image-30407\" srcset=\"https:\/\/fredericmistral-tecniceulalia.cat\/wp-content\/uploads\/2023\/10\/diplomadual.jpg 134w, https:\/\/fredericmistral-tecniceulalia.cat\/wp-content\/uploads\/2023\/10\/diplomadual-123x300.jpg 123w\" sizes=\"auto, (max-width: 134px) 100vw, 134px\" \/><\/figure>\n\n\n\n<figure class=\"wp-block-image size-full\"><a href=\"https:\/\/fredericmistral-tecniceulalia.cat\/en\/educational-offer\/baccalaureate\/\"><img loading=\"lazy\" decoding=\"async\" width=\"134\" height=\"328\" data-id=\"29628\" src=\"https:\/\/fredericmistral-tecniceulalia.cat\/wp-content\/uploads\/2023\/07\/5batxillerat.jpg\" alt=\"\" class=\"wp-image-29628\" srcset=\"https:\/\/fredericmistral-tecniceulalia.cat\/wp-content\/uploads\/2023\/07\/5batxillerat.jpg 134w, https:\/\/fredericmistral-tecniceulalia.cat\/wp-content\/uploads\/2023\/07\/5batxillerat-123x300.jpg 123w\" sizes=\"auto, (max-width: 134px) 100vw, 134px\" \/><\/a><\/figure>\n\n\n\n<figure class=\"wp-block-image size-full\"><a href=\"https:\/\/fredericmistral-tecniceulalia.cat\/en\/educational-offer\/bachibac\/\"><img loading=\"lazy\" decoding=\"async\" width=\"134\" height=\"328\" data-id=\"29631\" src=\"https:\/\/fredericmistral-tecniceulalia.cat\/wp-content\/uploads\/2023\/07\/6batxibac.jpg\" alt=\"\" class=\"wp-image-29631\" srcset=\"https:\/\/fredericmistral-tecniceulalia.cat\/wp-content\/uploads\/2023\/07\/6batxibac.jpg 134w, https:\/\/fredericmistral-tecniceulalia.cat\/wp-content\/uploads\/2023\/07\/6batxibac-123x300.jpg 123w\" sizes=\"auto, (max-width: 134px) 100vw, 134px\" \/><\/a><\/figure>\n\n\n\n<figure class=\"wp-block-image size-full\"><a href=\"https:\/\/fredericmistral-tecniceulalia.cat\/oferta-educativa\/batxillerat-internacional\/\"><img loading=\"lazy\" decoding=\"async\" width=\"134\" height=\"328\" data-id=\"29634\" src=\"https:\/\/fredericmistral-tecniceulalia.cat\/wp-content\/uploads\/2023\/07\/7batxiintenacional.jpg\" alt=\"\" class=\"wp-image-29634\" srcset=\"https:\/\/fredericmistral-tecniceulalia.cat\/wp-content\/uploads\/2023\/07\/7batxiintenacional.jpg 134w, https:\/\/fredericmistral-tecniceulalia.cat\/wp-content\/uploads\/2023\/07\/7batxiintenacional-123x300.jpg 123w\" sizes=\"auto, (max-width: 134px) 100vw, 134px\" \/><\/a><\/figure>\n<\/figure>\n<\/div><\/div>\n\n\n\n<div class=\"wp-block-uagb-container uag-hide-desktop uagb-block-bc0b80eb alignfull uagb-is-root-container\"><div class=\"uagb-container-inner-blocks-wrap\">\n<h2><strong>OFERTA EDUCATIVA<\/strong><\/h2>\n<p>Oferim una educaci\u00f3 integral i de qualitat que t\u00e9 per objectiu aconseguir el ple desenvolupament de tots i cadascun dels alumnes. Eduquem amb el prop\u00f2sit que el nostre alumnat sigui competent, doni valor al coneixement, sigui \u00e8ticament comprom\u00e8s, respectu\u00f3s amb la diversitat i capa\u00e7 de donar resposta a les realitats noves i complexes del nostre temps.<\/p>\n\n\n\n<figure class=\"wp-block-gallery has-nested-images columns-1 is-cropped wp-block-gallery-3 is-layout-flex wp-block-gallery-is-layout-flex\">\n<figure class=\"wp-block-image size-large\"><a href=\"https:\/\/fredericmistral-tecniceulalia.cat\/com-eduquem\/educacio-infantil\/\"><img loading=\"lazy\" decoding=\"async\" width=\"328\" height=\"134\" data-id=\"31806\" src=\"https:\/\/fredericmistral-tecniceulalia.cat\/wp-content\/uploads\/2024\/02\/educacio_infantil_hortiz.jpg\" alt=\"\" class=\"wp-image-31806\" srcset=\"https:\/\/fredericmistral-tecniceulalia.cat\/wp-content\/uploads\/2024\/02\/educacio_infantil_hortiz.jpg 328w, https:\/\/fredericmistral-tecniceulalia.cat\/wp-content\/uploads\/2024\/02\/educacio_infantil_hortiz-300x123.jpg 300w\" sizes=\"auto, (max-width: 328px) 100vw, 328px\" \/><\/a><\/figure>\n\n\n\n<figure class=\"wp-block-image size-large\"><a href=\"https:\/\/fredericmistral-tecniceulalia.cat\/oferta-educativa-old\/educacio-primaria-2\/\"><img loading=\"lazy\" decoding=\"async\" width=\"328\" height=\"134\" data-id=\"31803\" src=\"https:\/\/fredericmistral-tecniceulalia.cat\/wp-content\/uploads\/2024\/02\/primaria_horitz.jpg\" alt=\"\" class=\"wp-image-31803\" srcset=\"https:\/\/fredericmistral-tecniceulalia.cat\/wp-content\/uploads\/2024\/02\/primaria_horitz.jpg 328w, https:\/\/fredericmistral-tecniceulalia.cat\/wp-content\/uploads\/2024\/02\/primaria_horitz-300x123.jpg 300w\" sizes=\"auto, (max-width: 328px) 100vw, 328px\" \/><\/a><\/figure>\n\n\n\n<figure class=\"wp-block-image size-large\"><a href=\"https:\/\/fredericmistral-tecniceulalia.cat\/oferta-educativa-old\/educacio-secundaria\/\"><img loading=\"lazy\" decoding=\"async\" width=\"328\" height=\"134\" data-id=\"31794\" src=\"https:\/\/fredericmistral-tecniceulalia.cat\/wp-content\/uploads\/2024\/02\/secundaria_hortiz.jpg\" alt=\"\" class=\"wp-image-31794\" srcset=\"https:\/\/fredericmistral-tecniceulalia.cat\/wp-content\/uploads\/2024\/02\/secundaria_hortiz.jpg 328w, https:\/\/fredericmistral-tecniceulalia.cat\/wp-content\/uploads\/2024\/02\/secundaria_hortiz-300x123.jpg 300w\" sizes=\"auto, (max-width: 328px) 100vw, 328px\" \/><\/a><\/figure>\n\n\n\n<figure class=\"wp-block-image size-large\"><a href=\"https:\/\/fredericmistral-tecniceulalia.cat\/en\/educational-offer\/baccalaureate\/\"><img loading=\"lazy\" decoding=\"async\" width=\"328\" height=\"134\" data-id=\"31809\" src=\"https:\/\/fredericmistral-tecniceulalia.cat\/wp-content\/uploads\/2024\/02\/batxillerat_hortiz.jpg\" alt=\"\" class=\"wp-image-31809\" srcset=\"https:\/\/fredericmistral-tecniceulalia.cat\/wp-content\/uploads\/2024\/02\/batxillerat_hortiz.jpg 328w, https:\/\/fredericmistral-tecniceulalia.cat\/wp-content\/uploads\/2024\/02\/batxillerat_hortiz-300x123.jpg 300w\" sizes=\"auto, (max-width: 328px) 100vw, 328px\" \/><\/a><\/figure>\n\n\n\n<figure class=\"wp-block-image size-large\"><a href=\"https:\/\/fredericmistral-tecniceulalia.cat\/en\/educational-offer\/bachibac\/\"><img loading=\"lazy\" decoding=\"async\" width=\"328\" height=\"134\" data-id=\"31800\" src=\"https:\/\/fredericmistral-tecniceulalia.cat\/wp-content\/uploads\/2024\/02\/batxibac_hortiz.jpg\" alt=\"\" class=\"wp-image-31800\" srcset=\"https:\/\/fredericmistral-tecniceulalia.cat\/wp-content\/uploads\/2024\/02\/batxibac_hortiz.jpg 328w, https:\/\/fredericmistral-tecniceulalia.cat\/wp-content\/uploads\/2024\/02\/batxibac_hortiz-300x123.jpg 300w\" sizes=\"auto, (max-width: 328px) 100vw, 328px\" \/><\/a><\/figure>\n\n\n\n<figure class=\"wp-block-image size-large\"><a href=\"https:\/\/fredericmistral-tecniceulalia.cat\/oferta-educativa\/batxillerat-internacional\/\"><img loading=\"lazy\" decoding=\"async\" width=\"328\" height=\"134\" data-id=\"31797\" src=\"https:\/\/fredericmistral-tecniceulalia.cat\/wp-content\/uploads\/2024\/02\/bi_horitz.jpg\" alt=\"\" class=\"wp-image-31797\" srcset=\"https:\/\/fredericmistral-tecniceulalia.cat\/wp-content\/uploads\/2024\/02\/bi_horitz.jpg 328w, https:\/\/fredericmistral-tecniceulalia.cat\/wp-content\/uploads\/2024\/02\/bi_horitz-300x123.jpg 300w\" sizes=\"auto, (max-width: 328px) 100vw, 328px\" \/><\/a><\/figure>\n<\/figure>\n<\/div><\/div>\n\n\n\n<div class=\"wp-block-uagb-container uagb-block-3dbe8380 alignwide uagb-is-root-container\">\n<h2>L\u2019ESCOLA<\/h2>\n<p>Entenem l\u2019escola com un espai de benestar i aprenentatge, en qu\u00e8 els i les alumnes se senten segurs i tranquils, se\u2019ls ajuda a descobrir qui s\u00f3n i a potenciar els seus talents.<\/p>\n<p><strong>Vine a con\u00e8ixer l&#8217;escola Frederic Mistral-T\u00e8cnic Eul\u00e0lia a Sarri\u00e0 o Tibidabo<\/strong><\/p>\n\n\n\n<div class=\"wp-block-columns is-layout-flex wp-container-core-columns-is-layout-9d6595d7 wp-block-columns-is-layout-flex\">\n<div class=\"wp-block-column is-layout-flow wp-block-column-is-layout-flow\">\n<div class=\"wp-block-uagb-info-box uagb-block-386e6c26 uagb-infobox__content-wrap  uagb-infobox-icon-above-title uagb-infobox-image-valign-top\"><div class=\"uagb-ifb-content\"><div class=\"uagb-ifb-image-content\"><img decoding=\"async\" src=\"https:\/\/fredericmistral-tecniceulalia.cat\/wp-content\/uploads\/2023\/07\/web_FMTE_escola_12.jpg\" alt=\"\" width=\"\" height=\"0\" loading=\"lazy\"\/><\/div><div class=\"uagb-ifb-title-wrap\"><h2 class=\"uagb-ifb-title\">CENTRE TIBIDABO<\/h2><\/div><p class=\"uagb-ifb-desc\"><strong>Etapes educatives:<\/strong><br>Educaci\u00f3 Infantil i Prim\u00e0ria.<br><br>Llu\u00eds Muntades, 3-5-7<br>08035 Barcelona<br>Tel. 93 211 89 54<\/p><div class=\"uagb-ifb-button-wrapper wp-block-button\"><a href=\"https:\/\/fredericmistral-tecniceulalia.cat\/contactar\/\" class=\"uagb-infobox-cta-link wp-block-button__link\" target=\"_self\" rel=\"noopener noreferrer\" onclick=\"return true;\"><span class=\"uagb-inline-editing\">Sol\u00b7licita una entrevista<\/span><svg xmlns=\"https:\/\/www.w3.org\/2000\/svg\" viewBox=\"0 0 512 512\"><path d=\"M504.3 273.6l-112.1 104c-6.992 6.484-17.18 8.218-25.94 4.406c-8.758-3.812-14.42-12.45-14.42-21.1L351.9 288H32C14.33 288 .0002 273.7 .0002 255.1S14.33 224 32 224h319.9l0-72c0-9.547 5.66-18.19 14.42-22c8.754-3.809 18.95-2.075 25.94 4.41l112.1 104C514.6 247.9 514.6 264.1 504.3 273.6z\"><\/path><\/svg><\/a><\/div><\/div><\/div>\n<\/div>\n\n\n\n<div class=\"wp-block-column is-layout-flow wp-block-column-is-layout-flow\">\n<div class=\"wp-block-uagb-info-box uagb-block-1802603c uagb-infobox__content-wrap  uagb-infobox-icon-above-title uagb-infobox-image-valign-top\"><div class=\"uagb-ifb-content\"><div class=\"uagb-ifb-image-content\"><img decoding=\"async\" src=\"https:\/\/fredericmistral-tecniceulalia.cat\/wp-content\/uploads\/2023\/07\/opt_web_FMTE_Entorn_3-1.jpg\" alt=\"\" width=\"\" height=\"0\" loading=\"lazy\"\/><\/div><div class=\"uagb-ifb-title-wrap\"><h2 class=\"uagb-ifb-title\">CENTRE SARRI\u00c0<\/h2><\/div><p class=\"uagb-ifb-desc\"><strong>Etapes educatives:<\/strong><br>Educaci\u00f3 Infantil, Secund\u00e0ria, Batxillerat, Batxibac i Batxillerat Internacional.<br><br>Pere II de Montcada, 8<br>08034 Barcelona<br>Tel. 93 203 12 80<\/p><div class=\"uagb-ifb-button-wrapper wp-block-button\"><a href=\"https:\/\/fredericmistral-tecniceulalia.cat\/contactar\/\" class=\"uagb-infobox-cta-link wp-block-button__link\" target=\"_self\" rel=\"noopener noreferrer\" onclick=\"return true;\"><span class=\"uagb-inline-editing\">Sol\u00b7licita una entrevista<\/span><svg xmlns=\"https:\/\/www.w3.org\/2000\/svg\" viewBox=\"0 0 512 512\"><path d=\"M504.3 273.6l-112.1 104c-6.992 6.484-17.18 8.218-25.94 4.406c-8.758-3.812-14.42-12.45-14.42-21.1L351.9 288H32C14.33 288 .0002 273.7 .0002 255.1S14.33 224 32 224h319.9l0-72c0-9.547 5.66-18.19 14.42-22c8.754-3.809 18.95-2.075 25.94 4.41l112.1 104C514.6 247.9 514.6 264.1 504.3 273.6z\"><\/path><\/svg><\/a><\/div><\/div><\/div>\n<\/div>\n<\/div>\n<\/div>\n\n\n\n<div class=\"wp-block-uagb-container uagb-block-139e4f35 alignwide uagb-is-root-container\">\n<h2>\u00daLTIMES NOT\u00cdCIES<\/h2>\n\n\n\n\t\t\t<div class=\"wp-block-uagb-post-carousel uagb-post-grid  uagb-post__image-position-top uagb-post__image-enabled uagb-block-b38ab603     uagb-post__arrow-outside uagb-post__items uagb-post__columns-3 is-carousel uagb-post__columns-tablet-2 uagb-post__columns-mobile-1\" data-total=\"0\" style=\"\">\n\n\t\t\t\t\t\t\t\t\t<p class=\"uagb-post__no-posts\">\n\t\t\t\t\t\tNo post found!\t\t\t\t\t<\/p>\n\t\t\t\t\t\t\t\t<\/div>\n\t\t\t<\/div>\n\n\n\n<p><\/p>\n","protected":false},"excerpt":{"rendered":"<p>ENG-Ens mou la passi\u00f3 i el comprom\u00eds per l&#8217;educaci\u00f3 L\u2019acompanyament pedag\u00f2gic i personal \u00e9s la nostra prioritat. Ajudem els teus fills a trobar el seu lloc al m\u00f3n. Ens hi &#8230; <a title=\"P\u00e0gina inici\" class=\"read-more\" href=\"https:\/\/fredericmistral-tecniceulalia.cat\/en\/\" aria-label=\"Read more about P\u00e0gina inici\">Llegir m\u00e9s<\/a><\/p>\n","protected":false},"author":6,"featured_media":0,"parent":0,"menu_order":0,"comment_status":"closed","ping_status":"closed","template":"","meta":{"_acf_changed":false,"_uag_custom_page_level_css":"","_themeisle_gutenberg_block_has_review":false,"footnotes":""},"class_list":{"0":"post-36566","1":"page","2":"type-page","3":"status-publish","5":"infinite-scroll-item"},"acf":[],"uagb_featured_image_src":{"full":false,"thumbnail":false,"medium":false,"medium_large":false,"large":false,"custom-cuadrat":false,"modul1":false,"post":false,"1536x1536":false,"2048x2048":false},"uagb_author_info":{"display_name":"Ferran Carro","author_link":"https:\/\/fredericmistral-tecniceulalia.cat\/en\/author\/fcarro\/"},"uagb_comment_info":0,"uagb_excerpt":"ENG-Ens mou la passi\u00f3 i el comprom\u00eds per l&#8217;educaci\u00f3 L\u2019acompanyament pedag\u00f2gic i personal \u00e9s la nostra prioritat. Ajudem els teus fills a trobar el seu lloc al m\u00f3n. Ens hi ... Llegir m\u00e9s","_links":{"self":[{"href":"https:\/\/fredericmistral-tecniceulalia.cat\/en\/wp-json\/wp\/v2\/pages\/36566","targetHints":{"allow":["GET"]}}],"collection":[{"href":"https:\/\/fredericmistral-tecniceulalia.cat\/en\/wp-json\/wp\/v2\/pages"}],"about":[{"href":"https:\/\/fredericmistral-tecniceulalia.cat\/en\/wp-json\/wp\/v2\/types\/page"}],"author":[{"embeddable":true,"href":"https:\/\/fredericmistral-tecniceulalia.cat\/en\/wp-json\/wp\/v2\/users\/6"}],"replies":[{"embeddable":true,"href":"https:\/\/fredericmistral-tecniceulalia.cat\/en\/wp-json\/wp\/v2\/comments?post=36566"}],"version-history":[{"count":1,"href":"https:\/\/fredericmistral-tecniceulalia.cat\/en\/wp-json\/wp\/v2\/pages\/36566\/revisions"}],"predecessor-version":[{"id":36567,"href":"https:\/\/fredericmistral-tecniceulalia.cat\/en\/wp-json\/wp\/v2\/pages\/36566\/revisions\/36567"}],"wp:attachment":[{"href":"https:\/\/fredericmistral-tecniceulalia.cat\/en\/wp-json\/wp\/v2\/media?parent=36566"}],"curies":[{"name":"wp","href":"https:\/\/api.w.org\/{rel}","templated":true}]}}