{"id":4032,"date":"2020-07-16T11:04:54","date_gmt":"2020-07-16T11:04:54","guid":{"rendered":"https:\/\/fredericmistral-tecniceulalia.cat\/la-fundacio-collserola\/"},"modified":"2021-02-18T16:02:47","modified_gmt":"2021-02-18T15:02:47","slug":"fundacio-collserola","status":"publish","type":"page","link":"https:\/\/fredericmistral-tecniceulalia.cat\/en\/fundacio-collserola\/","title":{"rendered":"Fundaci\u00f3 Collserola"},"content":{"rendered":"\n\t<div id=\"cabecerainterior-block_5ed75ecb28017\" class=\"cabecerainterior lazy\">\n\t\t<div class=\"cabint-image\">\n\t\t\t<img decoding=\"async\" src=\"https:\/\/fredericmistral-tecniceulalia.cat\/wp-content\/uploads\/2020\/07\/opt_Fundacio_collserola1-1.jpg\" alt=\"Fundaci\u00f3 Collserola\">\n\t\t<\/div>\n\t\t<div class=\"cabint-info\">\n\t\t\t<h1 class=\"cabint-info__titol\">\n\t\t\t\tFundaci\u00f3 Collserola\t\t\t<\/h1>\n\t\t<\/div>\n\t<\/div>\n\n\t\n\n\t<div iid=\"textodestacado-block_5f10341bafae6\" class=\"text-destacat lazy\">\t\t<div class=\"grid-container\">\n\t\t\t<!-- Item -->\n        <div class=\"text-destacat__text\">\n\t\t\t\t\t<h2 class=\"titol_bloc\">\n\t\t\t\t\t\t\t\t\t\t\t<\/h2>\n\t\t\t\t\t<div class=\"text_bloc\">\n\t\t\t\t\t\t<p>The Frederic Mistral-T\u00e8cnic Eul\u00e0lia school, together with the Aven\u00e7 school in Sant Cugat del Vall\u00e8s and the Ramon Fuster school in Bellaterra, is part of the Fundaci\u00f3 Collserola.<\/p>\n\t\t\t\t\t<\/div>\n\t\t\t\t<\/div>\n\t\t\t<!-- .\/ Item -->\t\n\t\t<\/div>\n\t<\/div>\n\n\t\n\n\t<div class=\"grid-container lazy\">\n\t\t<div class=\"text-imatge\">\n\t\t\t<div class=\"text-imatge-row row\">\n\t\t\t\t<div class=\"col-md-6 text-imatge__imatge\">\n\t\t\t\t\t\t\t\t\t\t<a href=\"\">\n\t\t\t\t\t<img loading=\"lazy\" decoding=\"async\" width=\"1000\" height=\"1000\" src=\"https:\/\/fredericmistral-tecniceulalia.cat\/wp-content\/uploads\/2020\/07\/opt_Fundacio_Collserola-1-1000x1000.jpg\" class=\"attachment-custom-cuadrat size-custom-cuadrat\" alt=\"Fundaci\u00f3 Collserola\" srcset=\"https:\/\/fredericmistral-tecniceulalia.cat\/wp-content\/uploads\/2020\/07\/opt_Fundacio_Collserola-1.jpg 1000w, https:\/\/fredericmistral-tecniceulalia.cat\/wp-content\/uploads\/2020\/07\/opt_Fundacio_Collserola-1-300x300.jpg 300w, https:\/\/fredericmistral-tecniceulalia.cat\/wp-content\/uploads\/2020\/07\/opt_Fundacio_Collserola-1-150x150.jpg 150w, https:\/\/fredericmistral-tecniceulalia.cat\/wp-content\/uploads\/2020\/07\/opt_Fundacio_Collserola-1-768x768.jpg 768w, https:\/\/fredericmistral-tecniceulalia.cat\/wp-content\/uploads\/2020\/07\/opt_Fundacio_Collserola-1-800x800.jpg 800w\" sizes=\"auto, (max-width: 1000px) 100vw, 1000px\" \/>\t\t\t\t\t<\/a>\n\t\t\t\t<\/div>\n\t\t\t\t<div class=\"col-md-6 text-imatge__text\">\n\t\t\t\t\t<span class=\"seccio_bloc\">\n\t\t\t\t\t\t\t\n\t\t\t\t\t<\/span>\n\t\t\t\t\t<h2 class=\"titol_bloc\">\n\t\t\t\t\t\tThe origin\t\n\t\t\t\t\t<\/h2>\n\t\t\t\t\t<div class=\"text_bloc\">\n\t\t\t\t\t\t<p>\n\t\t\t\t\t\t\t<p>The origins of the Fundaci\u00f3 Collserola lie in the <strong>Frederic Mistral school<\/strong>, which was founded in 1967 by a group of families and education professionals who were committed to creating a secular and pluralistic Catalan school that was independent of any political, ideological or social organisation. From the very beginning, the desire for profit was excluded as an objective and the economic results were dedicated, year after year, to the improvement of school facilities and equipment, to increasing the number and quality of teaching services and to integrating new schools into the initial project.<\/p>\n<p>In 1988, the Frederic Mistral school integrated the <strong>Aven\u00e7 school<\/strong> in Sant Cugat del Vall\u00e8s. In 1994, the <strong>Fundaci\u00f3 Collserola<\/strong> was set up, to which the ownership of the two schools was transferred, as well as ownership of the land, buildings, facilities and equipment that formed part of the <strong>Country House Les Vinyes de Vilamar\u00ed<\/strong> where the Fundaci\u00f3 Collserola schools have their year and summer camps.<\/p>\n<p>In 1995, the<strong> Institut T\u00e8cnic Eul\u00e0lia<\/strong> joined the group. The <strong>Frederic Mistral-T\u00e8cnic Eul\u00e0lia school<\/strong> was founded as a result of this integration. The integration of new schools was completed in 1998 with the incorporation of the <strong>Ramon Fuster school<\/strong> in Bellaterra.<\/p>\n\t\n\t\t\t\t\t\t<\/p>\n\t\t\t\t\t<\/div>\n\t\t\t\t\t\t\n\t\t\t\t<\/div>\n\t\t\t<\/div>\n\t\t<\/div>\n\t<\/div>\n\n\n\t<div class=\"grid-container lazy\">\n\t\t<div class=\"text-imatge right\">\n\t\t\t<div class=\"text-imatge-row row\">\n\t\t\t\t<div class=\"col-md-6 text-imatge__imatge\">\n\t\t\t\t\t\t\t\t\t\t<a href=\"\">\n\t\t\t\t\t<img loading=\"lazy\" decoding=\"async\" width=\"1000\" height=\"1000\" src=\"https:\/\/fredericmistral-tecniceulalia.cat\/wp-content\/uploads\/2020\/07\/opt_Fundacio_Collserola-2-1000x1000.jpg\" class=\"attachment-custom-cuadrat size-custom-cuadrat\" alt=\"Fundaci\u00f3 Collserola\" srcset=\"https:\/\/fredericmistral-tecniceulalia.cat\/wp-content\/uploads\/2020\/07\/opt_Fundacio_Collserola-2.jpg 1000w, https:\/\/fredericmistral-tecniceulalia.cat\/wp-content\/uploads\/2020\/07\/opt_Fundacio_Collserola-2-300x300.jpg 300w, https:\/\/fredericmistral-tecniceulalia.cat\/wp-content\/uploads\/2020\/07\/opt_Fundacio_Collserola-2-150x150.jpg 150w, https:\/\/fredericmistral-tecniceulalia.cat\/wp-content\/uploads\/2020\/07\/opt_Fundacio_Collserola-2-768x768.jpg 768w, https:\/\/fredericmistral-tecniceulalia.cat\/wp-content\/uploads\/2020\/07\/opt_Fundacio_Collserola-2-800x800.jpg 800w\" sizes=\"auto, (max-width: 1000px) 100vw, 1000px\" \/>\t\t\t\t\t<\/a>\n\t\t\t\t<\/div>\n\t\t\t\t<div class=\"col-md-6 text-imatge__text\">\n\t\t\t\t\t<span class=\"seccio_bloc\">\n\t\t\t\t\t\t\t\n\t\t\t\t\t<\/span>\n\t\t\t\t\t<h2 class=\"titol_bloc\">\n\t\t\t\t\t\tOur values\t\n\t\t\t\t\t<\/h2>\n\t\t\t\t\t<div class=\"text_bloc\">\n\t\t\t\t\t\t<p>\n\t\t\t\t\t\t\t<p>The main values of the Fundaci\u00f3 and the schools that are part of it are <strong>Catalan identity<\/strong>, <strong>secularism<\/strong>, <strong>pluralism<\/strong>, <strong>critical thinking<\/strong>, <strong>inclusion<\/strong> and <strong>civic awareness<\/strong>. We offer a holistic education and high quality, inclusive personalised teaching. Our goal is to achieve a solid personal and academic education for children and youths.<\/p>\n<p>We work with <strong>passion<\/strong> and <strong>commitment<\/strong>, promoting culture and knowledge, in close collaboration with families and the environment, and with a strong <strong>social conscience<\/strong>.<\/p>\n<p>We want, in a constantly changing world, to create rigorous and high quality learning environments, which help our students to achieve their maximum potential according to their talent and abilities. We aim for our children and young people to become citizens who value knowledge with a <strong>critical spirit<\/strong>, who are <strong>ethically committed<\/strong>, who <strong>respect<\/strong> social and cultural diversity, and who are <strong>competent<\/strong> and capable of responding to complex situations with courage and creativity in order to contribute to the progress and development of society.<\/p>\n\t\n\t\t\t\t\t\t<\/p>\n\t\t\t\t\t<\/div>\n\t\t\t\t\t\t\n\t\t\t\t\t<\/a>\n\t\t\t\t<\/div>\n\t\t\t<\/div>\n\t\t<\/div>\n\t<\/div>\n\n\n\t<div class=\"grid-container lazy\">\n\t\t<div class=\"text-imatge\">\n\t\t\t<div class=\"text-imatge-row row\">\n\t\t\t\t<div class=\"col-md-6 text-imatge__imatge\">\n\t\t\t\t\t\t\t\t\t\t<a href=\"\/en\/fundacio-collserola\/our-partner-foundations\/\">\n\t\t\t\t\t<img loading=\"lazy\" decoding=\"async\" width=\"1000\" height=\"1000\" src=\"https:\/\/fredericmistral-tecniceulalia.cat\/wp-content\/uploads\/2020\/09\/La_fundacio_Collserola_Les_nostres_fundacions_vinculades-1000x1000.jpg\" class=\"attachment-custom-cuadrat size-custom-cuadrat\" alt=\"\" srcset=\"https:\/\/fredericmistral-tecniceulalia.cat\/wp-content\/uploads\/2020\/09\/La_fundacio_Collserola_Les_nostres_fundacions_vinculades-1000x1000.jpg 1000w, https:\/\/fredericmistral-tecniceulalia.cat\/wp-content\/uploads\/2020\/09\/La_fundacio_Collserola_Les_nostres_fundacions_vinculades-300x300.jpg 300w, https:\/\/fredericmistral-tecniceulalia.cat\/wp-content\/uploads\/2020\/09\/La_fundacio_Collserola_Les_nostres_fundacions_vinculades-1024x1024.jpg 1024w, https:\/\/fredericmistral-tecniceulalia.cat\/wp-content\/uploads\/2020\/09\/La_fundacio_Collserola_Les_nostres_fundacions_vinculades-150x150.jpg 150w, https:\/\/fredericmistral-tecniceulalia.cat\/wp-content\/uploads\/2020\/09\/La_fundacio_Collserola_Les_nostres_fundacions_vinculades-768x768.jpg 768w, https:\/\/fredericmistral-tecniceulalia.cat\/wp-content\/uploads\/2020\/09\/La_fundacio_Collserola_Les_nostres_fundacions_vinculades-800x800.jpg 800w, https:\/\/fredericmistral-tecniceulalia.cat\/wp-content\/uploads\/2020\/09\/La_fundacio_Collserola_Les_nostres_fundacions_vinculades-1536x1536.jpg 1536w, https:\/\/fredericmistral-tecniceulalia.cat\/wp-content\/uploads\/2020\/09\/La_fundacio_Collserola_Les_nostres_fundacions_vinculades-2048x2048.jpg 2048w\" sizes=\"auto, (max-width: 1000px) 100vw, 1000px\" \/>\t\t\t\t\t<\/a>\n\t\t\t\t<\/div>\n\t\t\t\t<div class=\"col-md-6 text-imatge__text\">\n\t\t\t\t\t<span class=\"seccio_bloc\">\n\t\t\t\t\t\t\t\n\t\t\t\t\t<\/span>\n\t\t\t\t\t<h2 class=\"titol_bloc\">\n\t\t\t\t\t\tOur partner foundations\t\n\t\t\t\t\t<\/h2>\n\t\t\t\t\t<div class=\"text_bloc\">\n\t\t\t\t\t\t<p>\n\t\t\t\t\t\t\t<p>Over the years, in order to be able to respond more effectively to the different needs of families and the school community, the <strong>Fundaci\u00f3 Cim d&#8217;Estela<\/strong> has been incorporated into the <strong>Collserola group<\/strong>, whose purpose is to provide services for leisure activities and monitoring; the <strong>Fundaci\u00f3 Institut de Psicologia<\/strong>, which is dedicated to providing health services and specialised treatment in the field of psychology, psychiatry, psychopedagogy and speech therapy; the <strong>Fundaci\u00f3 Bellaire<\/strong>, which runs the <strong>Escola Bellaire school<\/strong> of special education and the <strong>Fundaci\u00f3 Els Xiprers<\/strong>, which provides care for adults affected by autism spectrum disorder (ASD).<\/p>\n\t\n\t\t\t\t\t\t<\/p>\n\t\t\t\t\t<\/div>\n\t\t\t\t\t\t\t\t\t\t\t\t<a href=\"\/en\/fundacio-collserola\/our-partner-foundations\/\" class=\"mes_bloc\">\n\t\t\t\t\t\t\t+ info\t\n\t\t\t\t\t\t<\/a>\n\t\t\t\t\t\t\n\t\t\t\t<\/div>\n\t\t\t<\/div>\n\t\t<\/div>\n\t<\/div>\n\n\n\t<div class=\"grid-container lazy\">\n\t\t<div class=\"text-imatge right\">\n\t\t\t<div class=\"text-imatge-row row\">\n\t\t\t\t<div class=\"col-md-6 text-imatge__imatge\">\n\t\t\t\t\t\t\t\t\t\t<a href=\"\/en\/fundacio-collserola\/our-cultural-agreements\/\">\n\t\t\t\t\t<img loading=\"lazy\" decoding=\"async\" width=\"1000\" height=\"1000\" src=\"https:\/\/fredericmistral-tecniceulalia.cat\/wp-content\/uploads\/2020\/07\/opt_01_Fundacio_Collserola-3-1000x1000.jpg\" class=\"attachment-custom-cuadrat size-custom-cuadrat\" alt=\"Fundaci\u00f3 Collserola\" srcset=\"https:\/\/fredericmistral-tecniceulalia.cat\/wp-content\/uploads\/2020\/07\/opt_01_Fundacio_Collserola-3.jpg 1000w, https:\/\/fredericmistral-tecniceulalia.cat\/wp-content\/uploads\/2020\/07\/opt_01_Fundacio_Collserola-3-300x300.jpg 300w, https:\/\/fredericmistral-tecniceulalia.cat\/wp-content\/uploads\/2020\/07\/opt_01_Fundacio_Collserola-3-150x150.jpg 150w, https:\/\/fredericmistral-tecniceulalia.cat\/wp-content\/uploads\/2020\/07\/opt_01_Fundacio_Collserola-3-768x768.jpg 768w, https:\/\/fredericmistral-tecniceulalia.cat\/wp-content\/uploads\/2020\/07\/opt_01_Fundacio_Collserola-3-800x800.jpg 800w\" sizes=\"auto, (max-width: 1000px) 100vw, 1000px\" \/>\t\t\t\t\t<\/a>\n\t\t\t\t<\/div>\n\t\t\t\t<div class=\"col-md-6 text-imatge__text\">\n\t\t\t\t\t<span class=\"seccio_bloc\">\n\t\t\t\t\t\t\t\n\t\t\t\t\t<\/span>\n\t\t\t\t\t<h2 class=\"titol_bloc\">\n\t\t\t\t\t\tOur cultural agreements\t\n\t\t\t\t\t<\/h2>\n\t\t\t\t\t<div class=\"text_bloc\">\n\t\t\t\t\t\t<p>\n\t\t\t\t\t\t\t<p>Art and culture have always been important pillars in the educational orientation of the Fundaci\u00f3 Collserola. We understand art as an excellent educational vehicle to guide students towards adulthood by providing them with their own unique resources. Art is a good tool for reflecting and making value judgements, for enjoying and reacting, in a sensitive way, to beauty, forms, colours and other stimuli and, also, for interpreting the world through artistic practices and creations.<\/p>\n<p>In this sense we have established agreements with different cultural institutions.<\/p>\n\t\n\t\t\t\t\t\t<\/p>\n\t\t\t\t\t<\/div>\n\t\t\t\t\t\t\t\t\t\t\t\t<a href=\"\/en\/fundacio-collserola\/our-cultural-agreements\/\" class=\"mes_bloc\">\n\t\t\t\t\t\t\t+ info\t\n\t\t\t\t\t\t<\/a>\n\t\t\t\t\t\t\n\t\t\t\t\t<\/a>\n\t\t\t\t<\/div>\n\t\t\t<\/div>\n\t\t<\/div>\n\t<\/div>\n\n\n   \t<div id=\"\" class=\"row bg-clar ambits lazy\">\n   \t\t<h2 class=\"entry-title\">Areas<\/h2>\n     \t<div class=\"col-md-2 offset-md-1 offset-xxl-2\">\n       \t<div class=\"ambits-txt\">\n          Discover the<br><strong> 5 unique<\/strong> core ideas that define us       \t<\/div>\n     \t<\/div>\n     \t<div class=\"col-md-9 col-xxl-8\">\n        <ul class=\"ambits-links\">\n        \t<li class=\"ambits-link cultura_valors\"><a href=\"https:\/\/fredericmistral-tecniceulalia.cat\/en\/areas\/culture-and-values\/\">Culture and values<\/a><\/li>\n          <li class=\"ambits-link sostenibilitat\"><a href=\"https:\/\/fredericmistral-tecniceulalia.cat\/en\/areas\/sustainability\/\">Sustainability<\/a><\/li>\n          <li class=\"ambits-link orientacio\"><a href=\"https:\/\/fredericmistral-tecniceulalia.cat\/en\/areas\/personal-and-academic-counselling\/\">Personal and <br>academic orientation<\/a><\/li>\n          <li class=\"ambits-link innovacio\"><a href=\"https:\/\/fredericmistral-tecniceulalia.cat\/en\/areas\/innovation\/\">Innovation<\/a><\/li>\n          <li class=\"ambits-link plurilinguisme\"><a href=\"https:\/\/fredericmistral-tecniceulalia.cat\/en\/areas\/plurilingualism\/\">Plurilingualism<\/a><\/li>\n       \t<\/ul>\n     \t<\/div>\n   \t<\/div>\n\n\t","protected":false},"excerpt":{"rendered":"","protected":false},"author":3,"featured_media":0,"parent":0,"menu_order":0,"comment_status":"closed","ping_status":"closed","template":"","meta":{"_acf_changed":false,"_uag_custom_page_level_css":"","_themeisle_gutenberg_block_has_review":false,"footnotes":""},"class_list":{"0":"post-4032","1":"page","2":"type-page","3":"status-publish","5":"infinite-scroll-item"},"acf":[],"uagb_featured_image_src":{"full":false,"thumbnail":false,"medium":false,"medium_large":false,"large":false,"custom-cuadrat":false,"modul1":false,"post":false,"1536x1536":false,"2048x2048":false},"uagb_author_info":{"display_name":"usuari-admin","author_link":"https:\/\/fredericmistral-tecniceulalia.cat\/en\/author\/usuari-admin\/"},"uagb_comment_info":0,"uagb_excerpt":null,"_links":{"self":[{"href":"https:\/\/fredericmistral-tecniceulalia.cat\/en\/wp-json\/wp\/v2\/pages\/4032","targetHints":{"allow":["GET"]}}],"collection":[{"href":"https:\/\/fredericmistral-tecniceulalia.cat\/en\/wp-json\/wp\/v2\/pages"}],"about":[{"href":"https:\/\/fredericmistral-tecniceulalia.cat\/en\/wp-json\/wp\/v2\/types\/page"}],"author":[{"embeddable":true,"href":"https:\/\/fredericmistral-tecniceulalia.cat\/en\/wp-json\/wp\/v2\/users\/3"}],"replies":[{"embeddable":true,"href":"https:\/\/fredericmistral-tecniceulalia.cat\/en\/wp-json\/wp\/v2\/comments?post=4032"}],"version-history":[{"count":8,"href":"https:\/\/fredericmistral-tecniceulalia.cat\/en\/wp-json\/wp\/v2\/pages\/4032\/revisions"}],"predecessor-version":[{"id":5559,"href":"https:\/\/fredericmistral-tecniceulalia.cat\/en\/wp-json\/wp\/v2\/pages\/4032\/revisions\/5559"}],"wp:attachment":[{"href":"https:\/\/fredericmistral-tecniceulalia.cat\/en\/wp-json\/wp\/v2\/media?parent=4032"}],"curies":[{"name":"wp","href":"https:\/\/api.w.org\/{rel}","templated":true}]}}