{"id":4041,"date":"2020-11-10T12:41:00","date_gmt":"2020-11-10T11:41:00","guid":{"rendered":"https:\/\/fredericmistral-tecniceulalia.cat\/visita-virtual\/"},"modified":"2021-01-14T11:04:38","modified_gmt":"2021-01-14T10:04:38","slug":"virtual-tour","status":"publish","type":"page","link":"https:\/\/fredericmistral-tecniceulalia.cat\/en\/virtual-tour\/","title":{"rendered":"Virtual tour around the school"},"content":{"rendered":"\n<p><\/p>\n\n\n\n<p><\/p>\n\n\n\n<style scoped=\"\">\n   @media (max-width: 768px) {\n     #tour-virtual { \n         height: 350px !important;\n     }\n   }\n<\/style>\n<iframe loading=\"lazy\" id=\"tour-virtual\" width=\"100%\" height=\"600px\" src=\"https:\/\/my.matterport.com\/show\/?m=eUAVioLhao4&amp;qs=1&amp;play=1&amp;ts=2\" frameborder=\"0\" allowfullscreen=\"\" allow=\"xr-spatial-tracking\"><\/iframe>\n\n\n\t<div id=\"textodestacado-block_5f218be1b8f30\" class=\"text-destacat bg-ultra_clar lazy\">\t\t<div class=\"grid-container\">\n\t\t\t<!-- Item -->\n        <div class=\"text-destacat__text\">\n\t\t\t\t\t<h2 class=\"titol_bloc\">\n\t\t\t\t\t\t\t\t\t\t\t<\/h2>\n\t\t\t\t\t<div class=\"text_bloc\">\n\t\t\t\t\t\t<p>We invite you to take a virtual tour so that you can get to know the different classrooms and spaces of the Frederic Mistral-T\u00e8cnic Eul\u00e0lia school.<\/p>\n<p>As you can see, we have two campuses, <strong>Tibidabo<\/strong> and <strong>Sarri\u00e1<\/strong>.<br \/>\nIn the Tibidabo building there are 4 classes for each level of Infant Education and 6 classes for each level of Primary Education.<br \/>\nIn the Sarri\u00e1 building, there are 2 classes for each level of Infant Education, 5 classes for each level of Secondary Education and 8 classes for each level of Baccalaureate.<\/p>\n<p>If you would like to know more about the school, click <a href=\"https:\/\/fredericmistral-tecniceulalia.cat\/pre-registration-2021-2022\">here<\/a>.<\/p>\n\t\t\t\t\t<\/div>\n\t\t\t\t<\/div>\n\t\t\t<!-- .\/ Item -->\t\n\t\t<\/div>\n\t<\/div>\n\n\t\n\n\n<div style=\"height:87px\" aria-hidden=\"true\" class=\"wp-block-spacer\"><\/div>\n\n\n\n<h1 class=\"has-text-align-center wp-block-heading\"><strong><strong>Visit our new spaces<\/strong><\/strong><\/h1>\n\n\n\n<div class=\"wp-block-group\"><div class=\"wp-block-group__inner-container is-layout-flow wp-block-group-is-layout-flow\">\t<div id=\"text-block_5f2406c8b71ba\" class=\"text-simple bg-ultra_clar lazy\">    <div class=\"grid-container\">\n      <!-- Item -->\n      <div class=\"text-simple__text\">\n        <h2 class=\"titol_bloc\">\n          Infant Education\t\n        <\/h2>\n      \t<div class=\"text_bloc\">\n        \t<p>The Infant Education spaces at the Frederic Mistral-T\u00e8cnic Eul\u00e0lia school are warm, welcoming, open to the outside, and provide learning opportunities. The classrooms are open to the outside, providing new learning opportunities for the children. We offer Infant Education both in the Tibidabo building (4 classes for each level) and in the Sarri\u00e1 building (2 classes for each level).<\/p>\n      \t<\/div>\n     \t<\/div>\n      <!-- .\/ Item -->\n    <\/div>\n  <\/div>\n\n\t\n\n\n<p style=\"text-align: center;font-size:22px;line-height:35px;margin-top:30px\">Kindergarten Frederic Mistral-T\u00e8cnic Eul\u00e0lia Sarri\u00e0<br>\n<iframe loading=\"lazy\" src=\"https:\/\/my.matterport.com\/show\/?m=sjaGviWLg6c&amp;qs=1&amp;play=1&amp;ts=2\" width=\"465\" height=\"320\" frameborder=\"0\" allowfullscreen=\"allowfullscreen\"><\/iframe><\/p>\n\n\n\n<div class=\"wp-block-columns is-layout-flex wp-container-core-columns-is-layout-9d6595d7 wp-block-columns-is-layout-flex\">\n<div class=\"wp-block-column is-layout-flow wp-block-column-is-layout-flow\" style=\"flex-basis:100%\"><\/div>\n<\/div>\n\n\n\n<div class=\"wp-block-columns is-layout-flex wp-container-core-columns-is-layout-9d6595d7 wp-block-columns-is-layout-flex\">\n<div class=\"wp-block-column is-layout-flow wp-block-column-is-layout-flow\">\t<div iid=\"text-block_5fc8bc053f60c\" class=\"text-simple lazy\">    <div class=\"grid-container\">\n      <!-- Item -->\n      <div class=\"text-simple__text\">\n        <h2 class=\"titol_bloc\">\n          \t\n        <\/h2>\n      \t<div class=\"text_bloc\">\n        \t<p>Infant Education 3 and 4 years Tibidabo<\/p>\n      \t<\/div>\n     \t<\/div>\n      <!-- .\/ Item -->\n    <\/div>\n  <\/div>\n\n\t<\/div>\n\n\n\n<div class=\"wp-block-column is-layout-flow wp-block-column-is-layout-flow\">\t<div iid=\"text-block_5fc8bc053f60d\" class=\"text-simple lazy\">    <div class=\"grid-container\">\n      <!-- Item -->\n      <div class=\"text-simple__text\">\n        <h2 class=\"titol_bloc\">\n          \t\n        <\/h2>\n      \t<div class=\"text_bloc\">\n        \t<p>Infant Education 5 years Tibidabo<\/p>\n      \t<\/div>\n     \t<\/div>\n      <!-- .\/ Item -->\n    <\/div>\n  <\/div>\n\n\t<\/div>\n<\/div>\n<\/div><\/div>\n\n\n\n<div class=\"wp-block-group\"><div class=\"wp-block-group__inner-container is-layout-flow wp-block-group-is-layout-flow\">\n<div class=\"wp-block-group\"><div class=\"wp-block-group__inner-container is-layout-flow wp-block-group-is-layout-flow\">\t<div id=\"text-block_5faa6cdb3fb07\" class=\"text-simple bg-ultra_clar lazy\">    <div class=\"grid-container\">\n      <!-- Item -->\n      <div class=\"text-simple__text\">\n        <h2 class=\"titol_bloc\">\n          Primary Education\t\n        <\/h2>\n      \t<div class=\"text_bloc\">\n        \t<p>In Primary Education, the classrooms and the various indoor and outdoor multipurpose spaces allow us to carry out the different learning activities and make our students active and reflective protagonists.<\/p>\n      \t<\/div>\n     \t<\/div>\n      <!-- .\/ Item -->\n    <\/div>\n  <\/div>\n\n\t\n\n\n<div class=\"wp-block-group\"><div class=\"wp-block-group__inner-container is-layout-flow wp-block-group-is-layout-flow\">\n<div class=\"wp-block-columns is-layout-flex wp-container-core-columns-is-layout-9d6595d7 wp-block-columns-is-layout-flex\">\n<div class=\"wp-block-column is-layout-flow wp-block-column-is-layout-flow\">\t<div iid=\"text-block_5faaa85ce723b\" class=\"text-simple lazy\">    <div class=\"grid-container\">\n      <!-- Item -->\n      <div class=\"text-simple__text\">\n        <h2 class=\"titol_bloc\">\n          \t\n        <\/h2>\n      \t<div class=\"text_bloc\">\n        \t<p>Unique classrooms<\/p>\n      \t<\/div>\n     \t<\/div>\n      <!-- .\/ Item -->\n    <\/div>\n  <\/div>\n\n\t<\/div>\n\n\n\n<div class=\"wp-block-column is-layout-flow wp-block-column-is-layout-flow\">\t<div iid=\"text-block_5faaa888e723c\" class=\"text-simple lazy\">    <div class=\"grid-container\">\n      <!-- Item -->\n      <div class=\"text-simple__text\">\n        <h2 class=\"titol_bloc\">\n          \t\n        <\/h2>\n      \t<div class=\"text_bloc\">\n        \t<p>Entrance<\/p>\n      \t<\/div>\n     \t<\/div>\n      <!-- .\/ Item -->\n    <\/div>\n  <\/div>\n\n\t<\/div>\n<\/div>\n<\/div><\/div>\n<\/div><\/div>\n<\/div><\/div>\n\n\n\n<div class=\"wp-block-columns is-layout-flex wp-container-core-columns-is-layout-9d6595d7 wp-block-columns-is-layout-flex\">\n<div class=\"wp-block-column is-layout-flow wp-block-column-is-layout-flow\"><\/div>\n<\/div>\n\n\n\t<div id=\"text-block_5faa6cfb3fb08\" class=\"text-simple bg-ultra_clar lazy\">    <div class=\"grid-container\">\n      <!-- Item -->\n      <div class=\"text-simple__text\">\n        <h2 class=\"titol_bloc\">\n          Secondary Education\t\n        <\/h2>\n      \t<div class=\"text_bloc\">\n        \t<p>In Secondary Education, different spaces allow students to work on the different subjects from much more interactive materials and diverse methodologies, to participate more actively in their learning process and to develop strategies and transversal competences in order to resolve the challenges they will encounter with greater autonomy.<\/p>\n<p>&nbsp;<\/p>\n      \t<\/div>\n     \t<\/div>\n      <!-- .\/ Item -->\n    <\/div>\n  <\/div>\n\n\t\n\n\n<p style=\"text-align: center;font-size:22px;line-height:35px;margin-top:30px\">Unique classrooms Frederic Mistral-T\u00e8cnic Eul\u00e0lia Sarri\u00e0<br>\n<iframe loading=\"lazy\" width=\"465\" height=\"320\" src=\"https:\/\/my.matterport.com\/show\/?m=CjxwZ1XrJpY&amp;qs=1&amp;play=1&amp;ts=2\" frameborder=\"0\" allowfullscreen=\"\" allow=\"xr-spatial-tracking\"><\/iframe><\/p>\n\n\n\t<div id=\"text-block_5faa6d0c3fb09\" class=\"text-simple bg-ultra_clar lazy\">    <div class=\"grid-container\">\n      <!-- Item -->\n      <div class=\"text-simple__text\">\n        <h2 class=\"titol_bloc\">\n          Baccalaureate\t\n        <\/h2>\n      \t<div class=\"text_bloc\">\n        \t<p>In the Frederic Mistral-T\u00e8cnic Eul\u00e0lia school we offer all the modalities of the Baccalaureate and also, the Bachibac. The different spaces allow us to organize the subjects of the different modalities and the specific ones of the different itineraries.<\/p>\n      \t<\/div>\n     \t<\/div>\n      <!-- .\/ Item -->\n    <\/div>\n  <\/div>\n\n\t\n\n\n<p style=\"text-align: center;font-size:22px;line-height:35px;margin-top:30px\">Lobby Baccalaureate and Art Frederic Mistral-T\u00e8cnic Eul\u00e0lia Sarri\u00e0<br>\n<iframe loading=\"lazy\" width=\"465\" height=\"320\" src=\"https:\/\/my.matterport.com\/show\/?m=ZGerXrhZKfF&amp;qs=1&amp;play=1&amp;ts=2\" frameborder=\"0\" allowfullscreen=\"\" allow=\"xr-spatial-tracking\"><\/iframe><\/p>\n\n\n   \t<div id=\"\" class=\"row bg-clar ambits lazy\">\n   \t\t<h2 class=\"entry-title\">Areas<\/h2>\n     \t<div class=\"col-md-2 offset-md-1 offset-xxl-2\">\n       \t<div class=\"ambits-txt\">\n          Discover the<br><strong> 5 unique<\/strong> core ideas that define us       \t<\/div>\n     \t<\/div>\n     \t<div class=\"col-md-9 col-xxl-8\">\n        <ul class=\"ambits-links\">\n        \t<li class=\"ambits-link cultura_valors\"><a href=\"https:\/\/fredericmistral-tecniceulalia.cat\/en\/areas\/culture-and-values\/\">Culture and values<\/a><\/li>\n          <li class=\"ambits-link sostenibilitat\"><a href=\"https:\/\/fredericmistral-tecniceulalia.cat\/en\/areas\/sustainability\/\">Sustainability<\/a><\/li>\n          <li class=\"ambits-link orientacio\"><a href=\"https:\/\/fredericmistral-tecniceulalia.cat\/en\/areas\/personal-and-academic-counselling\/\">Personal and <br>academic orientation<\/a><\/li>\n          <li class=\"ambits-link innovacio\"><a href=\"https:\/\/fredericmistral-tecniceulalia.cat\/en\/areas\/innovation\/\">Innovation<\/a><\/li>\n          <li class=\"ambits-link plurilinguisme\"><a href=\"https:\/\/fredericmistral-tecniceulalia.cat\/en\/areas\/plurilingualism\/\">Plurilingualism<\/a><\/li>\n       \t<\/ul>\n     \t<\/div>\n   \t<\/div>\n\n\t","protected":false},"excerpt":{"rendered":"<p>Visit our new spaces Kindergarten Frederic Mistral-T\u00e8cnic Eul\u00e0lia Sarri\u00e0 Unique classrooms Frederic Mistral-T\u00e8cnic Eul\u00e0lia Sarri\u00e0 Lobby Baccalaureate and Art Frederic Mistral-T\u00e8cnic Eul\u00e0lia Sarri\u00e0<\/p>\n","protected":false},"author":3,"featured_media":0,"parent":0,"menu_order":0,"comment_status":"closed","ping_status":"closed","template":"","meta":{"_acf_changed":false,"_uag_custom_page_level_css":"","_themeisle_gutenberg_block_has_review":false,"footnotes":""},"class_list":{"0":"post-4041","1":"page","2":"type-page","3":"status-publish","5":"infinite-scroll-item"},"acf":[],"uagb_featured_image_src":{"full":false,"thumbnail":false,"medium":false,"medium_large":false,"large":false,"custom-cuadrat":false,"modul1":false,"post":false,"1536x1536":false,"2048x2048":false},"uagb_author_info":{"display_name":"usuari-admin","author_link":"https:\/\/fredericmistral-tecniceulalia.cat\/en\/author\/usuari-admin\/"},"uagb_comment_info":0,"uagb_excerpt":"Visit our new spaces Kindergarten Frederic Mistral-T\u00e8cnic Eul\u00e0lia Sarri\u00e0 Unique classrooms Frederic Mistral-T\u00e8cnic Eul\u00e0lia Sarri\u00e0 Lobby Baccalaureate and Art Frederic Mistral-T\u00e8cnic Eul\u00e0lia Sarri\u00e0","_links":{"self":[{"href":"https:\/\/fredericmistral-tecniceulalia.cat\/en\/wp-json\/wp\/v2\/pages\/4041","targetHints":{"allow":["GET"]}}],"collection":[{"href":"https:\/\/fredericmistral-tecniceulalia.cat\/en\/wp-json\/wp\/v2\/pages"}],"about":[{"href":"https:\/\/fredericmistral-tecniceulalia.cat\/en\/wp-json\/wp\/v2\/types\/page"}],"author":[{"embeddable":true,"href":"https:\/\/fredericmistral-tecniceulalia.cat\/en\/wp-json\/wp\/v2\/users\/3"}],"replies":[{"embeddable":true,"href":"https:\/\/fredericmistral-tecniceulalia.cat\/en\/wp-json\/wp\/v2\/comments?post=4041"}],"version-history":[{"count":11,"href":"https:\/\/fredericmistral-tecniceulalia.cat\/en\/wp-json\/wp\/v2\/pages\/4041\/revisions"}],"predecessor-version":[{"id":4406,"href":"https:\/\/fredericmistral-tecniceulalia.cat\/en\/wp-json\/wp\/v2\/pages\/4041\/revisions\/4406"}],"wp:attachment":[{"href":"https:\/\/fredericmistral-tecniceulalia.cat\/en\/wp-json\/wp\/v2\/media?parent=4041"}],"curies":[{"name":"wp","href":"https:\/\/api.w.org\/{rel}","templated":true}]}}