{"id":5398,"date":"2020-07-14T12:59:56","date_gmt":"2020-07-14T12:59:56","guid":{"rendered":"https:\/\/fredericmistral-tecniceulalia.cat\/the-school\/mobilitat\/"},"modified":"2021-02-18T16:06:10","modified_gmt":"2021-02-18T15:06:10","slug":"mobility","status":"publish","type":"page","link":"https:\/\/fredericmistral-tecniceulalia.cat\/en\/the-school\/mobility\/","title":{"rendered":"Mobility"},"content":{"rendered":"\n\t<div id=\"cabecerainterior-block_5f0dac1fc127f\" class=\"cabecerainterior lazy\">\n\t\t<div class=\"cabint-image\">\n\t\t\t<img decoding=\"async\" src=\"https:\/\/fredericmistral-tecniceulalia.cat\/wp-content\/uploads\/2020\/09\/Escola_Mobilitat.jpg\" alt=\"\">\n\t\t<\/div>\n\t\t<div class=\"cabint-info\">\n\t\t\t<h1 class=\"cabint-info__titol\">\n\t\t\t\tMobility\t\t\t<\/h1>\n\t\t<\/div>\n\t<\/div>\n\n\t\n\n\n\t<div id=\"tornarenrera-block_5f3595901aaed\" class=\"back lazy\">\n\t\t<a href=\"\/en\/the-school\/\" class=\"goback\">\n\t\t\t<img decoding=\"async\" src=\"\/wp-content\/uploads\/2020\/08\/arrow_goback.png\" alt=\"Tornar enrere\" title=\"Tornar enrere\"\/>\n\t\t<\/a>\n\t<\/div>\n\n\t\n\n\t<div iid=\"textodestacado-block_5f0daaf2f8d2e\" class=\"text-destacat lazy\">\t\t<div class=\"grid-container\">\n\t\t\t<!-- Item -->\n        <div class=\"text-destacat__text\">\n\t\t\t\t\t<h2 class=\"titol_bloc\">\n\t\t\t\t\t\tVaig a escola! CARD: the card to go to school by yourself!\t\t\t\t\t<\/h2>\n\t\t\t\t\t<div class=\"text_bloc\">\n\t\t\t\t\t\t<p>The school Frederic Mistral- T\u00e8cnic Eul\u00e0lia has created the system <strong>Vaig a escola! CARD<\/strong> to promote student autonomy and sustainable mobility when coming to school.<\/p>\n<p><img loading=\"lazy\" decoding=\"async\" class=\" wp-image-1244\" src=\"http:\/\/fredericmistral-tecniceulalia.cat\/wp-content\/uploads\/2020\/07\/ok_web_FMTE_mobilitat_1-300x188.jpg\" alt=\"Vaig a escola! CARD\" width=\"436\" height=\"273\" srcset=\"https:\/\/fredericmistral-tecniceulalia.cat\/wp-content\/uploads\/2020\/07\/ok_web_FMTE_mobilitat_1-300x188.jpg 300w, https:\/\/fredericmistral-tecniceulalia.cat\/wp-content\/uploads\/2020\/07\/ok_web_FMTE_mobilitat_1-1024x643.jpg 1024w, https:\/\/fredericmistral-tecniceulalia.cat\/wp-content\/uploads\/2020\/07\/ok_web_FMTE_mobilitat_1-768x482.jpg 768w, https:\/\/fredericmistral-tecniceulalia.cat\/wp-content\/uploads\/2020\/07\/ok_web_FMTE_mobilitat_1.jpg 1500w\" sizes=\"auto, (max-width: 436px) 100vw, 436px\" \/><\/p>\n\t\t\t\t\t<\/div>\n\t\t\t\t<\/div>\n\t\t\t<!-- .\/ Item -->\t\n\t\t<\/div>\n\t<\/div>\n\n\t\n\n\t<div id=\"text-block_5f0dab42f8d2f\" class=\"text-simple bg-ultra_clar lazy\">    <div class=\"grid-container\">\n      <!-- Item -->\n      <div class=\"text-simple__text\">\n        <h2 class=\"titol_bloc\">\n          \t\n        <\/h2>\n      \t<div class=\"text_bloc\">\n        \t<p>This is a nominal card designed for students from 3rd to 6th grade of Primary Education. The card contains a chip which, when it is swiped through the reader inside the school, automatically generates an e-mail that it is sent to families informing them of their children&#8217;s arrival at school.<\/p>\n<p>It also aims to promote public transport in an area of Barcelona with the largest concentration of educational centres.<\/p>\n      \t<\/div>\n     \t<\/div>\n      <!-- .\/ Item -->\n    <\/div>\n  <\/div>\n\n\t\n\n<div iid=\"accordion-block_5f0dab59f8d30\" class=\"accordion lazy\">\t<div class=\"grid-container\">\n\t\t\t\t\t\t\t  <div class=\"accordion__item\">\n\t\t    <button class=\"accordion__toggle\">\n\t\t\t\t\tSchool Transport \t\t    <\/button>\n\t\t    <div class=\"accordion__body\">\n\t\t      <p>\n\t\t      \tThe school transport service picks up and drops off students as close to home as possible. Each bus has a person in charge. The school bus service has 5 morning routes and 7 afternoon routes.<br><br>The school has a shuttle service between the Sarri\u00e0 and Tibidabo buildings (and vice versa). We offer it to Kindergarten and Primary School students who have siblings at each school and, in the case of Primary School, to students who have attended Kindergarten in Sarri\u00e0.<br><br>Check the bus route <a href=\"\/en\/services\/school-transport\/\">here<\/a>.\t\t      <\/p>\n\t\t    <\/div>\n\t\t  <\/div>\n\t\t\t\t\t\t  <div class=\"accordion__item\">\n\t\t    <button class=\"accordion__toggle\">\n\t\t\t\t\tPublic Transport \t\t    <\/button>\n\t\t    <div class=\"accordion__body\">\n\t\t      <p>\n\t\t      \tThe nearest transport connections to the school are:<br><br><strong>Tibidabo Campus<\/strong><br>L7 of FGC (Av. Tibidabo stop)<br>L3 of the underground (Penitents stop)<br>Bus lines H2, H4, V13, V15, V17, V19, 75, 124, 131 and 196<br><br><strong>Sarri\u00e0 Campus<\/strong><br>L6 of FGC (Sarri\u00e0 stop)<br>L12 of FGC (Reina Elisenda stop)<br>LLines H2, H4, V3, 75, 68 and 130 bus lines<br>*FGC (Generalitat of Catalonia railways)\t\t      <\/p>\n\t\t    <\/div>\n\t\t  <\/div>\n\t\t\t\t\t\t  <div class=\"accordion__item\">\n\t\t    <button class=\"accordion__toggle\">\n\t\t\t\t\tParking\t\t    <\/button>\n\t\t    <div class=\"accordion__body\">\n\t\t      <p>\n\t\t      \tThe Frederic Mistral-T\u00e8cnic Eul\u00e0lia school (Tibidabo campus) has a special common-use permit in Pla\u00e7a Comte de Sert that allows school families to leave their cars in the closed area with bollards while they go to bring their children to school or pick them up, or when they have a visit with a tutor.\t\t      <\/p>\n\t\t    <\/div>\n\t\t  <\/div>\n\t\t    <\/div>\n<\/div>\n\n   \t<div id=\"\" class=\"row bg-clar ambits lazy\">\n   \t\t<h2 class=\"entry-title\">Areas<\/h2>\n     \t<div class=\"col-md-2 offset-md-1 offset-xxl-2\">\n       \t<div class=\"ambits-txt\">\n          Discover the<br><strong> 5 unique<\/strong> core ideas that define us       \t<\/div>\n     \t<\/div>\n     \t<div class=\"col-md-9 col-xxl-8\">\n        <ul class=\"ambits-links\">\n        \t<li class=\"ambits-link cultura_valors\"><a href=\"https:\/\/fredericmistral-tecniceulalia.cat\/en\/areas\/culture-and-values\/\">Culture and values<\/a><\/li>\n          <li class=\"ambits-link sostenibilitat\"><a href=\"https:\/\/fredericmistral-tecniceulalia.cat\/en\/areas\/sustainability\/\">Sustainability<\/a><\/li>\n          <li class=\"ambits-link orientacio\"><a href=\"https:\/\/fredericmistral-tecniceulalia.cat\/en\/areas\/personal-and-academic-counselling\/\">Personal and <br>academic orientation<\/a><\/li>\n          <li class=\"ambits-link innovacio\"><a href=\"https:\/\/fredericmistral-tecniceulalia.cat\/en\/areas\/innovation\/\">Innovation<\/a><\/li>\n          <li class=\"ambits-link plurilinguisme\"><a href=\"https:\/\/fredericmistral-tecniceulalia.cat\/en\/areas\/plurilingualism\/\">Plurilingualism<\/a><\/li>\n       \t<\/ul>\n     \t<\/div>\n   \t<\/div>\n\n\t","protected":false},"excerpt":{"rendered":"","protected":false},"author":3,"featured_media":0,"parent":4003,"menu_order":0,"comment_status":"closed","ping_status":"closed","template":"","meta":{"_acf_changed":false,"_uag_custom_page_level_css":"","_themeisle_gutenberg_block_has_review":false,"footnotes":""},"class_list":{"0":"post-5398","1":"page","2":"type-page","3":"status-publish","5":"infinite-scroll-item"},"acf":[],"uagb_featured_image_src":{"full":false,"thumbnail":false,"medium":false,"medium_large":false,"large":false,"custom-cuadrat":false,"modul1":false,"post":false,"1536x1536":false,"2048x2048":false},"uagb_author_info":{"display_name":"usuari-admin","author_link":"https:\/\/fredericmistral-tecniceulalia.cat\/en\/author\/usuari-admin\/"},"uagb_comment_info":0,"uagb_excerpt":null,"_links":{"self":[{"href":"https:\/\/fredericmistral-tecniceulalia.cat\/en\/wp-json\/wp\/v2\/pages\/5398","targetHints":{"allow":["GET"]}}],"collection":[{"href":"https:\/\/fredericmistral-tecniceulalia.cat\/en\/wp-json\/wp\/v2\/pages"}],"about":[{"href":"https:\/\/fredericmistral-tecniceulalia.cat\/en\/wp-json\/wp\/v2\/types\/page"}],"author":[{"embeddable":true,"href":"https:\/\/fredericmistral-tecniceulalia.cat\/en\/wp-json\/wp\/v2\/users\/3"}],"replies":[{"embeddable":true,"href":"https:\/\/fredericmistral-tecniceulalia.cat\/en\/wp-json\/wp\/v2\/comments?post=5398"}],"version-history":[{"count":5,"href":"https:\/\/fredericmistral-tecniceulalia.cat\/en\/wp-json\/wp\/v2\/pages\/5398\/revisions"}],"predecessor-version":[{"id":5564,"href":"https:\/\/fredericmistral-tecniceulalia.cat\/en\/wp-json\/wp\/v2\/pages\/5398\/revisions\/5564"}],"up":[{"embeddable":true,"href":"https:\/\/fredericmistral-tecniceulalia.cat\/en\/wp-json\/wp\/v2\/pages\/4003"}],"wp:attachment":[{"href":"https:\/\/fredericmistral-tecniceulalia.cat\/en\/wp-json\/wp\/v2\/media?parent=5398"}],"curies":[{"name":"wp","href":"https:\/\/api.w.org\/{rel}","templated":true}]}}