{"id":5409,"date":"2020-07-21T16:00:51","date_gmt":"2020-07-21T16:00:51","guid":{"rendered":"https:\/\/fredericmistral-tecniceulalia.cat\/the-school\/historia-escola-fmte\/"},"modified":"2021-02-18T09:17:32","modified_gmt":"2021-02-18T08:17:32","slug":"history-fmte-school","status":"publish","type":"page","link":"https:\/\/fredericmistral-tecniceulalia.cat\/en\/the-school\/history-fmte-school\/","title":{"rendered":"History"},"content":{"rendered":"\n\t<div id=\"cabecerainterior-block_5f1ff50880e25\" class=\"cabecerainterior lazy\">\n\t\t<div class=\"cabint-image\">\n\t\t\t<img decoding=\"async\" src=\"https:\/\/fredericmistral-tecniceulalia.cat\/wp-content\/uploads\/2020\/09\/edifici_SA4-scaled.jpg\" alt=\"\">\n\t\t<\/div>\n\t\t<div class=\"cabint-info\">\n\t\t\t<h1 class=\"cabint-info__titol\">\n\t\t\t\tHistory\t\t\t<\/h1>\n\t\t<\/div>\n\t<\/div>\n\n\t\n\n\n\t<div id=\"tornarenrera-block_5f3507780af53\" class=\"back lazy\">\n\t\t<a href=\"\/en\/the-school\/\" class=\"goback\">\n\t\t\t<img decoding=\"async\" src=\"\/wp-content\/uploads\/2020\/08\/arrow_goback.png\" alt=\"Tornar enrere\" title=\"Tornar enrere\"\/>\n\t\t<\/a>\n\t<\/div>\n\n\t\n\n\t\t<div id=\"slide-block_5f17fefadaa2b\" class=\"timeline\">\n\t\t\t\t\t\t\t\t\t\t\t\n\t\t\t\t<div class=\"slick-container\">\n\t\t\t\t\t<div class=\"timeline-any\">1967<\/div>\t\t\t\t\t\n\t\t\t\t\t<div class=\"timeline-img-wrapper\">\n\t\t\t\t\t\t<div class=\"timeline-img\"><img loading=\"lazy\" decoding=\"async\" width=\"1500\" height=\"945\" src=\"https:\/\/fredericmistral-tecniceulalia.cat\/wp-content\/uploads\/2020\/09\/Historia_1977.jpg\" class=\"attachment-full size-full\" alt=\"\" srcset=\"https:\/\/fredericmistral-tecniceulalia.cat\/wp-content\/uploads\/2020\/09\/Historia_1977.jpg 1500w, https:\/\/fredericmistral-tecniceulalia.cat\/wp-content\/uploads\/2020\/09\/Historia_1977-300x189.jpg 300w, https:\/\/fredericmistral-tecniceulalia.cat\/wp-content\/uploads\/2020\/09\/Historia_1977-1024x645.jpg 1024w, https:\/\/fredericmistral-tecniceulalia.cat\/wp-content\/uploads\/2020\/09\/Historia_1977-768x484.jpg 768w\" sizes=\"auto, (max-width: 1500px) 100vw, 1500px\" \/><\/div>\t\t\t\t\t\t\n\t\t\t\t\t\t\t\n\t\t\t\t\t\t<h3 class=\"timeline-titol\">\n\t\t\t\t\t\t\tThe Frederic Mistral School is founded\t\t\t\t\t\t<\/h3>\n\t\t\t\t\t<\/div>\n\t\t\t\t\t\n\t\t\t\t\t<div class=\"timeline-info\">\n\t\t\t\t\t\t\n\t\t\t\t\t\t<p class=\"timeline-txt\">\n\t\t\t\t\t\t\tA group of families and educators join together legally under the name of Agrupaci\u00f3 Pedag\u00f2gica, S.A., to create a Catalan, secular and plural school, detached from any political, ideological or social organisation. The school, located in Escoles Pies street in Barcelona, soon grew in number of students attracted by the school&#8217;s ideology, pedagogical programmes and methodology.\t\n\t\t\t\t\t\t<\/p>\n\t\t\t\t\t<\/div>\n\t\t\t\t<\/div>\n\t\t\t\t\t\t\t\t\n\t\t\t\t<div class=\"slick-container\">\n\t\t\t\t\t<div class=\"timeline-any\">1977<\/div>\t\t\t\t\t\n\t\t\t\t\t<div class=\"timeline-img-wrapper\">\n\t\t\t\t\t\t<div class=\"timeline-img\"><img loading=\"lazy\" decoding=\"async\" width=\"2000\" height=\"1261\" src=\"https:\/\/fredericmistral-tecniceulalia.cat\/wp-content\/uploads\/2020\/07\/1977-copy.jpg\" class=\"attachment-full size-full\" alt=\"\" srcset=\"https:\/\/fredericmistral-tecniceulalia.cat\/wp-content\/uploads\/2020\/07\/1977-copy.jpg 2000w, https:\/\/fredericmistral-tecniceulalia.cat\/wp-content\/uploads\/2020\/07\/1977-copy-300x189.jpg 300w, https:\/\/fredericmistral-tecniceulalia.cat\/wp-content\/uploads\/2020\/07\/1977-copy-1024x646.jpg 1024w, https:\/\/fredericmistral-tecniceulalia.cat\/wp-content\/uploads\/2020\/07\/1977-copy-768x484.jpg 768w, https:\/\/fredericmistral-tecniceulalia.cat\/wp-content\/uploads\/2020\/07\/1977-copy-1536x968.jpg 1536w\" sizes=\"auto, (max-width: 2000px) 100vw, 2000px\" \/><\/div>\t\t\t\t\t\t\n\t\t\t\t\t\t\t\n\t\t\t\t\t\t<h3 class=\"timeline-titol\">\n\t\t\t\t\t\t\tInauguration of the new building in Llu\u00eds Muntadas street\t\t\t\t\t\t<\/h3>\n\t\t\t\t\t<\/div>\n\t\t\t\t\t\n\t\t\t\t\t<div class=\"timeline-info\">\n\t\t\t\t\t\t\n\t\t\t\t\t\t<p class=\"timeline-txt\">\n\t\t\t\t\t\t\tThe profit motive is excluded as an objective and the economic results are dedicated, year after year, to the improvement of the facilities and equipment, and also to the quality of the pedagogical services and the integration of new schools to the initial project.\t\n\t\t\t\t\t\t<\/p>\n\t\t\t\t\t<\/div>\n\t\t\t\t<\/div>\n\t\t\t\t\t\t\t\t\n\t\t\t\t<div class=\"slick-container\">\n\t\t\t\t\t<div class=\"timeline-any\">1988<\/div>\t\t\t\t\t\n\t\t\t\t\t<div class=\"timeline-img-wrapper\">\n\t\t\t\t\t\t<div class=\"timeline-img\"><img loading=\"lazy\" decoding=\"async\" width=\"2000\" height=\"1261\" src=\"https:\/\/fredericmistral-tecniceulalia.cat\/wp-content\/uploads\/2020\/07\/1988-copy.jpg\" class=\"attachment-full size-full\" alt=\"\" srcset=\"https:\/\/fredericmistral-tecniceulalia.cat\/wp-content\/uploads\/2020\/07\/1988-copy.jpg 2000w, https:\/\/fredericmistral-tecniceulalia.cat\/wp-content\/uploads\/2020\/07\/1988-copy-300x189.jpg 300w, https:\/\/fredericmistral-tecniceulalia.cat\/wp-content\/uploads\/2020\/07\/1988-copy-1024x646.jpg 1024w, https:\/\/fredericmistral-tecniceulalia.cat\/wp-content\/uploads\/2020\/07\/1988-copy-768x484.jpg 768w, https:\/\/fredericmistral-tecniceulalia.cat\/wp-content\/uploads\/2020\/07\/1988-copy-1536x968.jpg 1536w\" sizes=\"auto, (max-width: 2000px) 100vw, 2000px\" \/><\/div>\t\t\t\t\t\t\n\t\t\t\t\t\t\t\n\t\t\t\t\t\t<h3 class=\"timeline-titol\">\n\t\t\t\t\t\t\tThe Aven\u00e7 school joins the Frederic Mistral school.\t\t\t\t\t\t<\/h3>\n\t\t\t\t\t<\/div>\n\t\t\t\t\t\n\t\t\t\t\t<div class=\"timeline-info\">\n\t\t\t\t\t\t\n\t\t\t\t\t\t<p class=\"timeline-txt\">\n\t\t\t\t\t\t\tAlso founded by a group of families and teachers from Sant Cugat del Vall\u00e8s\t\n\t\t\t\t\t\t<\/p>\n\t\t\t\t\t<\/div>\n\t\t\t\t<\/div>\n\t\t\t\t\t\t\t\t\n\t\t\t\t<div class=\"slick-container\">\n\t\t\t\t\t<div class=\"timeline-any\">1994<\/div>\t\t\t\t\t\n\t\t\t\t\t<div class=\"timeline-img-wrapper\">\n\t\t\t\t\t\t<div class=\"timeline-img\"><img loading=\"lazy\" decoding=\"async\" width=\"2000\" height=\"1261\" src=\"https:\/\/fredericmistral-tecniceulalia.cat\/wp-content\/uploads\/2020\/07\/1994-1-copy.jpg\" class=\"attachment-full size-full\" alt=\"\" srcset=\"https:\/\/fredericmistral-tecniceulalia.cat\/wp-content\/uploads\/2020\/07\/1994-1-copy.jpg 2000w, https:\/\/fredericmistral-tecniceulalia.cat\/wp-content\/uploads\/2020\/07\/1994-1-copy-300x189.jpg 300w, https:\/\/fredericmistral-tecniceulalia.cat\/wp-content\/uploads\/2020\/07\/1994-1-copy-1024x646.jpg 1024w, https:\/\/fredericmistral-tecniceulalia.cat\/wp-content\/uploads\/2020\/07\/1994-1-copy-768x484.jpg 768w, https:\/\/fredericmistral-tecniceulalia.cat\/wp-content\/uploads\/2020\/07\/1994-1-copy-1536x968.jpg 1536w\" sizes=\"auto, (max-width: 2000px) 100vw, 2000px\" \/><\/div>\t\t\t\t\t\t\n\t\t\t\t\t\t\t\n\t\t\t\t\t\t<h3 class=\"timeline-titol\">\n\t\t\t\t\t\t\tThe Fundaci\u00f3 Collserola is founded\t\t\t\t\t\t<\/h3>\n\t\t\t\t\t<\/div>\n\t\t\t\t\t\n\t\t\t\t\t<div class=\"timeline-info\">\n\t\t\t\t\t\t\n\t\t\t\t\t\t<p class=\"timeline-txt\">\n\t\t\t\t\t\t\tIt includes the Frederic Mistral and Aven\u00e7 schools. Also, the Country House Les Vinyes de Vilamar\u00ed, located in the municipality of Avi\u00e0, in the Bergued\u00e0 region\t\n\t\t\t\t\t\t<\/p>\n\t\t\t\t\t<\/div>\n\t\t\t\t<\/div>\n\t\t\t\t\t\t\t\t\n\t\t\t\t<div class=\"slick-container\">\n\t\t\t\t\t<div class=\"timeline-any\">1995<\/div>\t\t\t\t\t\n\t\t\t\t\t<div class=\"timeline-img-wrapper\">\n\t\t\t\t\t\t<div class=\"timeline-img\"><img loading=\"lazy\" decoding=\"async\" width=\"2000\" height=\"1261\" src=\"https:\/\/fredericmistral-tecniceulalia.cat\/wp-content\/uploads\/2020\/07\/1995-2-copy.jpg\" class=\"attachment-full size-full\" alt=\"\" srcset=\"https:\/\/fredericmistral-tecniceulalia.cat\/wp-content\/uploads\/2020\/07\/1995-2-copy.jpg 2000w, https:\/\/fredericmistral-tecniceulalia.cat\/wp-content\/uploads\/2020\/07\/1995-2-copy-300x189.jpg 300w, https:\/\/fredericmistral-tecniceulalia.cat\/wp-content\/uploads\/2020\/07\/1995-2-copy-1024x646.jpg 1024w, https:\/\/fredericmistral-tecniceulalia.cat\/wp-content\/uploads\/2020\/07\/1995-2-copy-768x484.jpg 768w, https:\/\/fredericmistral-tecniceulalia.cat\/wp-content\/uploads\/2020\/07\/1995-2-copy-1536x968.jpg 1536w\" sizes=\"auto, (max-width: 2000px) 100vw, 2000px\" \/><\/div>\t\t\t\t\t\t\n\t\t\t\t\t\t\t\n\t\t\t\t\t\t<h3 class=\"timeline-titol\">\n\t\t\t\t\t\t\tInstitut T\u00e8cnic Eul\u00e0lia joins the group\t\t\t\t\t\t<\/h3>\n\t\t\t\t\t<\/div>\n\t\t\t\t\t\n\t\t\t\t\t<div class=\"timeline-info\">\n\t\t\t\t\t\t\n\t\t\t\t\t\t<p class=\"timeline-txt\">\n\t\t\t\t\t\t\tThis was the origin of the Frederic Mistral-T\u00e8cnic Eul\u00e0lia school, which was completed in 1998 with the incorporation of the Ramon Fuster school project in Bellaterra\t\n\t\t\t\t\t\t<\/p>\n\t\t\t\t\t<\/div>\n\t\t\t\t<\/div>\n\t\t\t\t\t\t\t\t\n\t\t\t\t<div class=\"slick-container\">\n\t\t\t\t\t<div class=\"timeline-any\">Currently<\/div>\t\t\t\t\t\n\t\t\t\t\t<div class=\"timeline-img-wrapper\">\n\t\t\t\t\t\t<div class=\"timeline-img\"><img loading=\"lazy\" decoding=\"async\" width=\"2000\" height=\"1261\" src=\"https:\/\/fredericmistral-tecniceulalia.cat\/wp-content\/uploads\/2020\/07\/actualitat-2-copy.jpg\" class=\"attachment-full size-full\" alt=\"\" srcset=\"https:\/\/fredericmistral-tecniceulalia.cat\/wp-content\/uploads\/2020\/07\/actualitat-2-copy.jpg 2000w, https:\/\/fredericmistral-tecniceulalia.cat\/wp-content\/uploads\/2020\/07\/actualitat-2-copy-300x189.jpg 300w, https:\/\/fredericmistral-tecniceulalia.cat\/wp-content\/uploads\/2020\/07\/actualitat-2-copy-1024x646.jpg 1024w, https:\/\/fredericmistral-tecniceulalia.cat\/wp-content\/uploads\/2020\/07\/actualitat-2-copy-768x484.jpg 768w, https:\/\/fredericmistral-tecniceulalia.cat\/wp-content\/uploads\/2020\/07\/actualitat-2-copy-1536x968.jpg 1536w\" sizes=\"auto, (max-width: 2000px) 100vw, 2000px\" \/><\/div>\t\t\t\t\t\t\n\t\t\t\t\t\t\t\n\t\t\t\t\t\t<h3 class=\"timeline-titol\">\n\t\t\t\t\t\t\tNews\t\t\t\t\t\t<\/h3>\n\t\t\t\t\t<\/div>\n\t\t\t\t\t\n\t\t\t\t\t<div class=\"timeline-info\">\n\t\t\t\t\t\t\n\t\t\t\t\t\t<p class=\"timeline-txt\">\n\t\t\t\t\t\t\tToday the Frederic Mistral-T\u00e8cnic Eul\u00e0lia school has about 2500 pupils, distributed in 6 lines of Infant and Primary, 5 of Obligatory Secondary and 8 of Baccalaureate. The Baccalaureate stage is joined by students from the Aven\u00e7 and Ramon Fuster schools\t\n\t\t\t\t\t\t<\/p>\n\t\t\t\t\t<\/div>\n\t\t\t\t<\/div>\n\t\t\t\t\t    \t\t\t<\/div>\n\t\t","protected":false},"excerpt":{"rendered":"","protected":false},"author":3,"featured_media":0,"parent":4003,"menu_order":0,"comment_status":"closed","ping_status":"closed","template":"","meta":{"_acf_changed":false,"_uag_custom_page_level_css":"","_themeisle_gutenberg_block_has_review":false,"footnotes":""},"class_list":{"0":"post-5409","1":"page","2":"type-page","3":"status-publish","5":"infinite-scroll-item"},"acf":[],"uagb_featured_image_src":{"full":false,"thumbnail":false,"medium":false,"medium_large":false,"large":false,"custom-cuadrat":false,"modul1":false,"post":false,"1536x1536":false,"2048x2048":false},"uagb_author_info":{"display_name":"usuari-admin","author_link":"https:\/\/fredericmistral-tecniceulalia.cat\/en\/author\/usuari-admin\/"},"uagb_comment_info":0,"uagb_excerpt":null,"_links":{"self":[{"href":"https:\/\/fredericmistral-tecniceulalia.cat\/en\/wp-json\/wp\/v2\/pages\/5409","targetHints":{"allow":["GET"]}}],"collection":[{"href":"https:\/\/fredericmistral-tecniceulalia.cat\/en\/wp-json\/wp\/v2\/pages"}],"about":[{"href":"https:\/\/fredericmistral-tecniceulalia.cat\/en\/wp-json\/wp\/v2\/types\/page"}],"author":[{"embeddable":true,"href":"https:\/\/fredericmistral-tecniceulalia.cat\/en\/wp-json\/wp\/v2\/users\/3"}],"replies":[{"embeddable":true,"href":"https:\/\/fredericmistral-tecniceulalia.cat\/en\/wp-json\/wp\/v2\/comments?post=5409"}],"version-history":[{"count":3,"href":"https:\/\/fredericmistral-tecniceulalia.cat\/en\/wp-json\/wp\/v2\/pages\/5409\/revisions"}],"predecessor-version":[{"id":5414,"href":"https:\/\/fredericmistral-tecniceulalia.cat\/en\/wp-json\/wp\/v2\/pages\/5409\/revisions\/5414"}],"up":[{"embeddable":true,"href":"https:\/\/fredericmistral-tecniceulalia.cat\/en\/wp-json\/wp\/v2\/pages\/4003"}],"wp:attachment":[{"href":"https:\/\/fredericmistral-tecniceulalia.cat\/en\/wp-json\/wp\/v2\/media?parent=5409"}],"curies":[{"name":"wp","href":"https:\/\/api.w.org\/{rel}","templated":true}]}}