{"id":5608,"date":"2020-07-14T07:41:31","date_gmt":"2020-07-14T07:41:31","guid":{"rendered":"https:\/\/fredericmistral-tecniceulalia.cat\/politica-de-privacitat\/"},"modified":"2021-02-19T15:25:13","modified_gmt":"2021-02-19T14:25:13","slug":"privacy-policy","status":"publish","type":"page","link":"https:\/\/fredericmistral-tecniceulalia.cat\/en\/privacy-policy\/","title":{"rendered":"Pol\u00edtica de Privacitat"},"content":{"rendered":"\n<h3 class=\"has-text-color wp-block-heading\" style=\"color:#e1251b\"><strong>1. Pol\u00edtica de privacitat<\/strong><\/h3>\n\n\n\n<p><br>La FUNDACI\u00d3 COLLSEROLA us informa, com a usuaris i usu\u00e0ries del lloc web, sobre la nostra pol\u00edtica respecte del tractament i protecci\u00f3 de les dades de car\u00e0cter personal dels usuaris i usu\u00e0ries que podem recollir durant la navegaci\u00f3 o sol\u00b7licitud d&#8217;informaci\u00f3 a trav\u00e9s d&#8217;aquest lloc, aix\u00ed com de les dades personals de qu\u00e8 disposa la FUNDACI\u00d3 COLLSEROLA obtingudes per qualsevol altre mitj\u00e0 o motiu. En aquest sentit, la FUNDACI\u00d3 COLLSEROLA garanteix el compliment de la normativa vigent en mat\u00e8ria de protecci\u00f3 de dades personals, reflectida en el Reglament General de Protecci\u00f3 de Dades (UE) 2016\/679 i la Llei Org\u00e0nica 3\/2018 de Protecci\u00f3 de Dades i Garanties de Drets Digitals 8i manifesta el seu comprom\u00eds amb la confidencialitat i seguretat de les dades.<\/p>\n\n\n\n<p><strong>RESPONSABLE DEL TRACTAMENT:<\/strong><br>FUNDACI\u00d3 COLLSEROLA<br>Passeig Sant Gervasi, 83-85 . 08022<br>Barcelona<br>Telf 93 417 53 73<br>Delegat de Protecci\u00f3 de Dades:&nbsp;<a href=\"mailto:dpo@fundaciocollserola.cat\">dpo@fundaciocollserola.cat<\/a><\/p>\n\n\n\n<h3 class=\"has-text-color wp-block-heading\" style=\"color:#e1251b\"><strong>2. <strong>Recollida, finalitat i tractament de dades<\/strong><\/strong><\/h3>\n\n\n\n<p>La FUNDACI\u00d3 COLLSEROLA t\u00e9 el deure d&#8217;informar-vos, com a usuaris\/usu\u00e0ries del lloc web, sobre la recollida de dades de car\u00e0cter personal que es poden dur a terme, b\u00e9 sigui mitjan\u00e7ant l&#8217;enviament d&#8217;un correu electr\u00f2nic o en emplenar els formularis inclosos en el lloc web. En aquest sentit, la FUNDACI\u00d3 COLLSEROLA ser\u00e0 considerada com a Responsable del tractament de les dades recollides mitjan\u00e7ant els mitjans descrits anteriorment.<\/p>\n\n\n\n<p>La inscripci\u00f3 a determinades activitats a trav\u00e9s de la p\u00e0gina web de la FUNDACI\u00d3 COLLSEROLA pot enlla\u00e7ar directament amb el web de l\u2019empresa que prestar\u00e0 el servei; per exemple, les activitats extraescolars de la FUNDACI\u00d3 CIM D\u2019ESTELA. Tamb\u00e9 hi ha altres activitats que es realitzen amb entitats amb les quals tenim conveni de col\u00b7laboraci\u00f3, degudament firmat i amb les garanties de la normativa de protecci\u00f3 de dades, la qual cosa comportar\u00e0 que la informaci\u00f3 d\u2019inscripci\u00f3 que faciliteu els sigui comunicada.<\/p>\n\n\n\n<p>Al mateix temps, la FUNDACI\u00d3 COLLSEROLA us informa que la finalitat del tractament de les dades recollides contempla: l&#8217;atenci\u00f3 de sol\u00b7licituds realitzades pels usuaris i usu\u00e0ries, la inclusi\u00f3 en l&#8217;agenda de contactes, la prestaci\u00f3 de serveis i l&#8217;enviament d&#8217;informacions que s&#8217;assimilin a la informaci\u00f3 sol\u00b7licitada.<\/p>\n\n\n\n<p>Les vostres dades seran degudament conservades i protegides contra p\u00e8rdua o alteraci\u00f3 de la d&#8217;informaci\u00f3 i accessos no autoritzats mentre es mantingui la nostra relaci\u00f3 i el temps necessari per a la prescripci\u00f3 de responsabilitats quan la relaci\u00f3 hagi acabat, llevat que ens indiqueu el contrari i sempre que la normativa vigent permeti la supressi\u00f3 de les dades.<\/p>\n\n\n\n<h3 class=\"has-text-color wp-block-heading\" style=\"color:#e1251b\"><strong><strong>3. Comunicaci\u00f3 d\u2019informaci\u00f3 a tercers<\/strong><\/strong><\/h3>\n\n\n\n<p>La FUNDACI\u00d3 COLLSEROLA us informa que les vostres dades personals no seran cedides ni comunicades a terceres organitzacions, amb l&#8217;excepci\u00f3 que la cessi\u00f3 de dades estigui emparada en una obligaci\u00f3 legal o quan la prestaci\u00f3 d&#8217;un servei impliqui la necessitat d&#8217;una relaci\u00f3 contractual amb un encarregat de tractament el qual haur\u00e0 estat degudament contractat amb totes les garanties que estableix el Reglament General (UE) 2016\/679.<\/p>\n\n\n\n<h3 class=\"has-text-color wp-block-heading\" style=\"color:#e1251b\"><strong><strong><strong>4. Drets dels usuaris i usu\u00e0ries<\/strong><\/strong><\/strong><\/h3>\n\n\n\n<p>El Reglament General de Protecci\u00f3 de Dades de Car\u00e0cter Personal (UE) 2016\/679, concedeix a les persones interessades la possibilitat d&#8217;exercir una s\u00e8rie de drets relacionats amb el tractament de les seves dades personals.<\/p>\n\n\n\n<p>En la mesura que les dades de l&#8217;usuari i usu\u00e0ria s\u00f3n objecte de tractament o s\u00f3n conservades per part de la FUNDACI\u00d3 COLLSEROLA, podeu exercir els vostres drets d&#8217;acc\u00e9s, rectificaci\u00f3, supressi\u00f3 i oposici\u00f3 d&#8217;acord amb el que preveu la normativa legal vigent en mat\u00e8ria de protecci\u00f3 de dades personals.<\/p>\n\n\n\n<p>Per fer \u00fas de l&#8217;exercici d&#8217;aquests drets, haureu de dirigir-vos al Delegat de Protecci\u00f3 de Dades mitjan\u00e7ant comunicaci\u00f3 escrita a la seg\u00fcent adre\u00e7a: FUNDACI\u00d3 COLLSEROLA, Passeig Sant Gervasi, 83-85 . 08022, Barcelona , o enviant un correu electr\u00f2nic a: dpo@fundaciocollserola.cat, aportant fotoc\u00f2pia de la documentaci\u00f3 que acrediti la vostra identitat (DNI o passaport) em ambd\u00f3s casos.<\/p>\n\n\n\n<p>Aquesta comunicaci\u00f3 haur\u00e0 de reflectir la seg\u00fcent informaci\u00f3: Nom i cognoms de l&#8217;usuari\/usu\u00e0ria, el domicili i les dades acreditatives i la petici\u00f3 de sol\u00b7licitud del dret que desitgi exercir.<\/p>\n\n\n\n<p>L&#8217;exercici de drets l\u2019haureu de realitzar l\u2019usuari\/usu\u00e0ria, el vostre hereu o una persona autoritzada com a representant legal de l&#8217;autoritzat. En aquest cas, s&#8217;haur\u00e0 d&#8217;aportar la documentaci\u00f3 que acrediti aquesta representaci\u00f3 de l&#8217;interessat\/ada, acceptaci\u00f3 de l&#8217;her\u00e8ncia o poders.<\/p>\n\n\n\n<p>Tamb\u00e9 us informem que podeu presentar una reclamaci\u00f3 davant l&#8217;Ag\u00e8ncia Espanyola de Protecci\u00f3 de Dades si considereu que els vostres drets han estat vulnerats.<\/p>\n","protected":false},"excerpt":{"rendered":"<p>1. Pol\u00edtica de privacitat La FUNDACI\u00d3 COLLSEROLA us informa, com a usuaris i usu\u00e0ries del lloc web, sobre la nostra pol\u00edtica respecte del tractament i protecci\u00f3 de les dades de &#8230; <a title=\"Pol\u00edtica de Privacitat\" class=\"read-more\" href=\"https:\/\/fredericmistral-tecniceulalia.cat\/en\/privacy-policy\/\" aria-label=\"Read more about Pol\u00edtica de Privacitat\">Llegir m\u00e9s<\/a><\/p>\n","protected":false},"author":3,"featured_media":0,"parent":0,"menu_order":0,"comment_status":"closed","ping_status":"closed","template":"","meta":{"_acf_changed":false,"_uag_custom_page_level_css":"","_themeisle_gutenberg_block_has_review":false,"footnotes":""},"class_list":{"0":"post-5608","1":"page","2":"type-page","3":"status-publish","5":"infinite-scroll-item"},"acf":[],"uagb_featured_image_src":{"full":false,"thumbnail":false,"medium":false,"medium_large":false,"large":false,"custom-cuadrat":false,"modul1":false,"post":false,"1536x1536":false,"2048x2048":false},"uagb_author_info":{"display_name":"usuari-admin","author_link":"https:\/\/fredericmistral-tecniceulalia.cat\/en\/author\/usuari-admin\/"},"uagb_comment_info":0,"uagb_excerpt":"1. Pol\u00edtica de privacitat La FUNDACI\u00d3 COLLSEROLA us informa, com a usuaris i usu\u00e0ries del lloc web, sobre la nostra pol\u00edtica respecte del tractament i protecci\u00f3 de les dades de ... Llegir m\u00e9s","_links":{"self":[{"href":"https:\/\/fredericmistral-tecniceulalia.cat\/en\/wp-json\/wp\/v2\/pages\/5608","targetHints":{"allow":["GET"]}}],"collection":[{"href":"https:\/\/fredericmistral-tecniceulalia.cat\/en\/wp-json\/wp\/v2\/pages"}],"about":[{"href":"https:\/\/fredericmistral-tecniceulalia.cat\/en\/wp-json\/wp\/v2\/types\/page"}],"author":[{"embeddable":true,"href":"https:\/\/fredericmistral-tecniceulalia.cat\/en\/wp-json\/wp\/v2\/users\/3"}],"replies":[{"embeddable":true,"href":"https:\/\/fredericmistral-tecniceulalia.cat\/en\/wp-json\/wp\/v2\/comments?post=5608"}],"version-history":[{"count":1,"href":"https:\/\/fredericmistral-tecniceulalia.cat\/en\/wp-json\/wp\/v2\/pages\/5608\/revisions"}],"predecessor-version":[{"id":5611,"href":"https:\/\/fredericmistral-tecniceulalia.cat\/en\/wp-json\/wp\/v2\/pages\/5608\/revisions\/5611"}],"wp:attachment":[{"href":"https:\/\/fredericmistral-tecniceulalia.cat\/en\/wp-json\/wp\/v2\/media?parent=5608"}],"curies":[{"name":"wp","href":"https:\/\/api.w.org\/{rel}","templated":true}]}}