{"id":3906,"date":"2020-06-03T08:36:51","date_gmt":"2020-06-03T08:36:51","guid":{"rendered":"https:\/\/fredericmistral-tecniceulalia.cat\/oferta-educativa\/"},"modified":"2021-02-17T16:58:57","modified_gmt":"2021-02-17T15:58:57","slug":"oferta-educativa","status":"publish","type":"page","link":"https:\/\/fredericmistral-tecniceulalia.cat\/es\/oferta-educativa\/","title":{"rendered":"Oferta educativa"},"content":{"rendered":"\n\t<div id=\"cabecerainterior-block_5ed75ecb28017\" class=\"cabecerainterior lazy\">\n\t\t<div class=\"cabint-image\">\n\t\t\t<img decoding=\"async\" src=\"https:\/\/fredericmistral-tecniceulalia.cat\/wp-content\/uploads\/2020\/07\/ok_Batxillerat-1.jpg\" alt=\"Oferta educativa\">\n\t\t<\/div>\n\t\t<div class=\"cabint-info\">\n\t\t\t<h1 class=\"cabint-info__titol\">\n\t\t\t\tOferta educativa\t\t\t<\/h1>\n\t\t<\/div>\n\t<\/div>\n\n\t\n\n\t<div id=\"textodestacado-block_5f0ee3d7e7aa4\" class=\"text-destacat bg-ultra_clar lazy\">\t\t<div class=\"grid-container\">\n\t\t\t<!-- Item -->\n        <div class=\"text-destacat__text\">\n\t\t\t\t\t<h2 class=\"titol_bloc\">\n\t\t\t\t\t\t<strong>Un viaje que dura 15 a\u00f1os<\/strong>\t\t\t\t\t<\/h2>\n\t\t\t\t\t<div class=\"text_bloc\">\n\t\t\t\t\t\t<p>De P3 a 2\u00ba de Bachillerato, los y las protagonistas principales de nuestra actividad docente son nuestros alumnos y alumnas. Con ellos y ellas, hacemos un <strong>viaje compartido<\/strong> que dura 15 a\u00f1os en la mayor\u00eda de los casos. A lo largo de este camino, familias, profesorado y equipo no docente los vemos <strong>crecer y cambiar<\/strong> y los ayudamos a <strong>construir su vida<\/strong> y su <strong>criterio y visi\u00f3n<\/strong> del mundo.<\/p>\n\t\t\t\t\t<\/div>\n\t\t\t\t<\/div>\n\t\t\t<!-- .\/ Item -->\t\n\t\t<\/div>\n\t<\/div>\n\n\t\n\n    <div class=\"columnes_wrapper columnes-3 lazy\">\n      <div class=\"grid-container\">\n        <div class=\"seccio_bloc\"><\/div>\n        <div class=\"row\">\n                              <!-- Item 3 columnes -->\n          <div class=\"col-md-4\">\n            <div class=\"columna-item\">\n              <a href=\"\/es\/oferta-educativa\/educacion-infantil\/\" class=\"columna-item__imatge\">\n                <img loading=\"lazy\" decoding=\"async\" width=\"1000\" height=\"1000\" src=\"https:\/\/fredericmistral-tecniceulalia.cat\/wp-content\/uploads\/2020\/07\/opt_Educacio_Inicial-1-1.jpg\" class=\"attachment-full size-full\" alt=\"Educaci\u00f3 infantil\" srcset=\"https:\/\/fredericmistral-tecniceulalia.cat\/wp-content\/uploads\/2020\/07\/opt_Educacio_Inicial-1-1.jpg 1000w, https:\/\/fredericmistral-tecniceulalia.cat\/wp-content\/uploads\/2020\/07\/opt_Educacio_Inicial-1-1-300x300.jpg 300w, https:\/\/fredericmistral-tecniceulalia.cat\/wp-content\/uploads\/2020\/07\/opt_Educacio_Inicial-1-1-150x150.jpg 150w, https:\/\/fredericmistral-tecniceulalia.cat\/wp-content\/uploads\/2020\/07\/opt_Educacio_Inicial-1-1-768x768.jpg 768w, https:\/\/fredericmistral-tecniceulalia.cat\/wp-content\/uploads\/2020\/07\/opt_Educacio_Inicial-1-1-800x800.jpg 800w\" sizes=\"auto, (max-width: 1000px) 100vw, 1000px\" \/>              <\/a>\n              <h2 class=\"columna-item__titol\">\n                Educaci\u00f3n Infantil              <\/h2>\n              <div class=\"columna-item__text\">\n                <p>La etapa de Educaci\u00f3n Infantil es el inicio y la base sobre la cual se forjan los distintos aprendizajes.<\/p>\n<p>La Educaci\u00f3n Infantil ha de favorecer el desarrollo de las capacidades de los ni\u00f1os y ni\u00f1as para permitirles crecer integralmente como personas y con unos aprendizajes continuados y progresivos.<\/p>\n<p>El Proyecto Educativo de Educaci\u00f3n Infantil se fundamenta en 8 ejes de aprendizaje (las personas, la comunidad, la convivencia, la inclusi\u00f3n, la autonom\u00eda, la creatividad, la investigaci\u00f3n y el amor por la naturaleza) y 5 l\u00edneas de trabajo (la acci\u00f3n tutorial, los juegos y rutinas, los proyectos globalizados, los espacios de aprendizaje compartidos y el aprendizaje del c\u00f3digo escrito). Los ejes vertebran el proyecto y se sit\u00faan como proceso en el que se basa el aprendizaje global y transversal de los ni\u00f1os y ni\u00f1as.<\/p>\n              <\/div>\n              <a href=\"\/es\/oferta-educativa\/educacion-infantil\/\" class=\"mes_info\">\n                + info              <\/a>\n            <\/div>\n          <\/div>\n          <!-- .\/ Item 3 columnes -->\n                    <!-- Item 3 columnes -->\n          <div class=\"col-md-4\">\n            <div class=\"columna-item\">\n              <a href=\"\/es\/oferta-educativa\/educacion-primaria\/\" class=\"columna-item__imatge\">\n                <img loading=\"lazy\" decoding=\"async\" width=\"1000\" height=\"1000\" src=\"https:\/\/fredericmistral-tecniceulalia.cat\/wp-content\/uploads\/2020\/07\/opt_Educacio_Primaria-1.jpg\" class=\"attachment-full size-full\" alt=\"Educaci\u00f3 Prim\u00e0ria\" srcset=\"https:\/\/fredericmistral-tecniceulalia.cat\/wp-content\/uploads\/2020\/07\/opt_Educacio_Primaria-1.jpg 1000w, https:\/\/fredericmistral-tecniceulalia.cat\/wp-content\/uploads\/2020\/07\/opt_Educacio_Primaria-1-300x300.jpg 300w, https:\/\/fredericmistral-tecniceulalia.cat\/wp-content\/uploads\/2020\/07\/opt_Educacio_Primaria-1-150x150.jpg 150w, https:\/\/fredericmistral-tecniceulalia.cat\/wp-content\/uploads\/2020\/07\/opt_Educacio_Primaria-1-768x768.jpg 768w, https:\/\/fredericmistral-tecniceulalia.cat\/wp-content\/uploads\/2020\/07\/opt_Educacio_Primaria-1-800x800.jpg 800w\" sizes=\"auto, (max-width: 1000px) 100vw, 1000px\" \/>              <\/a>\n              <h2 class=\"columna-item__titol\">\n                Educaci\u00f3n Primaria              <\/h2>\n              <div class=\"columna-item__text\">\n                <p>A lo largo de esta etapa, es dif\u00edcil separar los aspectos cognitivos de los afectivos y de relaci\u00f3n. Los ni\u00f1os y ni\u00f1as, a medida que van creciendo se vuelven cada vez m\u00e1s aut\u00f3nomos. En el contexto rico y diverso de la escuela, los elementos formativos de car\u00e1cter afectivo, psicomotriz, cognitivo y social los ayudan a desarrollarse de manera equilibrada para, cuando sea necesario, incorporarse al mundo de la adolescencia con la autonom\u00eda que corresponde.<\/p>\n              <\/div>\n              <a href=\"\/es\/oferta-educativa\/educacion-primaria\/\" class=\"mes_info\">\n                + info              <\/a>\n            <\/div>\n          <\/div>\n          <!-- .\/ Item 3 columnes -->\n                    <!-- Item 3 columnes -->\n          <div class=\"col-md-4\">\n            <div class=\"columna-item\">\n              <a href=\"\/es\/oferta-educativa\/educacion-secundaria\/\" class=\"columna-item__imatge\">\n                <img loading=\"lazy\" decoding=\"async\" width=\"1000\" height=\"1000\" src=\"https:\/\/fredericmistral-tecniceulalia.cat\/wp-content\/uploads\/2020\/07\/opt_Educacio_Secundaria-1.jpg\" class=\"attachment-full size-full\" alt=\"Educaci\u00f3 Secund\u00e0ria\" srcset=\"https:\/\/fredericmistral-tecniceulalia.cat\/wp-content\/uploads\/2020\/07\/opt_Educacio_Secundaria-1.jpg 1000w, https:\/\/fredericmistral-tecniceulalia.cat\/wp-content\/uploads\/2020\/07\/opt_Educacio_Secundaria-1-300x300.jpg 300w, https:\/\/fredericmistral-tecniceulalia.cat\/wp-content\/uploads\/2020\/07\/opt_Educacio_Secundaria-1-150x150.jpg 150w, https:\/\/fredericmistral-tecniceulalia.cat\/wp-content\/uploads\/2020\/07\/opt_Educacio_Secundaria-1-768x768.jpg 768w, https:\/\/fredericmistral-tecniceulalia.cat\/wp-content\/uploads\/2020\/07\/opt_Educacio_Secundaria-1-800x800.jpg 800w\" sizes=\"auto, (max-width: 1000px) 100vw, 1000px\" \/>              <\/a>\n              <h2 class=\"columna-item__titol\">\n                Educaci\u00f3n Secundaria              <\/h2>\n              <div class=\"columna-item__text\">\n                <p>Es momento de muchos cambios, tanto en cuanto a los modos de trabajar y estudiar como en el proceso evolutivo y madurativo de los chicos y chicas. Iniciamos el proyecto ep@iLogos, que implica una nueva metodolog\u00eda de aprendizaje vinculada a las herramientas y los recursos que proporciona el uso de un dispositivo (un iPad) de manera ordinaria en la tarea educativa. \u00c9ste es un paso importante que marca uno de los cambios de etapa de Primaria a Secundaria.<\/p>\n              <\/div>\n              <a href=\"\/es\/oferta-educativa\/educacion-secundaria\/\" class=\"mes_info\">\n                + info              <\/a>\n            <\/div>\n          <\/div>\n          <!-- .\/ Item 3 columnes -->\n                            <\/div>\n      <\/div>\n    <\/div>\n  \n\n    <div class=\"columnes_wrapper columnes-3 lazy\">\n      <div class=\"grid-container\">\n        <div class=\"seccio_bloc\"><\/div>\n        <div class=\"row\">\n                              <!-- Item 3 columnes -->\n          <div class=\"col-md-4\">\n            <div class=\"columna-item\">\n              <a href=\"\/es\/oferta-educativa\/bachillerato\/\" class=\"columna-item__imatge\">\n                <img loading=\"lazy\" decoding=\"async\" width=\"1000\" height=\"1000\" src=\"https:\/\/fredericmistral-tecniceulalia.cat\/wp-content\/uploads\/2020\/07\/opt_Batxillerat-3.jpg\" class=\"attachment-full size-full\" alt=\"Batxillerat\" srcset=\"https:\/\/fredericmistral-tecniceulalia.cat\/wp-content\/uploads\/2020\/07\/opt_Batxillerat-3.jpg 1000w, https:\/\/fredericmistral-tecniceulalia.cat\/wp-content\/uploads\/2020\/07\/opt_Batxillerat-3-300x300.jpg 300w, https:\/\/fredericmistral-tecniceulalia.cat\/wp-content\/uploads\/2020\/07\/opt_Batxillerat-3-150x150.jpg 150w, https:\/\/fredericmistral-tecniceulalia.cat\/wp-content\/uploads\/2020\/07\/opt_Batxillerat-3-768x768.jpg 768w, https:\/\/fredericmistral-tecniceulalia.cat\/wp-content\/uploads\/2020\/07\/opt_Batxillerat-3-800x800.jpg 800w\" sizes=\"auto, (max-width: 1000px) 100vw, 1000px\" \/>              <\/a>\n              <h2 class=\"columna-item__titol\">\n                Bachillerato              <\/h2>\n              <div class=\"columna-item__text\">\n                <p>Es la \u00faltima etapa escolar y es, tambi\u00e9n, la etapa que conduce a la universidad o a los estudios profesionales de grado superior. Es importante, pues, una formaci\u00f3n acad\u00e9mica s\u00f3lida, pero tambi\u00e9n, y muy especialmente, aprovechar los \u00faltimos a\u00f1os en que familia y escuela compartimos la tarea de terminar de ayudar a configurar una personalidad que incorpore valores, inquietudes, sensibilidades y criterio propio.<\/p>\n<p>Ofrecemos todas las modalidades de Bachillerato.<\/p>\n<ul>\n<li>Ciencias y Tecnolog\u00eda<\/li>\n<li>Humanidades y Ciencias Sociales<\/li>\n<li>Artes<\/li>\n<\/ul>\n              <\/div>\n              <a href=\"\/es\/oferta-educativa\/bachillerato\/\" class=\"mes_info\">\n                + info              <\/a>\n            <\/div>\n          <\/div>\n          <!-- .\/ Item 3 columnes -->\n                    <!-- Item 3 columnes -->\n          <div class=\"col-md-4\">\n            <div class=\"columna-item\">\n              <a href=\"\/es\/oferta-educativa\/bachibac\/\" class=\"columna-item__imatge\">\n                <img loading=\"lazy\" decoding=\"async\" width=\"1000\" height=\"1000\" src=\"https:\/\/fredericmistral-tecniceulalia.cat\/wp-content\/uploads\/2020\/07\/opt_Batxibac-1-2.jpg\" class=\"attachment-full size-full\" alt=\"Batxibac\" srcset=\"https:\/\/fredericmistral-tecniceulalia.cat\/wp-content\/uploads\/2020\/07\/opt_Batxibac-1-2.jpg 1000w, https:\/\/fredericmistral-tecniceulalia.cat\/wp-content\/uploads\/2020\/07\/opt_Batxibac-1-2-300x300.jpg 300w, https:\/\/fredericmistral-tecniceulalia.cat\/wp-content\/uploads\/2020\/07\/opt_Batxibac-1-2-150x150.jpg 150w, https:\/\/fredericmistral-tecniceulalia.cat\/wp-content\/uploads\/2020\/07\/opt_Batxibac-1-2-768x768.jpg 768w, https:\/\/fredericmistral-tecniceulalia.cat\/wp-content\/uploads\/2020\/07\/opt_Batxibac-1-2-800x800.jpg 800w\" sizes=\"auto, (max-width: 1000px) 100vw, 1000px\" \/>              <\/a>\n              <h2 class=\"columna-item__titol\">\n                Bachibac              <\/h2>\n              <div class=\"columna-item__text\">\n                <p>Ofrecemos la posibilidad de cursar el Bachibac, el programa de estudios que permite obtener la doble titulaci\u00f3n del bachillerato espa\u00f1ol y del baccalaur\u00e9at franc\u00e9s y da acceso directo a universidades espa\u00f1olas y francesas. Para los chicos y chicas supone una inmersi\u00f3n en lengua y cultura francesas mediante el estudio en profundidad de la lengua, la literatura y la historia de Francia.<\/p>\n<p>Esta doble titulaci\u00f3n otorga a los estudiantes la obtenci\u00f3n del certificado B2 del Marco Europeo de Referencia de las Lenguas.<\/p>\n              <\/div>\n              <a href=\"\/es\/oferta-educativa\/bachibac\/\" class=\"mes_info\">\n                + info              <\/a>\n            <\/div>\n          <\/div>\n          <!-- .\/ Item 3 columnes -->\n                    <!-- Item 3 columnes -->\n          <div class=\"col-md-4\">\n            <div class=\"columna-item\">\n              <a href=\"\/es\/oferta-educativa\/resultados-academicos\/\" class=\"columna-item__imatge\">\n                <img loading=\"lazy\" decoding=\"async\" width=\"1000\" height=\"1000\" src=\"https:\/\/fredericmistral-tecniceulalia.cat\/wp-content\/uploads\/2020\/07\/opt_Batxillerat-2.jpg\" class=\"attachment-full size-full\" alt=\"Resultats acad\u00e8mics\" srcset=\"https:\/\/fredericmistral-tecniceulalia.cat\/wp-content\/uploads\/2020\/07\/opt_Batxillerat-2.jpg 1000w, https:\/\/fredericmistral-tecniceulalia.cat\/wp-content\/uploads\/2020\/07\/opt_Batxillerat-2-300x300.jpg 300w, https:\/\/fredericmistral-tecniceulalia.cat\/wp-content\/uploads\/2020\/07\/opt_Batxillerat-2-150x150.jpg 150w, https:\/\/fredericmistral-tecniceulalia.cat\/wp-content\/uploads\/2020\/07\/opt_Batxillerat-2-768x768.jpg 768w, https:\/\/fredericmistral-tecniceulalia.cat\/wp-content\/uploads\/2020\/07\/opt_Batxillerat-2-800x800.jpg 800w\" sizes=\"auto, (max-width: 1000px) 100vw, 1000px\" \/>              <\/a>\n              <h2 class=\"columna-item__titol\">\n                Resultados acad\u00e9micos              <\/h2>\n              <div class=\"columna-item__text\">\n                <p>Nuestros resultados acad\u00e9micos son el resultado del trabajo conjunto entre familia y escuela y del acompa\u00f1amiento y la ayuda ofrecida a nuestros alumnos y alumnas desde p3 hasta 2\u00ba de Bachillerato en un camino compartido en que los acompa\u00f1amos hacia la vida adulta, a la responsabilidad, a la ciudadan\u00eda de pleno derecho.<\/p>\n              <\/div>\n              <a href=\"\/es\/oferta-educativa\/resultados-academicos\/\" class=\"mes_info\">\n                + info              <\/a>\n            <\/div>\n          <\/div>\n          <!-- .\/ Item 3 columnes -->\n                            <\/div>\n      <\/div>\n    <\/div>\n  \n\n   \t<div id=\"\" class=\"row bg-clar ambits lazy\">\n   \t\t<h2 class=\"entry-title\">\u00c1mbitos<\/h2>\n     \t<div class=\"col-md-2 offset-md-1 offset-xxl-2\">\n       \t<div class=\"ambits-txt\">\n          Descubre los<br><strong> 5 ejes singulares<\/strong> que nos definen       \t<\/div>\n     \t<\/div>\n     \t<div class=\"col-md-9 col-xxl-8\">\n        <ul class=\"ambits-links\">\n        \t<li class=\"ambits-link cultura_valors\"><a href=\"https:\/\/fredericmistral-tecniceulalia.cat\/es\/ambitos\/cultura-y-valores\/\">Cultura y valores<\/a><\/li>\n          <li class=\"ambits-link sostenibilitat\"><a href=\"https:\/\/fredericmistral-tecniceulalia.cat\/es\/ambitos\/sostenibilidad\/\">sostenibilidad<\/a><\/li>\n          <li class=\"ambits-link orientacio\"><a href=\"https:\/\/fredericmistral-tecniceulalia.cat\/es\/ambitos\/orientacion-personal-y-academica\/\">Orientaci\u00f3n personal<br>y acad\u00e9mica<\/a><\/li>\n          <li class=\"ambits-link innovacio\"><a href=\"https:\/\/fredericmistral-tecniceulalia.cat\/es\/ambitos\/innovacio\/\">Innovaci\u00f3n<\/a><\/li>\n          <li class=\"ambits-link plurilinguisme\"><a href=\"https:\/\/fredericmistral-tecniceulalia.cat\/es\/ambitos\/plurilinguismo\/\">Pluriling\u00fcismo<\/a><\/li>\n       \t<\/ul>\n     \t<\/div>\n   \t<\/div>\n\n\t","protected":false},"excerpt":{"rendered":"","protected":false},"author":3,"featured_media":0,"parent":0,"menu_order":0,"comment_status":"closed","ping_status":"closed","template":"","meta":{"_acf_changed":false,"_uag_custom_page_level_css":"","_themeisle_gutenberg_block_has_review":false,"footnotes":""},"class_list":{"0":"post-3906","1":"page","2":"type-page","3":"status-publish","5":"infinite-scroll-item"},"acf":[],"uagb_featured_image_src":{"full":false,"thumbnail":false,"medium":false,"medium_large":false,"large":false,"custom-cuadrat":false,"modul1":false,"post":false,"1536x1536":false,"2048x2048":false},"uagb_author_info":{"display_name":"usuari-admin","author_link":"https:\/\/fredericmistral-tecniceulalia.cat\/es\/author\/usuari-admin\/"},"uagb_comment_info":0,"uagb_excerpt":null,"_links":{"self":[{"href":"https:\/\/fredericmistral-tecniceulalia.cat\/es\/wp-json\/wp\/v2\/pages\/3906","targetHints":{"allow":["GET"]}}],"collection":[{"href":"https:\/\/fredericmistral-tecniceulalia.cat\/es\/wp-json\/wp\/v2\/pages"}],"about":[{"href":"https:\/\/fredericmistral-tecniceulalia.cat\/es\/wp-json\/wp\/v2\/types\/page"}],"author":[{"embeddable":true,"href":"https:\/\/fredericmistral-tecniceulalia.cat\/es\/wp-json\/wp\/v2\/users\/3"}],"replies":[{"embeddable":true,"href":"https:\/\/fredericmistral-tecniceulalia.cat\/es\/wp-json\/wp\/v2\/comments?post=3906"}],"version-history":[{"count":8,"href":"https:\/\/fredericmistral-tecniceulalia.cat\/es\/wp-json\/wp\/v2\/pages\/3906\/revisions"}],"predecessor-version":[{"id":5340,"href":"https:\/\/fredericmistral-tecniceulalia.cat\/es\/wp-json\/wp\/v2\/pages\/3906\/revisions\/5340"}],"wp:attachment":[{"href":"https:\/\/fredericmistral-tecniceulalia.cat\/es\/wp-json\/wp\/v2\/media?parent=3906"}],"curies":[{"name":"wp","href":"https:\/\/api.w.org\/{rel}","templated":true}]}}