{"id":3947,"date":"2020-09-09T18:23:44","date_gmt":"2020-09-09T18:23:44","guid":{"rendered":"https:\/\/fredericmistral-tecniceulalia.cat\/servicios\/transport-escolar\/"},"modified":"2021-02-18T08:35:24","modified_gmt":"2021-02-18T07:35:24","slug":"transporte-escolar","status":"publish","type":"page","link":"https:\/\/fredericmistral-tecniceulalia.cat\/es\/servicios\/transporte-escolar\/","title":{"rendered":"Transporte escolar"},"content":{"rendered":"\n\t<div id=\"cabecerainterior-block_5f591cd80b2ed\" class=\"cabecerainterior lazy\">\n\t\t<div class=\"cabint-image\">\n\t\t\t<img decoding=\"async\" src=\"https:\/\/fredericmistral-tecniceulalia.cat\/wp-content\/uploads\/2020\/09\/Escola_Mobilitat.jpg\" alt=\"\">\n\t\t<\/div>\n\t\t<div class=\"cabint-info\">\n\t\t\t<h1 class=\"cabint-info__titol\">\n\t\t\t\tTransporte escolar\t\t\t<\/h1>\n\t\t<\/div>\n\t<\/div>\n\n\t\n\n\n\t<div id=\"tornarenrera-block_5f5a7176a6674\" class=\"back lazy\">\n\t\t<a href=\"\/es\/servicios\/\" class=\"goback\">\n\t\t\t<img decoding=\"async\" src=\"\/wp-content\/uploads\/2020\/08\/arrow_goback.png\" alt=\"Tornar enrere\" title=\"Tornar enrere\"\/>\n\t\t<\/a>\n\t<\/div>\n\n\t\n\n\t<div iid=\"textodestacado-block_5f591cf60b2ee\" class=\"text-destacat lazy\">\t\t<div class=\"grid-container\">\n\t\t\t<!-- Item -->\n        <div class=\"text-destacat__text\">\n\t\t\t\t\t<h2 class=\"titol_bloc\">\n\t\t\t\t\t\t\t\t\t\t\t<\/h2>\n\t\t\t\t\t<div class=\"text_bloc\">\n\t\t\t\t\t\t<p>El servicio de trasporte escolar recoge y deja a los alumnos lo m\u00e1s cerca posible de casa. El colegio dispone de un servicio de lanzadera entre los edificios de Sarri\u00e1 y de Tibidabo (y viceversa).<\/p>\n\t\t\t\t\t<\/div>\n\t\t\t\t<\/div>\n\t\t\t<!-- .\/ Item -->\t\n\t\t<\/div>\n\t<\/div>\n\n\t\n\n\t<div id=\"text-block_5f591db8bc7d2\" class=\"text-simple bg-ultra_clar lazy\">    <div class=\"grid-container\">\n      <!-- Item -->\n      <div class=\"text-simple__text\">\n        <h2 class=\"titol_bloc\">\n          \t\n        <\/h2>\n      \t<div class=\"text_bloc\">\n        \t<p><strong>Rutas de autocar<\/strong><\/p>\n<p>Cada autocar lleva una persona responsable. Las paradas dentro del \u00e1rea de proximidad (consultad el mapa) tienen la cuota reducida en un 50%.<\/p>\n<p><strong>Lanzadora Sarri\u00e1 \u2013 Tibidabo<\/strong><\/p>\n<p>Es de uso para las familias que iniciaron la escolaridad en el Parvulario de Sarri\u00e1 o las familias que tienen un hijo en cada centro.<\/p>\n<p><strong>Comunicaci\u00f3n<\/strong><\/p>\n<p>La matr\u00edcula al servicio de autocar y al servicio de lanzadora se hace a trav\u00e9s de la intranet de la Fundaci\u00f3 Collserola.<\/p>\n<p>Si hay alg\u00fan cambio puntual, en el uso diario, hay que comunicarlo al tutor\/a; en el caso del Parvulario y de la Primaria, se hace mediante Clickedu, enviando un mensaje al tutor\/a de vuestro hijo\/a antes de las 9h del mismo d\u00eda. Para cambios posteriores, hay que llamar a la Secretar\u00eda de la Escuela para avisar.<\/p>\n<p>Para cualquier duda sobre las rutas poneos en contacto con Autocares Burgos. Tel.: <strong>93 477 24 19<\/strong><\/p>\n      \t<\/div>\n     \t<\/div>\n      <!-- .\/ Item -->\n    <\/div>\n  <\/div>\n\n\t\n\n<div iid=\"accordion-block_5f5a48b0ef7ac\" class=\"accordion lazy\">\t<div class=\"grid-container\">\n\t\t\t\t\t\t\t  <div class=\"accordion__item\">\n\t\t    <button class=\"accordion__toggle\">\n\t\t\t\t\tRutas de ma\u00f1ana\t\t    <\/button>\n\t\t    <div class=\"accordion__body\">\n\t\t      <p>\n\t\t      \t<IMG SRC=\"https:\/\/fredericmistral-tecniceulalia.cat\/wp-content\/uploads\/2020\/10\/foto_ESCOLA_FMTE_serveis_escolars_rutes_autocar_mapa_mati_gran.jpg\"> <IMG SRC=\"https:\/\/fredericmistral-tecniceulalia.cat\/wp-content\/uploads\/2020\/10\/foto_ESCOLA_FMTE_serveis_escolars_rutes_autocar_parades_mati.gif\">\t\t      <\/p>\n\t\t    <\/div>\n\t\t  <\/div>\n\t\t\t\t\t\t  <div class=\"accordion__item\">\n\t\t    <button class=\"accordion__toggle\">\n\t\t\t\t\tRutas de tarde\t\t    <\/button>\n\t\t    <div class=\"accordion__body\">\n\t\t      <p>\n\t\t      \t<IMG SRC=\"https:\/\/fredericmistral-tecniceulalia.cat\/wp-content\/uploads\/2020\/10\/foto_ESCOLA_FMTE_serveis_escolars_rutes_autocar_mapa_tarda_gran.jpg\"> <IMG SRC=\"https:\/\/fredericmistral-tecniceulalia.cat\/wp-content\/uploads\/2020\/10\/foto_ESCOLA_FMTE_serveis_escolars_rutes_autocar_parades_tarda.gif\">\t\t      <\/p>\n\t\t    <\/div>\n\t\t  <\/div>\n\t\t    <\/div>\n<\/div>","protected":false},"excerpt":{"rendered":"","protected":false},"author":3,"featured_media":0,"parent":3942,"menu_order":0,"comment_status":"closed","ping_status":"closed","template":"","meta":{"_acf_changed":false,"_uag_custom_page_level_css":"","_themeisle_gutenberg_block_has_review":false,"footnotes":""},"class_list":{"0":"post-3947","1":"page","2":"type-page","3":"status-publish","5":"infinite-scroll-item"},"acf":[],"uagb_featured_image_src":{"full":false,"thumbnail":false,"medium":false,"medium_large":false,"large":false,"custom-cuadrat":false,"modul1":false,"post":false,"1536x1536":false,"2048x2048":false},"uagb_author_info":{"display_name":"usuari-admin","author_link":"https:\/\/fredericmistral-tecniceulalia.cat\/es\/author\/usuari-admin\/"},"uagb_comment_info":0,"uagb_excerpt":null,"_links":{"self":[{"href":"https:\/\/fredericmistral-tecniceulalia.cat\/es\/wp-json\/wp\/v2\/pages\/3947","targetHints":{"allow":["GET"]}}],"collection":[{"href":"https:\/\/fredericmistral-tecniceulalia.cat\/es\/wp-json\/wp\/v2\/pages"}],"about":[{"href":"https:\/\/fredericmistral-tecniceulalia.cat\/es\/wp-json\/wp\/v2\/types\/page"}],"author":[{"embeddable":true,"href":"https:\/\/fredericmistral-tecniceulalia.cat\/es\/wp-json\/wp\/v2\/users\/3"}],"replies":[{"embeddable":true,"href":"https:\/\/fredericmistral-tecniceulalia.cat\/es\/wp-json\/wp\/v2\/comments?post=3947"}],"version-history":[{"count":10,"href":"https:\/\/fredericmistral-tecniceulalia.cat\/es\/wp-json\/wp\/v2\/pages\/3947\/revisions"}],"predecessor-version":[{"id":5374,"href":"https:\/\/fredericmistral-tecniceulalia.cat\/es\/wp-json\/wp\/v2\/pages\/3947\/revisions\/5374"}],"up":[{"embeddable":true,"href":"https:\/\/fredericmistral-tecniceulalia.cat\/es\/wp-json\/wp\/v2\/pages\/3942"}],"wp:attachment":[{"href":"https:\/\/fredericmistral-tecniceulalia.cat\/es\/wp-json\/wp\/v2\/media?parent=3947"}],"curies":[{"name":"wp","href":"https:\/\/api.w.org\/{rel}","templated":true}]}}