{"id":3956,"date":"2020-07-15T14:40:22","date_gmt":"2020-07-15T14:40:22","guid":{"rendered":"https:\/\/fredericmistral-tecniceulalia.cat\/servicios\/biblioteca\/"},"modified":"2021-02-18T08:38:47","modified_gmt":"2021-02-18T07:38:47","slug":"biblioteca","status":"publish","type":"page","link":"https:\/\/fredericmistral-tecniceulalia.cat\/es\/servicios\/biblioteca\/","title":{"rendered":"Biblioteca"},"content":{"rendered":"\n\t<div id=\"cabecerainterior-block_5ed8c6e1d8767\" class=\"cabecerainterior lazy\">\n\t\t<div class=\"cabint-image\">\n\t\t\t<img decoding=\"async\" src=\"https:\/\/fredericmistral-tecniceulalia.cat\/wp-content\/uploads\/2020\/07\/opt_web_FMTE_Biblioteca.jpg\" alt=\"Biblioteca\">\n\t\t<\/div>\n\t\t<div class=\"cabint-info\">\n\t\t\t<h1 class=\"cabint-info__titol\">\n\t\t\t\tBiblioteca\t\t\t<\/h1>\n\t\t<\/div>\n\t<\/div>\n\n\t\n\n\n\t<div id=\"tornarenrera-block_5f359703c80ee\" class=\"back lazy\">\n\t\t<a href=\"\/es\/servicios\/\" class=\"goback\">\n\t\t\t<img decoding=\"async\" src=\"\/wp-content\/uploads\/2020\/08\/arrow_goback.png\" alt=\"Tornar enrere\" title=\"Tornar enrere\"\/>\n\t\t<\/a>\n\t<\/div>\n\n\t\n\n\t<div iid=\"textodestacado-block_5f0f136b5a3e2\" class=\"text-destacat lazy\">\t\t<div class=\"grid-container\">\n\t\t\t<!-- Item -->\n        <div class=\"text-destacat__text\">\n\t\t\t\t\t<h2 class=\"titol_bloc\">\n\t\t\t\t\t\tLa biblioteca en el colegio: un proyecto transversal\t\t\t\t\t<\/h2>\n\t\t\t\t\t<div class=\"text_bloc\">\n\t\t\t\t\t\t<p>La biblioteca de la Escuela Frederic Mistral-T\u00e8cnic Eul\u00e0lia funciona como un <strong>proyecto transversal en Primaria<\/strong> y como un <strong>servicio, abierto y disponible para el alumnado de Secundaria. <\/strong>Como misi\u00f3n destacada, impulsa y se acoge al <strong>Plan de Lectura <\/strong>de los colegios de la Fundaci\u00f3 Collserola.<\/p>\n\t\t\t\t\t<\/div>\n\t\t\t\t<\/div>\n\t\t\t<!-- .\/ Item -->\t\n\t\t<\/div>\n\t<\/div>\n\n\t\n\n\t<div id=\"text-block_5f0f13955a3e3\" class=\"text-simple bg-ultra_clar lazy\">    <div class=\"grid-container\">\n      <!-- Item -->\n      <div class=\"text-simple__text\">\n        <h2 class=\"titol_bloc\">\n          \t\n        <\/h2>\n      \t<div class=\"text_bloc\">\n        \t<p>La dimensi\u00f3n literaria del curr\u00edculum escolar se trabaja dentro de las horas lectivas de catal\u00e1n. Los ni\u00f1os y ni\u00f1as de Infantil y 1\u00ba de Primaria tienen una biblioteca en el aula. Despu\u00e9s, en 2\u00ba van a la biblioteca dentro de su horario lectivo de catal\u00e1n. Es a partir de 3\u00ba de Primaria que se trabaja m\u00e1s a fondo la autonom\u00eda y el acceso libre a la biblioteca, para cambiar de libro, hacer deberes, etc.<\/p>\n<p>Aunque el servicio de pr\u00e9stamo empieza en P5, para estimular la lectura se crean hilos conductores, que son libros que se quedan en las clases en un atril, disponibles para todos, para volver a ellos siempre que se desee. A partir de 3\u00ba de Primaria el pr\u00e9stamo ya es de 10 d\u00edas, aunque se respeta el ritmo de cada alumno\/a. Siguiendo un sistema de fichas, cada semana se llevan un libro.<\/p>\n<p>Cuando llegan a Ciclo Superior, disponen de un calendario de lecturas donde apuntan qu\u00e9 est\u00e1n leyendo. La bibliotecaria recomienda un libro y ellos tambi\u00e9n se recomiendan lecturas. De esta manera, durante un trimestre todos y todas leen el mismo libro. En el \u00faltimo trimestre, para cerrar el c\u00edrculo, los alumnos y las alumnas, se convierten en creadores\/as de libros: como actividad conjunta, elaboran libros de artista y los exponen a las familias a final de curso.<\/p>\n      \t<\/div>\n     \t<\/div>\n      <!-- .\/ Item -->\n    <\/div>\n  <\/div>\n\n\t\n\n\t<div class=\"grid-container lazy\">\n\t\t<div class=\"text-imatge\">\n\t\t\t<div class=\"text-imatge-row row\">\n\t\t\t\t<div class=\"col-md-6 text-imatge__imatge\">\n\t\t\t\t\t\t\t\t\t\t<a href=\"\">\n\t\t\t\t\t<img loading=\"lazy\" decoding=\"async\" width=\"1000\" height=\"1000\" src=\"https:\/\/fredericmistral-tecniceulalia.cat\/wp-content\/uploads\/2020\/07\/opt_biblioteca13-1-1000x1000.jpg\" class=\"attachment-custom-cuadrat size-custom-cuadrat\" alt=\"Biblioteca\" srcset=\"https:\/\/fredericmistral-tecniceulalia.cat\/wp-content\/uploads\/2020\/07\/opt_biblioteca13-1.jpg 1000w, https:\/\/fredericmistral-tecniceulalia.cat\/wp-content\/uploads\/2020\/07\/opt_biblioteca13-1-300x300.jpg 300w, https:\/\/fredericmistral-tecniceulalia.cat\/wp-content\/uploads\/2020\/07\/opt_biblioteca13-1-150x150.jpg 150w, https:\/\/fredericmistral-tecniceulalia.cat\/wp-content\/uploads\/2020\/07\/opt_biblioteca13-1-768x768.jpg 768w, https:\/\/fredericmistral-tecniceulalia.cat\/wp-content\/uploads\/2020\/07\/opt_biblioteca13-1-800x800.jpg 800w\" sizes=\"auto, (max-width: 1000px) 100vw, 1000px\" \/>\t\t\t\t\t<\/a>\n\t\t\t\t<\/div>\n\t\t\t\t<div class=\"col-md-6 text-imatge__text\">\n\t\t\t\t\t<span class=\"seccio_bloc\">\n\t\t\t\t\t\t\t\n\t\t\t\t\t<\/span>\n\t\t\t\t\t<h2 class=\"titol_bloc\">\n\t\t\t\t\t\tProyecto Amigo Lector\t\n\t\t\t\t\t<\/h2>\n\t\t\t\t\t<div class=\"text_bloc\">\n\t\t\t\t\t\t<p>\n\t\t\t\t\t\t\t<p>Los mayores (de 5\u00ba y 6\u00ba de Primaria) ayudan a los peque\u00f1os (de 1\u00ba y 2\u00ba de Primaria). Escogen un libro para leer y comentar juntos. De manera que la prescripci\u00f3n no viene s\u00f3lo de los adultos (personal docente o responsable de biblioteca) sino de alguien m\u00e1s pr\u00f3ximo a ellos y ellas. Los mayores se comprometen a facilitar la experiencia agradable de estimular la lectura.<\/p>\n\t\n\t\t\t\t\t\t<\/p>\n\t\t\t\t\t<\/div>\n\t\t\t\t\t\t\n\t\t\t\t<\/div>\n\t\t\t<\/div>\n\t\t<\/div>\n\t<\/div>\n\n\n\t<div class=\"grid-container lazy\">\n\t\t<div class=\"text-imatge\">\n\t\t\t<div class=\"text-imatge-row row\">\n\t\t\t\t<div class=\"col-md-6 text-imatge__imatge\">\n\t\t\t\t\t\t\t\t\t\t<a href=\"\">\n\t\t\t\t\t<img loading=\"lazy\" decoding=\"async\" width=\"1000\" height=\"1000\" src=\"https:\/\/fredericmistral-tecniceulalia.cat\/wp-content\/uploads\/2020\/07\/opt_biblioteca4-1-1000x1000.jpg\" class=\"attachment-custom-cuadrat size-custom-cuadrat\" alt=\"Biblioteca\" srcset=\"https:\/\/fredericmistral-tecniceulalia.cat\/wp-content\/uploads\/2020\/07\/opt_biblioteca4-1.jpg 1000w, https:\/\/fredericmistral-tecniceulalia.cat\/wp-content\/uploads\/2020\/07\/opt_biblioteca4-1-300x300.jpg 300w, https:\/\/fredericmistral-tecniceulalia.cat\/wp-content\/uploads\/2020\/07\/opt_biblioteca4-1-150x150.jpg 150w, https:\/\/fredericmistral-tecniceulalia.cat\/wp-content\/uploads\/2020\/07\/opt_biblioteca4-1-768x768.jpg 768w, https:\/\/fredericmistral-tecniceulalia.cat\/wp-content\/uploads\/2020\/07\/opt_biblioteca4-1-800x800.jpg 800w\" sizes=\"auto, (max-width: 1000px) 100vw, 1000px\" \/>\t\t\t\t\t<\/a>\n\t\t\t\t<\/div>\n\t\t\t\t<div class=\"col-md-6 text-imatge__text\">\n\t\t\t\t\t<span class=\"seccio_bloc\">\n\t\t\t\t\t\t\t\n\t\t\t\t\t<\/span>\n\t\t\t\t\t<h2 class=\"titol_bloc\">\n\t\t\t\t\t\tPasalibros\t\n\t\t\t\t\t<\/h2>\n\t\t\t\t\t<div class=\"text_bloc\">\n\t\t\t\t\t\t<p>\n\t\t\t\t\t\t\t<p>El pasalibros o bookcrossing consiste en esconder un libro en un rinc\u00f3n de la clase, dentro de una bolsa de tela donde tambi\u00e9n hay una libreta. Quien lo encuentra, tiene que leerlo y dejar un comentario en la libreta cuando lo haya acabado. Lo vuelve a esconder, y as\u00ed hasta que alguien m\u00e1s lo encuentra. Y todo vuelve a empezar.<\/p>\n\t\n\t\t\t\t\t\t<\/p>\n\t\t\t\t\t<\/div>\n\t\t\t\t\t\t\n\t\t\t\t<\/div>\n\t\t\t<\/div>\n\t\t<\/div>\n\t<\/div>\n\n\n\t<div class=\"grid-container lazy\">\n\t\t<div class=\"text-imatge\">\n\t\t\t<div class=\"text-imatge-row row\">\n\t\t\t\t<div class=\"col-md-6 text-imatge__imatge\">\n\t\t\t\t\t\t\t\t\t\t<a href=\"\">\n\t\t\t\t\t<img loading=\"lazy\" decoding=\"async\" width=\"1000\" height=\"1000\" src=\"https:\/\/fredericmistral-tecniceulalia.cat\/wp-content\/uploads\/2020\/07\/opt_biblioteca2-1-1000x1000.jpg\" class=\"attachment-custom-cuadrat size-custom-cuadrat\" alt=\"Biblioteca\" srcset=\"https:\/\/fredericmistral-tecniceulalia.cat\/wp-content\/uploads\/2020\/07\/opt_biblioteca2-1.jpg 1000w, https:\/\/fredericmistral-tecniceulalia.cat\/wp-content\/uploads\/2020\/07\/opt_biblioteca2-1-300x300.jpg 300w, https:\/\/fredericmistral-tecniceulalia.cat\/wp-content\/uploads\/2020\/07\/opt_biblioteca2-1-150x150.jpg 150w, https:\/\/fredericmistral-tecniceulalia.cat\/wp-content\/uploads\/2020\/07\/opt_biblioteca2-1-768x768.jpg 768w, https:\/\/fredericmistral-tecniceulalia.cat\/wp-content\/uploads\/2020\/07\/opt_biblioteca2-1-800x800.jpg 800w\" sizes=\"auto, (max-width: 1000px) 100vw, 1000px\" \/>\t\t\t\t\t<\/a>\n\t\t\t\t<\/div>\n\t\t\t\t<div class=\"col-md-6 text-imatge__text\">\n\t\t\t\t\t<span class=\"seccio_bloc\">\n\t\t\t\t\t\t\t\n\t\t\t\t\t<\/span>\n\t\t\t\t\t<h2 class=\"titol_bloc\">\n\t\t\t\t\t\tClub de Lectura\t\n\t\t\t\t\t<\/h2>\n\t\t\t\t\t<div class=\"text_bloc\">\n\t\t\t\t\t\t<p>\n\t\t\t\t\t\t\t<p>Los alumnos y las alumnas de Ciclo Superior disponen de un club de lectura al que se pueden apuntar de manera voluntaria. Se proponen tres lecturas y los\/as tutores\/as gestionan el turno de los libros. Para comentarlos en grupo, se organizan desayunos literarios.<\/p>\n\t\n\t\t\t\t\t\t<\/p>\n\t\t\t\t\t<\/div>\n\t\t\t\t\t\t\n\t\t\t\t<\/div>\n\t\t\t<\/div>\n\t\t<\/div>\n\t<\/div>\n\n\n\t<div class=\"grid-container lazy\">\n\t\t<div class=\"text-imatge\">\n\t\t\t<div class=\"text-imatge-row row\">\n\t\t\t\t<div class=\"col-md-6 text-imatge__imatge\">\n\t\t\t\t\t\t\t\t\t\t<a href=\"\">\n\t\t\t\t\t<img loading=\"lazy\" decoding=\"async\" width=\"1000\" height=\"1000\" src=\"https:\/\/fredericmistral-tecniceulalia.cat\/wp-content\/uploads\/2020\/07\/opt_biblioteca11-1-1000x1000.jpg\" class=\"attachment-custom-cuadrat size-custom-cuadrat\" alt=\"Biblioteca\" srcset=\"https:\/\/fredericmistral-tecniceulalia.cat\/wp-content\/uploads\/2020\/07\/opt_biblioteca11-1.jpg 1000w, https:\/\/fredericmistral-tecniceulalia.cat\/wp-content\/uploads\/2020\/07\/opt_biblioteca11-1-300x300.jpg 300w, https:\/\/fredericmistral-tecniceulalia.cat\/wp-content\/uploads\/2020\/07\/opt_biblioteca11-1-150x150.jpg 150w, https:\/\/fredericmistral-tecniceulalia.cat\/wp-content\/uploads\/2020\/07\/opt_biblioteca11-1-768x768.jpg 768w, https:\/\/fredericmistral-tecniceulalia.cat\/wp-content\/uploads\/2020\/07\/opt_biblioteca11-1-800x800.jpg 800w\" sizes=\"auto, (max-width: 1000px) 100vw, 1000px\" \/>\t\t\t\t\t<\/a>\n\t\t\t\t<\/div>\n\t\t\t\t<div class=\"col-md-6 text-imatge__text\">\n\t\t\t\t\t<span class=\"seccio_bloc\">\n\t\t\t\t\t\t\t\n\t\t\t\t\t<\/span>\n\t\t\t\t\t<h2 class=\"titol_bloc\">\n\t\t\t\t\t\tCuentos populares no sexistas\t\n\t\t\t\t\t<\/h2>\n\t\t\t\t\t<div class=\"text_bloc\">\n\t\t\t\t\t\t<p>\n\t\t\t\t\t\t\t<p>\u00a1Vamos a conocer todos los cuentos de duendes, gigantes, princesas y dragones\u2026 desde el origen! Porque para poder hablar, se ha de conocer, primero, la fuente original.<\/p>\n\t\n\t\t\t\t\t\t<\/p>\n\t\t\t\t\t<\/div>\n\t\t\t\t\t\t\n\t\t\t\t<\/div>\n\t\t\t<\/div>\n\t\t<\/div>\n\t<\/div>\n\n\n\t<div iid=\"testimonio-block_5f1002c64453f\" class=\"testimonio_static lazy\">\t\t\t\t<div class=\"testimonio-info slider_text\"><div class=\"nom_wrapper\"><h3 class=\"nom\">M Jos\u00e9 Burillo<\/h3>\t\t<h4 class=\"carreg\">Responsable de la biblioteca del colegio<\/h4><\/div>\t\t<p class=\"cita\"><span>\u00ab<\/span>Semanalmente nos reunimos en la Biblioteca para hacer un viaje literario mientras descubrimos libros y compartimos lecturas\u00bb<\/p>\t<\/div>\n<\/div>\n\n\n   \t<div id=\"\" class=\"row bg-clar ambits lazy\">\n   \t\t<h2 class=\"entry-title\">\u00c1mbitos<\/h2>\n     \t<div class=\"col-md-2 offset-md-1 offset-xxl-2\">\n       \t<div class=\"ambits-txt\">\n          Descubre los<br><strong> 5 ejes singulares<\/strong> que nos definen       \t<\/div>\n     \t<\/div>\n     \t<div class=\"col-md-9 col-xxl-8\">\n        <ul class=\"ambits-links\">\n        \t<li class=\"ambits-link cultura_valors\"><a href=\"https:\/\/fredericmistral-tecniceulalia.cat\/es\/ambitos\/cultura-y-valores\/\">Cultura y valores<\/a><\/li>\n          <li class=\"ambits-link sostenibilitat\"><a href=\"https:\/\/fredericmistral-tecniceulalia.cat\/es\/ambitos\/sostenibilidad\/\">sostenibilidad<\/a><\/li>\n          <li class=\"ambits-link orientacio\"><a href=\"https:\/\/fredericmistral-tecniceulalia.cat\/es\/ambitos\/orientacion-personal-y-academica\/\">Orientaci\u00f3n personal<br>y acad\u00e9mica<\/a><\/li>\n          <li class=\"ambits-link innovacio\"><a href=\"https:\/\/fredericmistral-tecniceulalia.cat\/es\/ambitos\/innovacio\/\">Innovaci\u00f3n<\/a><\/li>\n          <li class=\"ambits-link plurilinguisme\"><a href=\"https:\/\/fredericmistral-tecniceulalia.cat\/es\/ambitos\/plurilinguismo\/\">Pluriling\u00fcismo<\/a><\/li>\n       \t<\/ul>\n     \t<\/div>\n   \t<\/div>\n\n\t","protected":false},"excerpt":{"rendered":"","protected":false},"author":3,"featured_media":0,"parent":3942,"menu_order":0,"comment_status":"closed","ping_status":"closed","template":"","meta":{"_acf_changed":false,"_uag_custom_page_level_css":"","_themeisle_gutenberg_block_has_review":false,"footnotes":""},"class_list":{"0":"post-3956","1":"page","2":"type-page","3":"status-publish","5":"infinite-scroll-item"},"acf":[],"uagb_featured_image_src":{"full":false,"thumbnail":false,"medium":false,"medium_large":false,"large":false,"custom-cuadrat":false,"modul1":false,"post":false,"1536x1536":false,"2048x2048":false},"uagb_author_info":{"display_name":"usuari-admin","author_link":"https:\/\/fredericmistral-tecniceulalia.cat\/es\/author\/usuari-admin\/"},"uagb_comment_info":0,"uagb_excerpt":null,"_links":{"self":[{"href":"https:\/\/fredericmistral-tecniceulalia.cat\/es\/wp-json\/wp\/v2\/pages\/3956","targetHints":{"allow":["GET"]}}],"collection":[{"href":"https:\/\/fredericmistral-tecniceulalia.cat\/es\/wp-json\/wp\/v2\/pages"}],"about":[{"href":"https:\/\/fredericmistral-tecniceulalia.cat\/es\/wp-json\/wp\/v2\/types\/page"}],"author":[{"embeddable":true,"href":"https:\/\/fredericmistral-tecniceulalia.cat\/es\/wp-json\/wp\/v2\/users\/3"}],"replies":[{"embeddable":true,"href":"https:\/\/fredericmistral-tecniceulalia.cat\/es\/wp-json\/wp\/v2\/comments?post=3956"}],"version-history":[{"count":4,"href":"https:\/\/fredericmistral-tecniceulalia.cat\/es\/wp-json\/wp\/v2\/pages\/3956\/revisions"}],"predecessor-version":[{"id":5378,"href":"https:\/\/fredericmistral-tecniceulalia.cat\/es\/wp-json\/wp\/v2\/pages\/3956\/revisions\/5378"}],"up":[{"embeddable":true,"href":"https:\/\/fredericmistral-tecniceulalia.cat\/es\/wp-json\/wp\/v2\/pages\/3942"}],"wp:attachment":[{"href":"https:\/\/fredericmistral-tecniceulalia.cat\/es\/wp-json\/wp\/v2\/media?parent=3956"}],"curies":[{"name":"wp","href":"https:\/\/api.w.org\/{rel}","templated":true}]}}