{"id":3961,"date":"2020-07-29T14:47:31","date_gmt":"2020-07-29T14:47:31","guid":{"rendered":"https:\/\/fredericmistral-tecniceulalia.cat\/creantescola\/"},"modified":"2021-02-18T08:44:31","modified_gmt":"2021-02-18T07:44:31","slug":"creantescola","status":"publish","type":"page","link":"https:\/\/fredericmistral-tecniceulalia.cat\/es\/creantescola\/","title":{"rendered":"#CreantEscola"},"content":{"rendered":"\n\t<div id=\"cabecerainterior-block_5ed76a1064337\" class=\"cabecerainterior lazy\">\n\t\t<div class=\"cabint-image\">\n\t\t\t<img decoding=\"async\" src=\"https:\/\/fredericmistral-tecniceulalia.cat\/wp-content\/uploads\/2020\/07\/portada-CreantEscola.jpg\" alt=\"Preinscripci\u00f3 2021\/2022\">\n\t\t<\/div>\n\t\t<div class=\"cabint-info\">\n\t\t\t<h1 class=\"cabint-info__titol\">\n\t\t\t\t#CreantEscola\t\t\t<\/h1>\n\t\t<\/div>\n\t<\/div>\n\n\t\n\n\t<div iid=\"textodestacado-block_5f218be1b8f30\" class=\"text-destacat lazy\">\t\t<div class=\"grid-container\">\n\t\t\t<!-- Item -->\n        <div class=\"text-destacat__text\">\n\t\t\t\t\t<h2 class=\"titol_bloc\">\n\t\t\t\t\t\t\t\t\t\t\t<\/h2>\n\t\t\t\t\t<div class=\"text_bloc\">\n\t\t\t\t\t\t<p>Bienvenidos y bienvenidas al espacio <strong>#CreandoEscuela<\/strong>, lugar de encuentro de la comunidad educativa que forma el colegio Frederic Mistral-T\u00e8cnic Eul\u00e0lia: alumnado, profesorado, familias y exalumnos. Un espacio para compartir recursos y experiencias sobre el colegio y las actividades que se llevan a cabo.<\/p>\n\t\t\t\t\t<\/div>\n\t\t\t\t<\/div>\n\t\t\t<!-- .\/ Item -->\t\n\t\t<\/div>\n\t<\/div>\n\n\t\n\n\t<div iid=\"text-block_5f2406c8b71ba\" class=\"text-simple lazy\">    <div class=\"grid-container\">\n      <!-- Item -->\n      <div class=\"text-simple__text\">\n        <h2 class=\"titol_bloc\">\n          Alumnado y profesorado toman la palabra\t\n        <\/h2>\n      \t<div class=\"text_bloc\">\n        \t<p>El alumnado y profesorado de Educaci\u00f3n Secundaria y Bachillerato del colegio Frederic Mistral-T\u00e8cnic Eul\u00e0lia toman la palabra para explicarnos c\u00f3mo han vivido el confinamiento y la pandemia.<\/p>\n      \t<\/div>\n     \t<\/div>\n      <!-- .\/ Item -->\n    <\/div>\n  <\/div>\n\n\t\n\n\t\t<div id=\"videos-block_5f296ad328462\" class=\"video-fullscreen slider-videos lazy\">\n\t\t\t\t\t\t\t\t\t\t\t\t<iframe loading=\"lazy\" title=\"Alumnat i professorat pren la paraula: com han viscut la pand\u00e8mia i el confinament? (2)\" width=\"640\" height=\"360\" src=\"https:\/\/www.youtube.com\/embed\/MCjlIhCTXSE?feature=oembed&#038;controls=1&#038;hd=1&#038;autohide=1\" frameborder=\"0\" allow=\"accelerometer; autoplay; clipboard-write; encrypted-media; gyroscope; picture-in-picture; web-share\" referrerpolicy=\"strict-origin-when-cross-origin\" allowfullscreen frameborder=\"0\"><\/iframe>\t\t\t\t\t\t\t\t\t<iframe loading=\"lazy\" title=\"Alumnat i professorat pren la paraula: com han viscut la pand\u00e8mia i el confinament? (1)\" width=\"640\" height=\"360\" src=\"https:\/\/www.youtube.com\/embed\/DNEkwbwQKII?feature=oembed&#038;controls=1&#038;hd=1&#038;autohide=1\" frameborder=\"0\" allow=\"accelerometer; autoplay; clipboard-write; encrypted-media; gyroscope; picture-in-picture; web-share\" referrerpolicy=\"strict-origin-when-cross-origin\" allowfullscreen frameborder=\"0\"><\/iframe>\t\t\t\t\t    \t\t\t<\/div>\n\t\t\n\n\t<div iid=\"text-block_5f296b1328464\" class=\"text-simple lazy\">    <div class=\"grid-container\">\n      <!-- Item -->\n      <div class=\"text-simple__text\">\n        <h2 class=\"titol_bloc\">\n          Xa edici\u00f3n \u2018Reflexiones en la Escuela\u2019\t\n        <\/h2>\n      \t<div class=\"text_bloc\">\n        \t<p>Nueva edici\u00f3n de las <a href=\"https:\/\/reflexions.fundaciocollserola.cat\/\" target=\"_blank\" rel=\"noopener\"><strong>Reflexiones en la Escuela<\/strong><\/a>, el ciclo de conferencias que la Fundaci\u00f3 Collserola organiza cada curso para reflexionar sobre temas diversos relacionados con la educaci\u00f3n y la sociedad. Este a\u00f1o celebramos la d\u00e9cima edici\u00f3n y estrenamos un nuevo formato, una propuesta en la cual, despu\u00e9s de una introducci\u00f3n del tema por parte de los ponentes invitados, se establece un di\u00e1logo conducido por Cl\u00e0udia Rius, periodista y jefa de redacci\u00f3n de la revista digital <em>N\u00favol<\/em>. En esta ocasi\u00f3n, nos planteamos el debate sobre El bien com\u00fan, una idea central en la historia del pensamiento occidental. Contaremos con John Carlin, Yayo Herrero, David Fern\u00e0ndez y Neus Tom\u00e0s, que nos aportaran argumentos y pensamientos desde el periodismo y desde el activismo pol\u00edtico y social.<\/p>\n      \t<\/div>\n     \t<\/div>\n      <!-- .\/ Item -->\n    <\/div>\n  <\/div>\n\n\t\n\n\t\t<div id=\"videos-block_5f22a8aff33bf\" class=\"video-fullscreen slider-videos lazy\">\n\t\t\t\t\t\t\t\t\t\t\t\t<iframe loading=\"lazy\" title=\"Xa Edici\u00f3 Reflexions a l&#039;Escola\" width=\"520\" height=\"390\" src=\"https:\/\/www.youtube.com\/embed\/bmJxZ0aCezQ?feature=oembed&#038;controls=1&#038;hd=1&#038;autohide=1\" frameborder=\"0\" allow=\"accelerometer; autoplay; clipboard-write; encrypted-media; gyroscope; picture-in-picture; web-share\" referrerpolicy=\"strict-origin-when-cross-origin\" allowfullscreen frameborder=\"0\"><\/iframe>\t\t\t\t\t    \t\t\t<\/div>\n\t\t\n\n   \t<div id=\"\" class=\"row bg-clar ambits lazy\">\n   \t\t<h2 class=\"entry-title\">\u00c1mbitos<\/h2>\n     \t<div class=\"col-md-2 offset-md-1 offset-xxl-2\">\n       \t<div class=\"ambits-txt\">\n          Descubre los<br><strong> 5 ejes singulares<\/strong> que nos definen       \t<\/div>\n     \t<\/div>\n     \t<div class=\"col-md-9 col-xxl-8\">\n        <ul class=\"ambits-links\">\n        \t<li class=\"ambits-link cultura_valors\"><a href=\"https:\/\/fredericmistral-tecniceulalia.cat\/es\/ambitos\/cultura-y-valores\/\">Cultura y valores<\/a><\/li>\n          <li class=\"ambits-link sostenibilitat\"><a href=\"https:\/\/fredericmistral-tecniceulalia.cat\/es\/ambitos\/sostenibilidad\/\">sostenibilidad<\/a><\/li>\n          <li class=\"ambits-link orientacio\"><a href=\"https:\/\/fredericmistral-tecniceulalia.cat\/es\/ambitos\/orientacion-personal-y-academica\/\">Orientaci\u00f3n personal<br>y acad\u00e9mica<\/a><\/li>\n          <li class=\"ambits-link innovacio\"><a href=\"https:\/\/fredericmistral-tecniceulalia.cat\/es\/ambitos\/innovacio\/\">Innovaci\u00f3n<\/a><\/li>\n          <li class=\"ambits-link plurilinguisme\"><a href=\"https:\/\/fredericmistral-tecniceulalia.cat\/es\/ambitos\/plurilinguismo\/\">Pluriling\u00fcismo<\/a><\/li>\n       \t<\/ul>\n     \t<\/div>\n   \t<\/div>\n\n\t","protected":false},"excerpt":{"rendered":"","protected":false},"author":3,"featured_media":0,"parent":0,"menu_order":0,"comment_status":"closed","ping_status":"closed","template":"","meta":{"_acf_changed":false,"_uag_custom_page_level_css":"","_themeisle_gutenberg_block_has_review":false,"footnotes":""},"class_list":{"0":"post-3961","1":"page","2":"type-page","3":"status-publish","5":"infinite-scroll-item"},"acf":[],"uagb_featured_image_src":{"full":false,"thumbnail":false,"medium":false,"medium_large":false,"large":false,"custom-cuadrat":false,"modul1":false,"post":false,"1536x1536":false,"2048x2048":false},"uagb_author_info":{"display_name":"usuari-admin","author_link":"https:\/\/fredericmistral-tecniceulalia.cat\/es\/author\/usuari-admin\/"},"uagb_comment_info":0,"uagb_excerpt":null,"_links":{"self":[{"href":"https:\/\/fredericmistral-tecniceulalia.cat\/es\/wp-json\/wp\/v2\/pages\/3961","targetHints":{"allow":["GET"]}}],"collection":[{"href":"https:\/\/fredericmistral-tecniceulalia.cat\/es\/wp-json\/wp\/v2\/pages"}],"about":[{"href":"https:\/\/fredericmistral-tecniceulalia.cat\/es\/wp-json\/wp\/v2\/types\/page"}],"author":[{"embeddable":true,"href":"https:\/\/fredericmistral-tecniceulalia.cat\/es\/wp-json\/wp\/v2\/users\/3"}],"replies":[{"embeddable":true,"href":"https:\/\/fredericmistral-tecniceulalia.cat\/es\/wp-json\/wp\/v2\/comments?post=3961"}],"version-history":[{"count":6,"href":"https:\/\/fredericmistral-tecniceulalia.cat\/es\/wp-json\/wp\/v2\/pages\/3961\/revisions"}],"predecessor-version":[{"id":5386,"href":"https:\/\/fredericmistral-tecniceulalia.cat\/es\/wp-json\/wp\/v2\/pages\/3961\/revisions\/5386"}],"wp:attachment":[{"href":"https:\/\/fredericmistral-tecniceulalia.cat\/es\/wp-json\/wp\/v2\/media?parent=3961"}],"curies":[{"name":"wp","href":"https:\/\/api.w.org\/{rel}","templated":true}]}}