{"id":3967,"date":"2020-11-06T12:16:14","date_gmt":"2020-11-06T11:16:14","guid":{"rendered":"https:\/\/fredericmistral-tecniceulalia.cat\/la-fundacio-collserola\/els-nostres-convenis-culturals\/"},"modified":"2021-02-17T17:06:17","modified_gmt":"2021-02-17T16:06:17","slug":"nuestros-convenios-culturales","status":"publish","type":"page","link":"https:\/\/fredericmistral-tecniceulalia.cat\/es\/la-fundacio-collserola\/nuestros-convenios-culturales\/","title":{"rendered":"Nuestros convenios culturales"},"content":{"rendered":"\n\t<div id=\"cabecerainterior-block_5f59209c68703\" class=\"cabecerainterior lazy\">\n\t\t<div class=\"cabint-image\">\n\t\t\t<img decoding=\"async\" src=\"https:\/\/fredericmistral-tecniceulalia.cat\/wp-content\/uploads\/2020\/11\/Fundacio_convenis.jpg\" alt=\"\">\n\t\t<\/div>\n\t\t<div class=\"cabint-info\">\n\t\t\t<h1 class=\"cabint-info__titol\">\n\t\t\t\tNuestros convenios culturales\t\t\t<\/h1>\n\t\t<\/div>\n\t<\/div>\n\n\t\n\n\n\t<div id=\"tornarenrera-block_5f59f63319a1c\" class=\"back lazy\">\n\t\t<a href=\"\/es\/la-fundacio-collserola\/\" class=\"goback\">\n\t\t\t<img decoding=\"async\" src=\"\/wp-content\/uploads\/2020\/08\/arrow_goback.png\" alt=\"Tornar enrere\" title=\"Tornar enrere\"\/>\n\t\t<\/a>\n\t<\/div>\n\n\t\n\n\t<div class=\"grid-container lazy\">\n\t\t<div class=\"text-imatge right\">\n\t\t\t<div class=\"text-imatge-row row\">\n\t\t\t\t<div class=\"col-md-6 text-imatge__imatge\">\n\t\t\t\t\t\t\t\t\t\t<a href=\"\">\n\t\t\t\t\t<img loading=\"lazy\" decoding=\"async\" width=\"1000\" height=\"1000\" src=\"https:\/\/fredericmistral-tecniceulalia.cat\/wp-content\/uploads\/2020\/11\/Fundacio_convenis_Fundacio_Miro-1000x1000.jpg\" class=\"attachment-custom-cuadrat size-custom-cuadrat\" alt=\"\" srcset=\"https:\/\/fredericmistral-tecniceulalia.cat\/wp-content\/uploads\/2020\/11\/Fundacio_convenis_Fundacio_Miro.jpg 1000w, https:\/\/fredericmistral-tecniceulalia.cat\/wp-content\/uploads\/2020\/11\/Fundacio_convenis_Fundacio_Miro-300x300.jpg 300w, https:\/\/fredericmistral-tecniceulalia.cat\/wp-content\/uploads\/2020\/11\/Fundacio_convenis_Fundacio_Miro-150x150.jpg 150w, https:\/\/fredericmistral-tecniceulalia.cat\/wp-content\/uploads\/2020\/11\/Fundacio_convenis_Fundacio_Miro-768x768.jpg 768w, https:\/\/fredericmistral-tecniceulalia.cat\/wp-content\/uploads\/2020\/11\/Fundacio_convenis_Fundacio_Miro-800x800.jpg 800w\" sizes=\"auto, (max-width: 1000px) 100vw, 1000px\" \/>\t\t\t\t\t<\/a>\n\t\t\t\t<\/div>\n\t\t\t\t<div class=\"col-md-6 text-imatge__text\">\n\t\t\t\t\t<span class=\"seccio_bloc\">\n\t\t\t\t\t\t\t\n\t\t\t\t\t<\/span>\n\t\t\t\t\t<h2 class=\"titol_bloc\">\n\t\t\t\t\t\tLa Fundaci\u00f3 Joan Mir\u00f3\t\n\t\t\t\t\t<\/h2>\n\t\t\t\t\t<div class=\"text_bloc\">\n\t\t\t\t\t\t<p>\n\t\t\t\t\t\t\t<p>El curso 2009-2010, establecimos un convenio de colaboraci\u00f3n con la Fundaci\u00f3 Joan Mir\u00f3 que se tradujo en proyectos como \u201cArquitectura Mir\u00f3, Centro de Conocimiento Cultural\u201d o \u201c<a href=\"http:\/\/mmsfundaciomiro.blogspot.com.es\/search\/label\/ESCOLA%20FREDERIC%20MISTRAL-T%C3%88CNIC%20EUL%C3%80LIA%20%28BARCELONA%29\" target=\"_blank\" rel=\"noopener\"><span style=\"text-decoration: underline\">MMS <\/span><\/a>Mensajes de aproximaci\u00f3n al arte contempor\u00e1neo\u201d.<\/p>\n<p>Fruto de este acuerdo fue, tambi\u00e9n, la posibilidad de poder disfrutar, durante un tiempo, del carnet de Amigos de la instituci\u00f3n y de las actividades que, a lo largo del curso, organizaban para nosotros.<\/p>\n\t\n\t\t\t\t\t\t<\/p>\n\t\t\t\t\t<\/div>\n\t\t\t\t\t\t\n\t\t\t\t\t<\/a>\n\t\t\t\t<\/div>\n\t\t\t<\/div>\n\t\t<\/div>\n\t<\/div>\n\n\n\t<div class=\"grid-container lazy\">\n\t\t<div class=\"text-imatge\">\n\t\t\t<div class=\"text-imatge-row row\">\n\t\t\t\t<div class=\"col-md-6 text-imatge__imatge\">\n\t\t\t\t\t\t\t\t\t\t<a href=\"\">\n\t\t\t\t\t<img loading=\"lazy\" decoding=\"async\" width=\"1000\" height=\"1000\" src=\"https:\/\/fredericmistral-tecniceulalia.cat\/wp-content\/uploads\/2020\/11\/Fundacio_convenis_collegi_llicenciats-1-1000x1000.jpg\" class=\"attachment-custom-cuadrat size-custom-cuadrat\" alt=\"\" srcset=\"https:\/\/fredericmistral-tecniceulalia.cat\/wp-content\/uploads\/2020\/11\/Fundacio_convenis_collegi_llicenciats-1.jpg 1000w, https:\/\/fredericmistral-tecniceulalia.cat\/wp-content\/uploads\/2020\/11\/Fundacio_convenis_collegi_llicenciats-1-300x300.jpg 300w, https:\/\/fredericmistral-tecniceulalia.cat\/wp-content\/uploads\/2020\/11\/Fundacio_convenis_collegi_llicenciats-1-150x150.jpg 150w, https:\/\/fredericmistral-tecniceulalia.cat\/wp-content\/uploads\/2020\/11\/Fundacio_convenis_collegi_llicenciats-1-768x768.jpg 768w, https:\/\/fredericmistral-tecniceulalia.cat\/wp-content\/uploads\/2020\/11\/Fundacio_convenis_collegi_llicenciats-1-800x800.jpg 800w\" sizes=\"auto, (max-width: 1000px) 100vw, 1000px\" \/>\t\t\t\t\t<\/a>\n\t\t\t\t<\/div>\n\t\t\t\t<div class=\"col-md-6 text-imatge__text\">\n\t\t\t\t\t<span class=\"seccio_bloc\">\n\t\t\t\t\t\t\t\n\t\t\t\t\t<\/span>\n\t\t\t\t\t<h2 class=\"titol_bloc\">\n\t\t\t\t\t\tEl Colegio Oficial de Doctores y Licenciados\t\n\t\t\t\t\t<\/h2>\n\t\t\t\t\t<div class=\"text_bloc\">\n\t\t\t\t\t\t<p>\n\t\t\t\t\t\t\t<p>Desde el curso 2015-2016 tenemos, tambi\u00e9n, un convenio de colaboraci\u00f3n con el Colegio Oficial de Doctores y Licenciados en Filosof\u00eda y Letras de Catalu\u00f1a con el que nuestras escuelas pasan a ser Centros Adheridos a esta instituci\u00f3n. Con este convenio, queremos fortalecer los v\u00ednculos para promover, conjunta y activamente, la calidad en la educaci\u00f3n.<\/p>\n\t\n\t\t\t\t\t\t<\/p>\n\t\t\t\t\t<\/div>\n\t\t\t\t\t\t\n\t\t\t\t<\/div>\n\t\t\t<\/div>\n\t\t<\/div>\n\t<\/div>\n\n\n\t<div class=\"grid-container lazy\">\n\t\t<div class=\"text-imatge right\">\n\t\t\t<div class=\"text-imatge-row row\">\n\t\t\t\t<div class=\"col-md-6 text-imatge__imatge\">\n\t\t\t\t\t\t\t\t\t\t<a href=\"\">\n\t\t\t\t\t<img loading=\"lazy\" decoding=\"async\" width=\"1000\" height=\"1000\" src=\"https:\/\/fredericmistral-tecniceulalia.cat\/wp-content\/uploads\/2020\/11\/Fundacio_convenis_foto_colectania-1000x1000.jpg\" class=\"attachment-custom-cuadrat size-custom-cuadrat\" alt=\"\" srcset=\"https:\/\/fredericmistral-tecniceulalia.cat\/wp-content\/uploads\/2020\/11\/Fundacio_convenis_foto_colectania.jpg 1000w, https:\/\/fredericmistral-tecniceulalia.cat\/wp-content\/uploads\/2020\/11\/Fundacio_convenis_foto_colectania-300x300.jpg 300w, https:\/\/fredericmistral-tecniceulalia.cat\/wp-content\/uploads\/2020\/11\/Fundacio_convenis_foto_colectania-150x150.jpg 150w, https:\/\/fredericmistral-tecniceulalia.cat\/wp-content\/uploads\/2020\/11\/Fundacio_convenis_foto_colectania-768x768.jpg 768w, https:\/\/fredericmistral-tecniceulalia.cat\/wp-content\/uploads\/2020\/11\/Fundacio_convenis_foto_colectania-800x800.jpg 800w\" sizes=\"auto, (max-width: 1000px) 100vw, 1000px\" \/>\t\t\t\t\t<\/a>\n\t\t\t\t<\/div>\n\t\t\t\t<div class=\"col-md-6 text-imatge__text\">\n\t\t\t\t\t<span class=\"seccio_bloc\">\n\t\t\t\t\t\t\t\n\t\t\t\t\t<\/span>\n\t\t\t\t\t<h2 class=\"titol_bloc\">\n\t\t\t\t\t\tLa Fundaci\u00f3n Foto Colectania\t\n\t\t\t\t\t<\/h2>\n\t\t\t\t\t<div class=\"text_bloc\">\n\t\t\t\t\t\t<p>\n\t\t\t\t\t\t\t<p>Desde el curso 2016-2017 tenemos un convenio de colaboraci\u00f3n con la Fundaci\u00f3n Foto Colectania para realizar programas que tomen como eje el pensamiento alrededor de la imagen y la fotograf\u00eda, potenciando la capacidad comunicativa y la idoneidad para generar pensamiento cr\u00edtico. Fruto de esta colaboraci\u00f3n son las distintas actividades espec\u00edficas destinadas al profesorado, al alumnado y a las familias de la Fundaci\u00f3 Collserola. A la vez, familias y profesorado disponen de un carnet digital que da acceso gratuito a sus exposiciones.<\/p>\n\t\n\t\t\t\t\t\t<\/p>\n\t\t\t\t\t<\/div>\n\t\t\t\t\t\t\n\t\t\t\t\t<\/a>\n\t\t\t\t<\/div>\n\t\t\t<\/div>\n\t\t<\/div>\n\t<\/div>\n\n\n\t<div class=\"grid-container lazy\">\n\t\t<div class=\"text-imatge\">\n\t\t\t<div class=\"text-imatge-row row\">\n\t\t\t\t<div class=\"col-md-6 text-imatge__imatge\">\n\t\t\t\t\t\t\t\t\t\t<a href=\"\">\n\t\t\t\t\t<img loading=\"lazy\" decoding=\"async\" width=\"1000\" height=\"1000\" src=\"https:\/\/fredericmistral-tecniceulalia.cat\/wp-content\/uploads\/2020\/11\/Fundacio_convenis_altres_entitats-1000x1000.jpg\" class=\"attachment-custom-cuadrat size-custom-cuadrat\" alt=\"\" srcset=\"https:\/\/fredericmistral-tecniceulalia.cat\/wp-content\/uploads\/2020\/11\/Fundacio_convenis_altres_entitats.jpg 1000w, https:\/\/fredericmistral-tecniceulalia.cat\/wp-content\/uploads\/2020\/11\/Fundacio_convenis_altres_entitats-300x300.jpg 300w, https:\/\/fredericmistral-tecniceulalia.cat\/wp-content\/uploads\/2020\/11\/Fundacio_convenis_altres_entitats-150x150.jpg 150w, https:\/\/fredericmistral-tecniceulalia.cat\/wp-content\/uploads\/2020\/11\/Fundacio_convenis_altres_entitats-768x768.jpg 768w, https:\/\/fredericmistral-tecniceulalia.cat\/wp-content\/uploads\/2020\/11\/Fundacio_convenis_altres_entitats-800x800.jpg 800w\" sizes=\"auto, (max-width: 1000px) 100vw, 1000px\" \/>\t\t\t\t\t<\/a>\n\t\t\t\t<\/div>\n\t\t\t\t<div class=\"col-md-6 text-imatge__text\">\n\t\t\t\t\t<span class=\"seccio_bloc\">\n\t\t\t\t\t\t\t\n\t\t\t\t\t<\/span>\n\t\t\t\t\t<h2 class=\"titol_bloc\">\n\t\t\t\t\t\tLa Fundaci\u00f3n Orquesta Sinf\u00f3nica del Vall\u00e8s\t\n\t\t\t\t\t<\/h2>\n\t\t\t\t\t<div class=\"text_bloc\">\n\t\t\t\t\t\t<p>\n\t\t\t\t\t\t\t<p>El curso 2017-2018, establec\u00edamos un convenio de colaboraci\u00f3n con la Fundaci\u00f3n Orquesta Sinf\u00f3nica del Vall\u00e8s. El arte y la cultura, ejes importantes en el proyecto educativo de la Fundaci\u00f3, quedan reforzados con este acuerdo que establece el compromiso de compartir las emociones de la m\u00fasica y fomentar esta disciplina art\u00edstica de la Fundaci\u00f3n Orquesta Sinf\u00f3nica del Vall\u00e8s.<\/p>\n<p>De esta manera, alumnado, familias y trabajadores de la Fundaci\u00f3 podemos disfrutar de ventajas a la hora de asistir a conciertos y de las propuestas musicales, pensadas para nosotros, de la Orquesta Sinf\u00f3nica del Vall\u00e8s.<\/p>\n\t\n\t\t\t\t\t\t<\/p>\n\t\t\t\t\t<\/div>\n\t\t\t\t\t\t\n\t\t\t\t<\/div>\n\t\t\t<\/div>\n\t\t<\/div>\n\t<\/div>\n\n\n","protected":false},"excerpt":{"rendered":"","protected":false},"author":3,"featured_media":0,"parent":3964,"menu_order":0,"comment_status":"closed","ping_status":"closed","template":"","meta":{"_acf_changed":false,"_uag_custom_page_level_css":"","_themeisle_gutenberg_block_has_review":false,"footnotes":""},"class_list":{"0":"post-3967","1":"page","2":"type-page","3":"status-publish","5":"infinite-scroll-item"},"acf":[],"uagb_featured_image_src":{"full":false,"thumbnail":false,"medium":false,"medium_large":false,"large":false,"custom-cuadrat":false,"modul1":false,"post":false,"1536x1536":false,"2048x2048":false},"uagb_author_info":{"display_name":"usuari-admin","author_link":"https:\/\/fredericmistral-tecniceulalia.cat\/es\/author\/usuari-admin\/"},"uagb_comment_info":0,"uagb_excerpt":null,"_links":{"self":[{"href":"https:\/\/fredericmistral-tecniceulalia.cat\/es\/wp-json\/wp\/v2\/pages\/3967","targetHints":{"allow":["GET"]}}],"collection":[{"href":"https:\/\/fredericmistral-tecniceulalia.cat\/es\/wp-json\/wp\/v2\/pages"}],"about":[{"href":"https:\/\/fredericmistral-tecniceulalia.cat\/es\/wp-json\/wp\/v2\/types\/page"}],"author":[{"embeddable":true,"href":"https:\/\/fredericmistral-tecniceulalia.cat\/es\/wp-json\/wp\/v2\/users\/3"}],"replies":[{"embeddable":true,"href":"https:\/\/fredericmistral-tecniceulalia.cat\/es\/wp-json\/wp\/v2\/comments?post=3967"}],"version-history":[{"count":6,"href":"https:\/\/fredericmistral-tecniceulalia.cat\/es\/wp-json\/wp\/v2\/pages\/3967\/revisions"}],"predecessor-version":[{"id":5349,"href":"https:\/\/fredericmistral-tecniceulalia.cat\/es\/wp-json\/wp\/v2\/pages\/3967\/revisions\/5349"}],"up":[{"embeddable":true,"href":"https:\/\/fredericmistral-tecniceulalia.cat\/es\/wp-json\/wp\/v2\/pages\/3964"}],"wp:attachment":[{"href":"https:\/\/fredericmistral-tecniceulalia.cat\/es\/wp-json\/wp\/v2\/media?parent=3967"}],"curies":[{"name":"wp","href":"https:\/\/api.w.org\/{rel}","templated":true}]}}