{"id":3972,"date":"2020-09-09T18:42:32","date_gmt":"2020-09-09T18:42:32","guid":{"rendered":"https:\/\/fredericmistral-tecniceulalia.cat\/la-fundacio-collserola\/fundacions-vinculades\/"},"modified":"2021-02-17T17:04:27","modified_gmt":"2021-02-17T16:04:27","slug":"fundaciones-vinculadas","status":"publish","type":"page","link":"https:\/\/fredericmistral-tecniceulalia.cat\/es\/la-fundacio-collserola\/fundaciones-vinculadas\/","title":{"rendered":"Nuestras fundaciones vinculadas"},"content":{"rendered":"\n\t<div id=\"cabecerainterior-block_5f59209c68703\" class=\"cabecerainterior lazy\">\n\t\t<div class=\"cabint-image\">\n\t\t\t<img decoding=\"async\" src=\"https:\/\/fredericmistral-tecniceulalia.cat\/wp-content\/uploads\/2020\/09\/Les_nostres_fundacions_vinculades_Capcalera-scaled.jpg\" alt=\"\">\n\t\t<\/div>\n\t\t<div class=\"cabint-info\">\n\t\t\t<h1 class=\"cabint-info__titol\">\n\t\t\t\tNuestras fundaciones vinculadas\t\t\t<\/h1>\n\t\t<\/div>\n\t<\/div>\n\n\t\n\n\n\t<div id=\"tornarenrera-block_5f59f63319a1c\" class=\"back lazy\">\n\t\t<a href=\"\/es\/la-fundacio-collserola\/\" class=\"goback\">\n\t\t\t<img decoding=\"async\" src=\"\/wp-content\/uploads\/2020\/08\/arrow_goback.png\" alt=\"Tornar enrere\" title=\"Tornar enrere\"\/>\n\t\t<\/a>\n\t<\/div>\n\n\t\n\n\t<div class=\"grid-container lazy\">\n\t\t<div class=\"text-imatge\">\n\t\t\t<div class=\"text-imatge-row row\">\n\t\t\t\t<div class=\"col-md-6 text-imatge__imatge\">\n\t\t\t\t\t\t\t\t\t\t<a href=\"https:\/\/www.cimdestela.cat\/\">\n\t\t\t\t\t<img loading=\"lazy\" decoding=\"async\" width=\"1000\" height=\"1000\" src=\"https:\/\/fredericmistral-tecniceulalia.cat\/wp-content\/uploads\/2020\/09\/Fundacio_Cim_estela-1000x1000.jpg\" class=\"attachment-custom-cuadrat size-custom-cuadrat\" alt=\"\" srcset=\"https:\/\/fredericmistral-tecniceulalia.cat\/wp-content\/uploads\/2020\/09\/Fundacio_Cim_estela-1000x1000.jpg 1000w, https:\/\/fredericmistral-tecniceulalia.cat\/wp-content\/uploads\/2020\/09\/Fundacio_Cim_estela-150x150.jpg 150w, https:\/\/fredericmistral-tecniceulalia.cat\/wp-content\/uploads\/2020\/09\/Fundacio_Cim_estela-800x800.jpg 800w\" sizes=\"auto, (max-width: 1000px) 100vw, 1000px\" \/>\t\t\t\t\t<\/a>\n\t\t\t\t<\/div>\n\t\t\t\t<div class=\"col-md-6 text-imatge__text\">\n\t\t\t\t\t<span class=\"seccio_bloc\">\n\t\t\t\t\t\t\t\n\t\t\t\t\t<\/span>\n\t\t\t\t\t<h2 class=\"titol_bloc\">\n\t\t\t\t\t\tLa Fundaci\u00f3 Cim d\u2019Estela\t\n\t\t\t\t\t<\/h2>\n\t\t\t\t\t<div class=\"text_bloc\">\n\t\t\t\t\t\t<p>\n\t\t\t\t\t\t\t<p>La Fundaci\u00f3 Cim d\u2019Estela nos proporciona servicios educativos complementarios de alta calidad y especializaci\u00f3n en los \u00e1mbitos deportivos, cultural y del ocio y, tambi\u00e9n, en el espacio del mediod\u00eda.<\/p>\n<p>Actualmente, cubren cinco sectores de actividad: el Espacio mediod\u00eda en el colegio; las Actividades Extraescolares deportivas y culturales; las Colonias y los Casales de verano; la Escuela de M\u00fasica y el Centro de Idiomas.<\/p>\n\t\n\t\t\t\t\t\t<\/p>\n\t\t\t\t\t<\/div>\n\t\t\t\t\t\t\t\t\t\t\t\t<a href=\"https:\/\/www.cimdestela.cat\/\" class=\"mes_bloc\">\n\t\t\t\t\t\t\t+info\t\n\t\t\t\t\t\t<\/a>\n\t\t\t\t\t\t\n\t\t\t\t<\/div>\n\t\t\t<\/div>\n\t\t<\/div>\n\t<\/div>\n\n\n\t<div class=\"grid-container lazy\">\n\t\t<div class=\"text-imatge right\">\n\t\t\t<div class=\"text-imatge-row row\">\n\t\t\t\t<div class=\"col-md-6 text-imatge__imatge\">\n\t\t\t\t\t\t\t\t\t\t<a href=\"https:\/\/www.institutpsicologia.cat\/\">\n\t\t\t\t\t<img loading=\"lazy\" decoding=\"async\" width=\"1000\" height=\"1000\" src=\"https:\/\/fredericmistral-tecniceulalia.cat\/wp-content\/uploads\/2020\/09\/Les_nostres_fundacions_vinculades_Institut_psicologia-1000x1000.jpg\" class=\"attachment-custom-cuadrat size-custom-cuadrat\" alt=\"\" srcset=\"https:\/\/fredericmistral-tecniceulalia.cat\/wp-content\/uploads\/2020\/09\/Les_nostres_fundacions_vinculades_Institut_psicologia-1000x1000.jpg 1000w, https:\/\/fredericmistral-tecniceulalia.cat\/wp-content\/uploads\/2020\/09\/Les_nostres_fundacions_vinculades_Institut_psicologia-300x300.jpg 300w, https:\/\/fredericmistral-tecniceulalia.cat\/wp-content\/uploads\/2020\/09\/Les_nostres_fundacions_vinculades_Institut_psicologia-1024x1024.jpg 1024w, https:\/\/fredericmistral-tecniceulalia.cat\/wp-content\/uploads\/2020\/09\/Les_nostres_fundacions_vinculades_Institut_psicologia-150x150.jpg 150w, https:\/\/fredericmistral-tecniceulalia.cat\/wp-content\/uploads\/2020\/09\/Les_nostres_fundacions_vinculades_Institut_psicologia-768x768.jpg 768w, https:\/\/fredericmistral-tecniceulalia.cat\/wp-content\/uploads\/2020\/09\/Les_nostres_fundacions_vinculades_Institut_psicologia-800x800.jpg 800w, https:\/\/fredericmistral-tecniceulalia.cat\/wp-content\/uploads\/2020\/09\/Les_nostres_fundacions_vinculades_Institut_psicologia-1536x1536.jpg 1536w, https:\/\/fredericmistral-tecniceulalia.cat\/wp-content\/uploads\/2020\/09\/Les_nostres_fundacions_vinculades_Institut_psicologia-2048x2048.jpg 2048w\" sizes=\"auto, (max-width: 1000px) 100vw, 1000px\" \/>\t\t\t\t\t<\/a>\n\t\t\t\t<\/div>\n\t\t\t\t<div class=\"col-md-6 text-imatge__text\">\n\t\t\t\t\t<span class=\"seccio_bloc\">\n\t\t\t\t\t\t\t\n\t\t\t\t\t<\/span>\n\t\t\t\t\t<h2 class=\"titol_bloc\">\n\t\t\t\t\t\tLa Fundaci\u00f3 Institut de Psicologia\t\n\t\t\t\t\t<\/h2>\n\t\t\t\t\t<div class=\"text_bloc\">\n\t\t\t\t\t\t<p>\n\t\t\t\t\t\t\t<p>La colaboraci\u00f3n con la Fundaci\u00f3 Institut de Psicologia permite ofrecer un servicio integral en el campo de la psicolog\u00eda, la psiquiatr\u00eda, la psicopedagog\u00eda y la logopedia, de manera coordinada con el colegio, para asegurar la mejora personal, familiar y\/o colectiva en los casos que requieran intervenci\u00f3n sanitaria.<\/p>\n<p>Naci\u00f3 con la voluntad y el impulso de la Fundaci\u00f3 Collserola y la intenci\u00f3n de sumar esfuerzos entre el mundo de la pedagog\u00eda y el de la psicolog\u00eda y favorecer el desarrollo equilibrado de la persona.<\/p>\n\t\n\t\t\t\t\t\t<\/p>\n\t\t\t\t\t<\/div>\n\t\t\t\t\t\t\t\t\t\t\t\t<a href=\"https:\/\/www.institutpsicologia.cat\/\" class=\"mes_bloc\">\n\t\t\t\t\t\t\t+info\t\n\t\t\t\t\t\t<\/a>\n\t\t\t\t\t\t\n\t\t\t\t\t<\/a>\n\t\t\t\t<\/div>\n\t\t\t<\/div>\n\t\t<\/div>\n\t<\/div>\n\n\n\t<div class=\"grid-container lazy\">\n\t\t<div class=\"text-imatge\">\n\t\t\t<div class=\"text-imatge-row row\">\n\t\t\t\t<div class=\"col-md-6 text-imatge__imatge\">\n\t\t\t\t\t\t\t\t\t\t<a href=\"https:\/\/www.fundaciobellaire.cat\/\">\n\t\t\t\t\t<img loading=\"lazy\" decoding=\"async\" width=\"1000\" height=\"1000\" src=\"https:\/\/fredericmistral-tecniceulalia.cat\/wp-content\/uploads\/2020\/09\/Les_nostres_fundacions_vinculades_Bellaire-1000x1000.jpg\" class=\"attachment-custom-cuadrat size-custom-cuadrat\" alt=\"\" srcset=\"https:\/\/fredericmistral-tecniceulalia.cat\/wp-content\/uploads\/2020\/09\/Les_nostres_fundacions_vinculades_Bellaire-1000x1000.jpg 1000w, https:\/\/fredericmistral-tecniceulalia.cat\/wp-content\/uploads\/2020\/09\/Les_nostres_fundacions_vinculades_Bellaire-300x300.jpg 300w, https:\/\/fredericmistral-tecniceulalia.cat\/wp-content\/uploads\/2020\/09\/Les_nostres_fundacions_vinculades_Bellaire-1024x1024.jpg 1024w, https:\/\/fredericmistral-tecniceulalia.cat\/wp-content\/uploads\/2020\/09\/Les_nostres_fundacions_vinculades_Bellaire-150x150.jpg 150w, https:\/\/fredericmistral-tecniceulalia.cat\/wp-content\/uploads\/2020\/09\/Les_nostres_fundacions_vinculades_Bellaire-768x768.jpg 768w, https:\/\/fredericmistral-tecniceulalia.cat\/wp-content\/uploads\/2020\/09\/Les_nostres_fundacions_vinculades_Bellaire-800x800.jpg 800w, https:\/\/fredericmistral-tecniceulalia.cat\/wp-content\/uploads\/2020\/09\/Les_nostres_fundacions_vinculades_Bellaire-1536x1536.jpg 1536w, https:\/\/fredericmistral-tecniceulalia.cat\/wp-content\/uploads\/2020\/09\/Les_nostres_fundacions_vinculades_Bellaire-2048x2048.jpg 2048w\" sizes=\"auto, (max-width: 1000px) 100vw, 1000px\" \/>\t\t\t\t\t<\/a>\n\t\t\t\t<\/div>\n\t\t\t\t<div class=\"col-md-6 text-imatge__text\">\n\t\t\t\t\t<span class=\"seccio_bloc\">\n\t\t\t\t\t\t\t\n\t\t\t\t\t<\/span>\n\t\t\t\t\t<h2 class=\"titol_bloc\">\n\t\t\t\t\t\tLa Fundaci\u00f3 Bellaire\t\n\t\t\t\t\t<\/h2>\n\t\t\t\t\t<div class=\"text_bloc\">\n\t\t\t\t\t\t<p>\n\t\t\t\t\t\t\t<p>La <a href=\"http:\/\/www.fundaciobellaire.cat\/\" target=\"_blank\" rel=\"noopener\">Fundaci\u00f3 Bellaire<\/a>, constituida el a\u00f1o 2009 a partir de la colaboraci\u00f3n entre la Fundaci\u00f3 Collserola y el Grup d\u2019Estudis Psicosi Infantil (GEPI), es la titular de la escuela y centro terap\u00e9utico Bellaire, un centro concertado de educaci\u00f3n especial.<\/p>\n<p>La raz\u00f3n de ser la Fundaci\u00f3 Bellaire es la creaci\u00f3n y sostenimiento de instituciones y servicios, sin \u00e1nimo de lucro, dedicados a la investigaci\u00f3n, la educaci\u00f3n y el tratamiento de personas diagnosticadas con trastornos del espectro autista (TEA).<\/p>\n\t\n\t\t\t\t\t\t<\/p>\n\t\t\t\t\t<\/div>\n\t\t\t\t\t\t\t\t\t\t\t\t<a href=\"https:\/\/www.fundaciobellaire.cat\/\" class=\"mes_bloc\">\n\t\t\t\t\t\t\t+info\t\n\t\t\t\t\t\t<\/a>\n\t\t\t\t\t\t\n\t\t\t\t<\/div>\n\t\t\t<\/div>\n\t\t<\/div>\n\t<\/div>\n\n\n\t<div class=\"grid-container lazy\">\n\t\t<div class=\"text-imatge right\">\n\t\t\t<div class=\"text-imatge-row row\">\n\t\t\t\t<div class=\"col-md-6 text-imatge__imatge\">\n\t\t\t\t\t\t\t\t\t\t<a href=\"\">\n\t\t\t\t\t<img loading=\"lazy\" decoding=\"async\" width=\"1000\" height=\"1000\" src=\"https:\/\/fredericmistral-tecniceulalia.cat\/wp-content\/uploads\/2020\/09\/Fundacio_Els_xipres-1000x1000.jpg\" class=\"attachment-custom-cuadrat size-custom-cuadrat\" alt=\"\" srcset=\"https:\/\/fredericmistral-tecniceulalia.cat\/wp-content\/uploads\/2020\/09\/Fundacio_Els_xipres-1000x1000.jpg 1000w, https:\/\/fredericmistral-tecniceulalia.cat\/wp-content\/uploads\/2020\/09\/Fundacio_Els_xipres-150x150.jpg 150w, https:\/\/fredericmistral-tecniceulalia.cat\/wp-content\/uploads\/2020\/09\/Fundacio_Els_xipres-800x800.jpg 800w\" sizes=\"auto, (max-width: 1000px) 100vw, 1000px\" \/>\t\t\t\t\t<\/a>\n\t\t\t\t<\/div>\n\t\t\t\t<div class=\"col-md-6 text-imatge__text\">\n\t\t\t\t\t<span class=\"seccio_bloc\">\n\t\t\t\t\t\t\t\n\t\t\t\t\t<\/span>\n\t\t\t\t\t<h2 class=\"titol_bloc\">\n\t\t\t\t\t\tLa Fundaci\u00f3 Els Xiprers\t\n\t\t\t\t\t<\/h2>\n\t\t\t\t\t<div class=\"text_bloc\">\n\t\t\t\t\t\t<p>\n\t\t\t\t\t\t\t<p>Con el objetivo de desarrollar un Programa Integral de Atenci\u00f3n al Autismo, se integr\u00f3 a la Fundaci\u00f3 Els Xiprers, entidad que atiende personas adultas afectadas por el trastorno de espectro autista (TEA).<\/p>\n<p>La Fundaci\u00f3 Els Xiprers dispone de un centro ocupacional en las antiguas torres de la escuela Ramon Fuster, cedidas hace unos a\u00f1os por la Fundaci\u00f3 Collserola, y un Hogar-residencia en Sabadell.<\/p>\n\t\n\t\t\t\t\t\t<\/p>\n\t\t\t\t\t<\/div>\n\t\t\t\t\t\t\n\t\t\t\t\t<\/a>\n\t\t\t\t<\/div>\n\t\t\t<\/div>\n\t\t<\/div>\n\t<\/div>\n","protected":false},"excerpt":{"rendered":"","protected":false},"author":3,"featured_media":0,"parent":3964,"menu_order":0,"comment_status":"closed","ping_status":"closed","template":"","meta":{"_acf_changed":false,"_uag_custom_page_level_css":"","_themeisle_gutenberg_block_has_review":false,"footnotes":""},"class_list":{"0":"post-3972","1":"page","2":"type-page","3":"status-publish","5":"infinite-scroll-item"},"acf":[],"uagb_featured_image_src":{"full":false,"thumbnail":false,"medium":false,"medium_large":false,"large":false,"custom-cuadrat":false,"modul1":false,"post":false,"1536x1536":false,"2048x2048":false},"uagb_author_info":{"display_name":"usuari-admin","author_link":"https:\/\/fredericmistral-tecniceulalia.cat\/es\/author\/usuari-admin\/"},"uagb_comment_info":0,"uagb_excerpt":null,"_links":{"self":[{"href":"https:\/\/fredericmistral-tecniceulalia.cat\/es\/wp-json\/wp\/v2\/pages\/3972","targetHints":{"allow":["GET"]}}],"collection":[{"href":"https:\/\/fredericmistral-tecniceulalia.cat\/es\/wp-json\/wp\/v2\/pages"}],"about":[{"href":"https:\/\/fredericmistral-tecniceulalia.cat\/es\/wp-json\/wp\/v2\/types\/page"}],"author":[{"embeddable":true,"href":"https:\/\/fredericmistral-tecniceulalia.cat\/es\/wp-json\/wp\/v2\/users\/3"}],"replies":[{"embeddable":true,"href":"https:\/\/fredericmistral-tecniceulalia.cat\/es\/wp-json\/wp\/v2\/comments?post=3972"}],"version-history":[{"count":6,"href":"https:\/\/fredericmistral-tecniceulalia.cat\/es\/wp-json\/wp\/v2\/pages\/3972\/revisions"}],"predecessor-version":[{"id":5346,"href":"https:\/\/fredericmistral-tecniceulalia.cat\/es\/wp-json\/wp\/v2\/pages\/3972\/revisions\/5346"}],"up":[{"embeddable":true,"href":"https:\/\/fredericmistral-tecniceulalia.cat\/es\/wp-json\/wp\/v2\/pages\/3964"}],"wp:attachment":[{"href":"https:\/\/fredericmistral-tecniceulalia.cat\/es\/wp-json\/wp\/v2\/media?parent=3972"}],"curies":[{"name":"wp","href":"https:\/\/api.w.org\/{rel}","templated":true}]}}