{"id":3993,"date":"2020-07-16T13:54:09","date_gmt":"2020-07-16T13:54:09","guid":{"rendered":"https:\/\/fredericmistral-tecniceulalia.cat\/ambitos\/plurilinguisme\/"},"modified":"2021-02-16T10:28:47","modified_gmt":"2021-02-16T09:28:47","slug":"plurilinguismo","status":"publish","type":"page","link":"https:\/\/fredericmistral-tecniceulalia.cat\/es\/ambitos\/plurilinguismo\/","title":{"rendered":"Pluriling\u00fcismo"},"content":{"rendered":"\n\t<div id=\"cabecerainterior-block_5ed76c89e95bc\" class=\"cabecerainterior lazy\">\n\t\t<div class=\"cabint-image\">\n\t\t\t<img decoding=\"async\" src=\"https:\/\/fredericmistral-tecniceulalia.cat\/wp-content\/uploads\/2020\/07\/opt_web_FMTE_Plurilinguisme_3-1.jpg\" alt=\"Pluriling\u00fcisme\">\n\t\t<\/div>\n\t\t<div class=\"cabint-info\">\n\t\t\t<h1 class=\"cabint-info__titol\">\n\t\t\t\tPluriling\u00fcismo\t\t\t<\/h1>\n\t\t<\/div>\n\t<\/div>\n\n\t\n\n\n\t<div id=\"tornarenrera-block_5f35979670602\" class=\"back lazy\">\n\t\t<a href=\"\/es\/ambitos\/\" class=\"goback\">\n\t\t\t<img decoding=\"async\" src=\"\/wp-content\/uploads\/2020\/08\/arrow_goback.png\" alt=\"Tornar enrere\" title=\"Tornar enrere\"\/>\n\t\t<\/a>\n\t<\/div>\n\n\t\n\n\t<div iid=\"textodestacado-block_5f104b02134ab\" class=\"text-destacat lazy\">\t\t<div class=\"grid-container\">\n\t\t\t<!-- Item -->\n        <div class=\"text-destacat__text\">\n\t\t\t\t\t<h2 class=\"titol_bloc\">\n\t\t\t\t\t\tInmersi\u00f3n y competencia ling\u00fc\u00edstica\t\t\t\t\t<\/h2>\n\t\t\t\t\t<div class=\"text_bloc\">\n\t\t\t\t\t\t<p>Desde Educaci\u00f3n Infantil se inicia el aprendizaje de la lengua inglesa, y a partir de 5\u00ba de Primaria, introducimos una segunda lengua extranjera. Se puede escoger franc\u00e9s o alem\u00e1n y se trabajan la <strong>comunicaci\u00f3n y la comprensi\u00f3n lectora, de manera vivencial. <\/strong><\/p>\n\t\t\t\t\t<\/div>\n\t\t\t\t<\/div>\n\t\t\t<!-- .\/ Item -->\t\n\t\t<\/div>\n\t<\/div>\n\n\t\n\n\t<div class=\"grid-container lazy\">\n\t\t<div class=\"text-imatge\">\n\t\t\t<div class=\"text-imatge-row row\">\n\t\t\t\t<div class=\"col-md-6 text-imatge__imatge\">\n\t\t\t\t\t\t\t\t\t\t<a href=\"\">\n\t\t\t\t\t<img loading=\"lazy\" decoding=\"async\" width=\"1000\" height=\"1000\" src=\"https:\/\/fredericmistral-tecniceulalia.cat\/wp-content\/uploads\/2020\/07\/opt_web_FMTE_Plurilinguisme_1-1-1000x1000.jpg\" class=\"attachment-custom-cuadrat size-custom-cuadrat\" alt=\"Pluriling\u00fcisme\" srcset=\"https:\/\/fredericmistral-tecniceulalia.cat\/wp-content\/uploads\/2020\/07\/opt_web_FMTE_Plurilinguisme_1-1.jpg 1000w, https:\/\/fredericmistral-tecniceulalia.cat\/wp-content\/uploads\/2020\/07\/opt_web_FMTE_Plurilinguisme_1-1-300x300.jpg 300w, https:\/\/fredericmistral-tecniceulalia.cat\/wp-content\/uploads\/2020\/07\/opt_web_FMTE_Plurilinguisme_1-1-150x150.jpg 150w, https:\/\/fredericmistral-tecniceulalia.cat\/wp-content\/uploads\/2020\/07\/opt_web_FMTE_Plurilinguisme_1-1-768x768.jpg 768w, https:\/\/fredericmistral-tecniceulalia.cat\/wp-content\/uploads\/2020\/07\/opt_web_FMTE_Plurilinguisme_1-1-800x800.jpg 800w\" sizes=\"auto, (max-width: 1000px) 100vw, 1000px\" \/>\t\t\t\t\t<\/a>\n\t\t\t\t<\/div>\n\t\t\t\t<div class=\"col-md-6 text-imatge__text\">\n\t\t\t\t\t<span class=\"seccio_bloc\">\n\t\t\t\t\t\t\t\n\t\t\t\t\t<\/span>\n\t\t\t\t\t<h2 class=\"titol_bloc\">\n\t\t\t\t\t\tMirada internacional\t\n\t\t\t\t\t<\/h2>\n\t\t\t\t\t<div class=\"text_bloc\">\n\t\t\t\t\t\t<p>\n\t\t\t\t\t\t\t<p>La incorporaci\u00f3n de <strong>dos lenguas adicionales (ingl\u00e9s y franc\u00e9s o alem\u00e1n) <\/strong>a las lenguas oficiales nos permite preparar de manera s\u00f3lida al alumnado a lo largo de todas las etapas educativas. Con un enfoque innovador y con una mirada claramente internacionalizada, impartimos contenidos curriculares de algunas materias no ling\u00fc\u00edsticas en estas lenguas extranjeras. Tambi\u00e9n trabajamos en red y participamos en <strong>intercambios ling\u00fc\u00edsticos <\/strong>para conseguir que nuestros alumnos y nuestras alumnas sean pluriling\u00fces.<\/p>\n\t\n\t\t\t\t\t\t<\/p>\n\t\t\t\t\t<\/div>\n\t\t\t\t\t\t\n\t\t\t\t<\/div>\n\t\t\t<\/div>\n\t\t<\/div>\n\t<\/div>\n\n\n\t<div class=\"grid-container lazy\">\n\t\t<div class=\"text-imatge right\">\n\t\t\t<div class=\"text-imatge-row row\">\n\t\t\t\t<div class=\"col-md-6 text-imatge__imatge\">\n\t\t\t\t\t\t\t\t\t\t<a href=\"\">\n\t\t\t\t\t<img loading=\"lazy\" decoding=\"async\" width=\"1000\" height=\"1000\" src=\"https:\/\/fredericmistral-tecniceulalia.cat\/wp-content\/uploads\/2020\/09\/ambits_plurilinguisme_batxibac-1000x1000.jpg\" class=\"attachment-custom-cuadrat size-custom-cuadrat\" alt=\"\" srcset=\"https:\/\/fredericmistral-tecniceulalia.cat\/wp-content\/uploads\/2020\/09\/ambits_plurilinguisme_batxibac-1000x1000.jpg 1000w, https:\/\/fredericmistral-tecniceulalia.cat\/wp-content\/uploads\/2020\/09\/ambits_plurilinguisme_batxibac-300x300.jpg 300w, https:\/\/fredericmistral-tecniceulalia.cat\/wp-content\/uploads\/2020\/09\/ambits_plurilinguisme_batxibac-1024x1024.jpg 1024w, https:\/\/fredericmistral-tecniceulalia.cat\/wp-content\/uploads\/2020\/09\/ambits_plurilinguisme_batxibac-150x150.jpg 150w, https:\/\/fredericmistral-tecniceulalia.cat\/wp-content\/uploads\/2020\/09\/ambits_plurilinguisme_batxibac-768x768.jpg 768w, https:\/\/fredericmistral-tecniceulalia.cat\/wp-content\/uploads\/2020\/09\/ambits_plurilinguisme_batxibac-800x800.jpg 800w, https:\/\/fredericmistral-tecniceulalia.cat\/wp-content\/uploads\/2020\/09\/ambits_plurilinguisme_batxibac-1536x1536.jpg 1536w, https:\/\/fredericmistral-tecniceulalia.cat\/wp-content\/uploads\/2020\/09\/ambits_plurilinguisme_batxibac-2048x2048.jpg 2048w\" sizes=\"auto, (max-width: 1000px) 100vw, 1000px\" \/>\t\t\t\t\t<\/a>\n\t\t\t\t<\/div>\n\t\t\t\t<div class=\"col-md-6 text-imatge__text\">\n\t\t\t\t\t<span class=\"seccio_bloc\">\n\t\t\t\t\t\t\t\n\t\t\t\t\t<\/span>\n\t\t\t\t\t<h2 class=\"titol_bloc\">\n\t\t\t\t\t\t\t\n\t\t\t\t\t<\/h2>\n\t\t\t\t\t<div class=\"text_bloc\">\n\t\t\t\t\t\t<p>\n\t\t\t\t\t\t\t<p>Por otro lado, en el Bachillerato ofrecemos la opci\u00f3n del <strong>Bachibac<\/strong>, el programa que permite conseguir la <strong>doble titulaci\u00f3n del bachillerato espa\u00f1ol y e<\/strong>l <strong>baccalaur\u00e9at franc\u00e9s<\/strong>. El curr\u00edculum es mixto e incorpora la lengua francesa en las materias comunes y espec\u00edficas de cualquier modalidad de Bachillerato.<\/p>\n\t\n\t\t\t\t\t\t<\/p>\n\t\t\t\t\t<\/div>\n\t\t\t\t\t\t\n\t\t\t\t\t<\/a>\n\t\t\t\t<\/div>\n\t\t\t<\/div>\n\t\t<\/div>\n\t<\/div>\n\n\n\t\t<div id=\"fotos-block_5f105d90971ff\" class=\"text slider-fotos lazy\">\n\t\t\t\t\t\t\t\t\t\t\t\t\t\t\t<div class=\"fotos-info slick-container\">\n\t\t\t\t\t<img loading=\"lazy\" decoding=\"async\" width=\"1000\" height=\"730\" src=\"https:\/\/fredericmistral-tecniceulalia.cat\/wp-content\/uploads\/2020\/07\/opt_web_FMTE_Plurilinguisme_2-1.jpg\" class=\"attachment-full size-full\" alt=\"Pluriling\u00fcisme\" srcset=\"https:\/\/fredericmistral-tecniceulalia.cat\/wp-content\/uploads\/2020\/07\/opt_web_FMTE_Plurilinguisme_2-1.jpg 1000w, https:\/\/fredericmistral-tecniceulalia.cat\/wp-content\/uploads\/2020\/07\/opt_web_FMTE_Plurilinguisme_2-1-300x219.jpg 300w, https:\/\/fredericmistral-tecniceulalia.cat\/wp-content\/uploads\/2020\/07\/opt_web_FMTE_Plurilinguisme_2-1-768x561.jpg 768w\" sizes=\"auto, (max-width: 1000px) 100vw, 1000px\" \/>\t\t\t\t\t<h3 class=\"fotos-titol\">\n\t\t\t\t\t\t\t\t\t\t\t<\/h3>\n\t\t\t\t\t<p class=\"fotos-txt\">\n\t\t\t\t\t\t\t\n\t\t\t\t\t<\/p>\n\t\t\t\t<\/div>\n\t\t\t\t\t\t\t\t\t\t\t\t<div class=\"fotos-info slick-container\">\n\t\t\t\t\t<img loading=\"lazy\" decoding=\"async\" width=\"1000\" height=\"730\" src=\"https:\/\/fredericmistral-tecniceulalia.cat\/wp-content\/uploads\/2020\/07\/opt_web_FMTE_Plurilinguisme_5-1.jpg\" class=\"attachment-full size-full\" alt=\"Pluriling\u00fcisme\" srcset=\"https:\/\/fredericmistral-tecniceulalia.cat\/wp-content\/uploads\/2020\/07\/opt_web_FMTE_Plurilinguisme_5-1.jpg 1000w, https:\/\/fredericmistral-tecniceulalia.cat\/wp-content\/uploads\/2020\/07\/opt_web_FMTE_Plurilinguisme_5-1-300x219.jpg 300w, https:\/\/fredericmistral-tecniceulalia.cat\/wp-content\/uploads\/2020\/07\/opt_web_FMTE_Plurilinguisme_5-1-768x561.jpg 768w\" sizes=\"auto, (max-width: 1000px) 100vw, 1000px\" \/>\t\t\t\t\t<h3 class=\"fotos-titol\">\n\t\t\t\t\t\t\t\t\t\t\t<\/h3>\n\t\t\t\t\t<p class=\"fotos-txt\">\n\t\t\t\t\t\t\t\n\t\t\t\t\t<\/p>\n\t\t\t\t<\/div>\n\t\t\t\t\t\t\t\t\t\t\t\t<div class=\"fotos-info slick-container\">\n\t\t\t\t\t<img loading=\"lazy\" decoding=\"async\" width=\"1000\" height=\"730\" src=\"https:\/\/fredericmistral-tecniceulalia.cat\/wp-content\/uploads\/2020\/07\/opt_web_FMTE_Plurilinguisme_6-1.jpg\" class=\"attachment-full size-full\" alt=\"Pluriling\u00fcisme\" srcset=\"https:\/\/fredericmistral-tecniceulalia.cat\/wp-content\/uploads\/2020\/07\/opt_web_FMTE_Plurilinguisme_6-1.jpg 1000w, https:\/\/fredericmistral-tecniceulalia.cat\/wp-content\/uploads\/2020\/07\/opt_web_FMTE_Plurilinguisme_6-1-300x219.jpg 300w, https:\/\/fredericmistral-tecniceulalia.cat\/wp-content\/uploads\/2020\/07\/opt_web_FMTE_Plurilinguisme_6-1-768x561.jpg 768w\" sizes=\"auto, (max-width: 1000px) 100vw, 1000px\" \/>\t\t\t\t\t<h3 class=\"fotos-titol\">\n\t\t\t\t\t\t\t\t\t\t\t<\/h3>\n\t\t\t\t\t<p class=\"fotos-txt\">\n\t\t\t\t\t\t\t\n\t\t\t\t\t<\/p>\n\t\t\t\t<\/div>\n\t\t\t\t\t\t\t\t\t\t\t\t<div class=\"fotos-info slick-container\">\n\t\t\t\t\t<img loading=\"lazy\" decoding=\"async\" width=\"1000\" height=\"730\" src=\"https:\/\/fredericmistral-tecniceulalia.cat\/wp-content\/uploads\/2020\/07\/opt_web_FMTE_Plurilinguisme_9-1.jpg\" class=\"attachment-full size-full\" alt=\"Pluriling\u00fcisme\" srcset=\"https:\/\/fredericmistral-tecniceulalia.cat\/wp-content\/uploads\/2020\/07\/opt_web_FMTE_Plurilinguisme_9-1.jpg 1000w, https:\/\/fredericmistral-tecniceulalia.cat\/wp-content\/uploads\/2020\/07\/opt_web_FMTE_Plurilinguisme_9-1-300x219.jpg 300w, https:\/\/fredericmistral-tecniceulalia.cat\/wp-content\/uploads\/2020\/07\/opt_web_FMTE_Plurilinguisme_9-1-768x561.jpg 768w\" sizes=\"auto, (max-width: 1000px) 100vw, 1000px\" \/>\t\t\t\t\t<h3 class=\"fotos-titol\">\n\t\t\t\t\t\t\t\t\t\t\t<\/h3>\n\t\t\t\t\t<p class=\"fotos-txt\">\n\t\t\t\t\t\t\t\n\t\t\t\t\t<\/p>\n\t\t\t\t<\/div>\n\t\t\t\t\t\t\t\t\t\t\t\t<div class=\"fotos-info slick-container\">\n\t\t\t\t\t<img loading=\"lazy\" decoding=\"async\" width=\"1000\" height=\"730\" src=\"https:\/\/fredericmistral-tecniceulalia.cat\/wp-content\/uploads\/2020\/07\/opt_web_FMTE_Plurilinguisme_10-1.jpg\" class=\"attachment-full size-full\" alt=\"Pluriling\u00fcisme\" srcset=\"https:\/\/fredericmistral-tecniceulalia.cat\/wp-content\/uploads\/2020\/07\/opt_web_FMTE_Plurilinguisme_10-1.jpg 1000w, https:\/\/fredericmistral-tecniceulalia.cat\/wp-content\/uploads\/2020\/07\/opt_web_FMTE_Plurilinguisme_10-1-300x219.jpg 300w, https:\/\/fredericmistral-tecniceulalia.cat\/wp-content\/uploads\/2020\/07\/opt_web_FMTE_Plurilinguisme_10-1-768x561.jpg 768w\" sizes=\"auto, (max-width: 1000px) 100vw, 1000px\" \/>\t\t\t\t\t<h3 class=\"fotos-titol\">\n\t\t\t\t\t\t\t\t\t\t\t<\/h3>\n\t\t\t\t\t<p class=\"fotos-txt\">\n\t\t\t\t\t\t\t\n\t\t\t\t\t<\/p>\n\t\t\t\t<\/div>\n\t\t\t\t\t\t\t\t\t\t\t\t<div class=\"fotos-info slick-container\">\n\t\t\t\t\t<img loading=\"lazy\" decoding=\"async\" width=\"1000\" height=\"730\" src=\"https:\/\/fredericmistral-tecniceulalia.cat\/wp-content\/uploads\/2020\/07\/opt_web_FMTE_Plurilinguisme_4-1.jpg\" class=\"attachment-full size-full\" alt=\"Pluriling\u00fcisme\" srcset=\"https:\/\/fredericmistral-tecniceulalia.cat\/wp-content\/uploads\/2020\/07\/opt_web_FMTE_Plurilinguisme_4-1.jpg 1000w, https:\/\/fredericmistral-tecniceulalia.cat\/wp-content\/uploads\/2020\/07\/opt_web_FMTE_Plurilinguisme_4-1-300x219.jpg 300w, https:\/\/fredericmistral-tecniceulalia.cat\/wp-content\/uploads\/2020\/07\/opt_web_FMTE_Plurilinguisme_4-1-768x561.jpg 768w\" sizes=\"auto, (max-width: 1000px) 100vw, 1000px\" \/>\t\t\t\t\t<h3 class=\"fotos-titol\">\n\t\t\t\t\t\t\t\t\t\t\t<\/h3>\n\t\t\t\t\t<p class=\"fotos-txt\">\n\t\t\t\t\t\t\t\n\t\t\t\t\t<\/p>\n\t\t\t\t<\/div>\n\t\t\t\t\t    \t\t<\/div>\n\t\t\n\n\t\t<div id=\"videos-block_5f1698419a5b4\" class=\"video-fullscreen slider-videos lazy\">\n\t\t\t\t\t\t\t\t\t\t\t\t<iframe loading=\"lazy\" title=\"Alumnes de Batxillerat participen en la confer\u00e8ncia anual de l\u2019escola de les Nacions Unides\" width=\"640\" height=\"360\" src=\"https:\/\/www.youtube.com\/embed\/04tNpf7HOtY?feature=oembed&#038;controls=1&#038;hd=1&#038;autohide=1\" frameborder=\"0\" allow=\"accelerometer; autoplay; clipboard-write; encrypted-media; gyroscope; picture-in-picture; web-share\" referrerpolicy=\"strict-origin-when-cross-origin\" allowfullscreen frameborder=\"0\"><\/iframe>\t\t\t\t\t    \t\t\t<\/div>\n\t\t\n\n   \t<div id=\"\" class=\"row bg-clar ambits lazy\">\n   \t\t<h2 class=\"entry-title\">\u00c1mbitos<\/h2>\n     \t<div class=\"col-md-2 offset-md-1 offset-xxl-2\">\n       \t<div class=\"ambits-txt\">\n          Descubre los<br><strong> 5 ejes singulares<\/strong> que nos definen       \t<\/div>\n     \t<\/div>\n     \t<div class=\"col-md-9 col-xxl-8\">\n        <ul class=\"ambits-links\">\n        \t<li class=\"ambits-link cultura_valors\"><a href=\"https:\/\/fredericmistral-tecniceulalia.cat\/es\/ambitos\/cultura-y-valores\/\">Cultura y valores<\/a><\/li>\n          <li class=\"ambits-link sostenibilitat\"><a href=\"https:\/\/fredericmistral-tecniceulalia.cat\/es\/ambitos\/sostenibilidad\/\">sostenibilidad<\/a><\/li>\n          <li class=\"ambits-link orientacio\"><a href=\"https:\/\/fredericmistral-tecniceulalia.cat\/es\/ambitos\/orientacion-personal-y-academica\/\">Orientaci\u00f3n personal<br>y acad\u00e9mica<\/a><\/li>\n          <li class=\"ambits-link innovacio\"><a href=\"https:\/\/fredericmistral-tecniceulalia.cat\/es\/ambitos\/innovacio\/\">Innovaci\u00f3n<\/a><\/li>\n          <li class=\"ambits-link plurilinguisme\"><a href=\"https:\/\/fredericmistral-tecniceulalia.cat\/es\/ambitos\/plurilinguismo\/\">Pluriling\u00fcismo<\/a><\/li>\n       \t<\/ul>\n     \t<\/div>\n   \t<\/div>\n\n\t","protected":false},"excerpt":{"rendered":"","protected":false},"author":3,"featured_media":0,"parent":3977,"menu_order":0,"comment_status":"closed","ping_status":"closed","template":"","meta":{"_acf_changed":false,"_uag_custom_page_level_css":"","_themeisle_gutenberg_block_has_review":false,"footnotes":""},"class_list":{"0":"post-3993","1":"page","2":"type-page","3":"status-publish","5":"infinite-scroll-item"},"acf":[],"uagb_featured_image_src":{"full":false,"thumbnail":false,"medium":false,"medium_large":false,"large":false,"custom-cuadrat":false,"modul1":false,"post":false,"1536x1536":false,"2048x2048":false},"uagb_author_info":{"display_name":"usuari-admin","author_link":"https:\/\/fredericmistral-tecniceulalia.cat\/es\/author\/usuari-admin\/"},"uagb_comment_info":0,"uagb_excerpt":null,"_links":{"self":[{"href":"https:\/\/fredericmistral-tecniceulalia.cat\/es\/wp-json\/wp\/v2\/pages\/3993","targetHints":{"allow":["GET"]}}],"collection":[{"href":"https:\/\/fredericmistral-tecniceulalia.cat\/es\/wp-json\/wp\/v2\/pages"}],"about":[{"href":"https:\/\/fredericmistral-tecniceulalia.cat\/es\/wp-json\/wp\/v2\/types\/page"}],"author":[{"embeddable":true,"href":"https:\/\/fredericmistral-tecniceulalia.cat\/es\/wp-json\/wp\/v2\/users\/3"}],"replies":[{"embeddable":true,"href":"https:\/\/fredericmistral-tecniceulalia.cat\/es\/wp-json\/wp\/v2\/comments?post=3993"}],"version-history":[{"count":10,"href":"https:\/\/fredericmistral-tecniceulalia.cat\/es\/wp-json\/wp\/v2\/pages\/3993\/revisions"}],"predecessor-version":[{"id":5215,"href":"https:\/\/fredericmistral-tecniceulalia.cat\/es\/wp-json\/wp\/v2\/pages\/3993\/revisions\/5215"}],"up":[{"embeddable":true,"href":"https:\/\/fredericmistral-tecniceulalia.cat\/es\/wp-json\/wp\/v2\/pages\/3977"}],"wp:attachment":[{"href":"https:\/\/fredericmistral-tecniceulalia.cat\/es\/wp-json\/wp\/v2\/media?parent=3993"}],"curies":[{"name":"wp","href":"https:\/\/api.w.org\/{rel}","templated":true}]}}