{"id":4597,"date":"2020-07-16T14:19:46","date_gmt":"2020-07-16T14:19:46","guid":{"rendered":"https:\/\/fredericmistral-tecniceulalia.cat\/servicios\/activitats-extraescolars\/"},"modified":"2021-02-19T15:40:44","modified_gmt":"2021-02-19T14:40:44","slug":"actividades-extraescolares","status":"publish","type":"page","link":"https:\/\/fredericmistral-tecniceulalia.cat\/es\/servicios\/actividades-extraescolares\/","title":{"rendered":"Actividades extraescolares"},"content":{"rendered":"\n\t<div id=\"cabecerainterior-block_5ed8c6e1d8767\" class=\"cabecerainterior lazy\">\n\t\t<div class=\"cabint-image\">\n\t\t\t<img decoding=\"async\" src=\"https:\/\/fredericmistral-tecniceulalia.cat\/wp-content\/uploads\/2020\/07\/opt_web_FMTE_extraescolars_musica_2-1.jpg\" alt=\"Activitats extraescolars\">\n\t\t<\/div>\n\t\t<div class=\"cabint-info\">\n\t\t\t<h1 class=\"cabint-info__titol\">\n\t\t\t\tActividades extraescolares\t\t\t<\/h1>\n\t\t<\/div>\n\t<\/div>\n\n\t\n\n\n\t<div id=\"tornarenrera-block_5f3596fa60a77\" class=\"back lazy\">\n\t\t<a href=\"https:\/\/fredericmistral-tecniceulalia.cat\/es\/servicios\/\" class=\"goback\">\n\t\t\t<img decoding=\"async\" src=\"\/wp-content\/uploads\/2020\/08\/arrow_goback.png\" alt=\"Tornar enrere\" title=\"Tornar enrere\"\/>\n\t\t<\/a>\n\t<\/div>\n\n\t\n\n\t<div class=\"grid-container lazy\">\n\t\t<div class=\"text-imatge\">\n\t\t\t<div class=\"text-imatge-row row\">\n\t\t\t\t<div class=\"col-md-6 text-imatge__imatge\">\n\t\t\t\t\t\t\t\t\t\t<a href=\"\">\n\t\t\t\t\t<img loading=\"lazy\" decoding=\"async\" width=\"1000\" height=\"1000\" src=\"https:\/\/fredericmistral-tecniceulalia.cat\/wp-content\/uploads\/2020\/07\/opt_web_FMTE_extraescolars_musica_1-1000x1000.jpg\" class=\"attachment-custom-cuadrat size-custom-cuadrat\" alt=\"Activitats extraescolars\" srcset=\"https:\/\/fredericmistral-tecniceulalia.cat\/wp-content\/uploads\/2020\/07\/opt_web_FMTE_extraescolars_musica_1.jpg 1000w, https:\/\/fredericmistral-tecniceulalia.cat\/wp-content\/uploads\/2020\/07\/opt_web_FMTE_extraescolars_musica_1-300x300.jpg 300w, https:\/\/fredericmistral-tecniceulalia.cat\/wp-content\/uploads\/2020\/07\/opt_web_FMTE_extraescolars_musica_1-150x150.jpg 150w, https:\/\/fredericmistral-tecniceulalia.cat\/wp-content\/uploads\/2020\/07\/opt_web_FMTE_extraescolars_musica_1-768x768.jpg 768w, https:\/\/fredericmistral-tecniceulalia.cat\/wp-content\/uploads\/2020\/07\/opt_web_FMTE_extraescolars_musica_1-800x800.jpg 800w\" sizes=\"auto, (max-width: 1000px) 100vw, 1000px\" \/>\t\t\t\t\t<\/a>\n\t\t\t\t<\/div>\n\t\t\t\t<div class=\"col-md-6 text-imatge__text\">\n\t\t\t\t\t<span class=\"seccio_bloc\">\n\t\t\t\t\t\t\t\n\t\t\t\t\t<\/span>\n\t\t\t\t\t<h2 class=\"titol_bloc\">\n\t\t\t\t\t\tM\u00fasica\t\n\t\t\t\t\t<\/h2>\n\t\t\t\t\t<div class=\"text_bloc\">\n\t\t\t\t\t\t<p>\n\t\t\t\t\t\t\t<p>La <strong>Escuela de M\u00fasica <\/strong>ofrece clases compatibles con el horario escolar. Tiene una amplia plantilla de profesores\/as titulados\/as y especializados\/as en las diferentes disciplinas e instrumentos.<\/p>\n<p>Se combina la pr\u00e1ctica del <strong>instrumento<\/strong> con la actividad del <strong>taller de m\u00fasicos<\/strong>, para compaginar las clases individuales con la pr\u00e1ctica en grupo. Ofrecemos los siguientes instrumentos: piano, viol\u00edn, viola, violoncelo, flauta travesera, bajo el\u00e9ctrico, saxo, guitarra, guitarra el\u00e9ctrica, clarinete, bater\u00eda y canto moderno.<\/p>\n\t\n\t\t\t\t\t\t<\/p>\n\t\t\t\t\t<\/div>\n\t\t\t\t\t\t\n\t\t\t\t<\/div>\n\t\t\t<\/div>\n\t\t<\/div>\n\t<\/div>\n\n\n\t<div class=\"grid-container lazy\">\n\t\t<div class=\"text-imatge right\">\n\t\t\t<div class=\"text-imatge-row row\">\n\t\t\t\t<div class=\"col-md-6 text-imatge__imatge\">\n\t\t\t\t\t\t\t\t\t\t<a href=\"\">\n\t\t\t\t\t<img loading=\"lazy\" decoding=\"async\" width=\"932\" height=\"932\" src=\"https:\/\/fredericmistral-tecniceulalia.cat\/wp-content\/uploads\/2020\/07\/old_web_FMTE_extraescolars_art_tecnologia_4.jpg\" class=\"attachment-custom-cuadrat size-custom-cuadrat\" alt=\"Art i tecnologia\" srcset=\"https:\/\/fredericmistral-tecniceulalia.cat\/wp-content\/uploads\/2020\/07\/old_web_FMTE_extraescolars_art_tecnologia_4.jpg 932w, https:\/\/fredericmistral-tecniceulalia.cat\/wp-content\/uploads\/2020\/07\/old_web_FMTE_extraescolars_art_tecnologia_4-300x300.jpg 300w, https:\/\/fredericmistral-tecniceulalia.cat\/wp-content\/uploads\/2020\/07\/old_web_FMTE_extraescolars_art_tecnologia_4-150x150.jpg 150w, https:\/\/fredericmistral-tecniceulalia.cat\/wp-content\/uploads\/2020\/07\/old_web_FMTE_extraescolars_art_tecnologia_4-768x768.jpg 768w, https:\/\/fredericmistral-tecniceulalia.cat\/wp-content\/uploads\/2020\/07\/old_web_FMTE_extraescolars_art_tecnologia_4-800x800.jpg 800w\" sizes=\"auto, (max-width: 932px) 100vw, 932px\" \/>\t\t\t\t\t<\/a>\n\t\t\t\t<\/div>\n\t\t\t\t<div class=\"col-md-6 text-imatge__text\">\n\t\t\t\t\t<span class=\"seccio_bloc\">\n\t\t\t\t\t\t\t\n\t\t\t\t\t<\/span>\n\t\t\t\t\t<h2 class=\"titol_bloc\">\n\t\t\t\t\t\tArte y tecnolog\u00eda\t\n\t\t\t\t\t<\/h2>\n\t\t\t\t\t<div class=\"text_bloc\">\n\t\t\t\t\t\t<p>\n\t\t\t\t\t\t\t<p>Por un lado, ofrecemos talleres de <strong>artes pl\u00e1sticas <\/strong>en tres modalidades: el taller de <strong>artistas<\/strong>; el taller de <strong>escultura<\/strong>; y el taller de <strong>fotograf\u00eda<\/strong>. Por otro, en las actividades de artes <strong>de la interpretaci\u00f3n<\/strong>, programamos actividades de <strong>expresi\u00f3n corporal y danza creativa <\/strong>en 1\u00ba de Primaria, y a partir de 2\u00ba de Primaria, ofrecemos la actividad de <strong>teatro<\/strong>, con una Compa\u00f1\u00eda de Teatro estable durante la Secundaria. Trabajamos las t\u00e9cnicas interpretativas y hacemos los ejercicios que ayudan a expresar emociones y a representar situaciones. A lo largo del curso, preparamos sketches, mon\u00f3logos, dicci\u00f3n o fragmentos de obras diversas. Una de las actividades es la representaci\u00f3n de una obra de teatro para las familias a final de curso.<\/p>\n<p>Finalmente, dentro del \u00e1rea de <strong>tecnolog\u00eda<\/strong>, organizamos la actividad de <strong>rob\u00f3tica y programaci\u00f3n<\/strong>, en la que aprendemos a programar software, mientras desarrollamos el pensamiento computacional y estimulamos la creatividad y la capacidad de resolver problemas.<\/p>\n\t\n\t\t\t\t\t\t<\/p>\n\t\t\t\t\t<\/div>\n\t\t\t\t\t\t\n\t\t\t\t\t<\/a>\n\t\t\t\t<\/div>\n\t\t\t<\/div>\n\t\t<\/div>\n\t<\/div>\n\n\n\t<div class=\"grid-container lazy\">\n\t\t<div class=\"text-imatge\">\n\t\t\t<div class=\"text-imatge-row row\">\n\t\t\t\t<div class=\"col-md-6 text-imatge__imatge\">\n\t\t\t\t\t\t\t\t\t\t<a href=\"\">\n\t\t\t\t\t<img loading=\"lazy\" decoding=\"async\" width=\"1000\" height=\"1000\" src=\"https:\/\/fredericmistral-tecniceulalia.cat\/wp-content\/uploads\/2020\/07\/opt_web_FMTE_extraescolars_idiomes_1-1000x1000.jpg\" class=\"attachment-custom-cuadrat size-custom-cuadrat\" alt=\"Idiomes\" srcset=\"https:\/\/fredericmistral-tecniceulalia.cat\/wp-content\/uploads\/2020\/07\/opt_web_FMTE_extraescolars_idiomes_1.jpg 1000w, https:\/\/fredericmistral-tecniceulalia.cat\/wp-content\/uploads\/2020\/07\/opt_web_FMTE_extraescolars_idiomes_1-300x300.jpg 300w, https:\/\/fredericmistral-tecniceulalia.cat\/wp-content\/uploads\/2020\/07\/opt_web_FMTE_extraescolars_idiomes_1-150x150.jpg 150w, https:\/\/fredericmistral-tecniceulalia.cat\/wp-content\/uploads\/2020\/07\/opt_web_FMTE_extraescolars_idiomes_1-768x768.jpg 768w, https:\/\/fredericmistral-tecniceulalia.cat\/wp-content\/uploads\/2020\/07\/opt_web_FMTE_extraescolars_idiomes_1-800x800.jpg 800w\" sizes=\"auto, (max-width: 1000px) 100vw, 1000px\" \/>\t\t\t\t\t<\/a>\n\t\t\t\t<\/div>\n\t\t\t\t<div class=\"col-md-6 text-imatge__text\">\n\t\t\t\t\t<span class=\"seccio_bloc\">\n\t\t\t\t\t\t\t\n\t\t\t\t\t<\/span>\n\t\t\t\t\t<h2 class=\"titol_bloc\">\n\t\t\t\t\t\tIdiomas\t\n\t\t\t\t\t<\/h2>\n\t\t\t\t\t<div class=\"text_bloc\">\n\t\t\t\t\t\t<p>\n\t\t\t\t\t\t\t<p>Ampliamos y mejoramos la <strong>competencia en lengua extranjera del alumnado, en horario extraescolar<\/strong>. El objetivo es conseguir una <strong>inmersi\u00f3n natural<\/strong> en la lengua que se estudia.<\/p>\n<p>El Centro de Idiomas tiene una plantilla de aproximadamente 30 profesores\/as titulados\/as, la mayor\u00eda nativos\/as o biling\u00fces, buena parte de los cuales son examinadores\/as de Cambridge.<\/p>\n<p>Adem\u00e1s de cursos de ingl\u00e9s para todos los niveles, organizamos la actividad de <strong>teatro en ingl\u00e9s <\/strong>de 3\u00ba a 6\u00ba de Primaria, que usa el ingl\u00e9s como lengua vehicular para preparar una actuaci\u00f3n a final de curso. De manera l\u00fadica, divertida y creativa aprendemos vocabulario nuevo, practicamos la pronunciaci\u00f3n y, de manera menos acad\u00e9mica, mientras actuamos, reforzamos los conocimientos de ingl\u00e9s.<\/p>\n<p>A partir de Bachillerato, el Centro de Idiomas ofrece cursos de <strong>alem\u00e1n <\/strong>y de <strong>franc\u00e9s<\/strong> extraescolar con el objetivo de conseguir <strong>titulaciones oficiales<\/strong>. Estas clases est\u00e1n pensadas para dar continuidad a los\/as alumnos\/as que estaban haciendo una segunda lengua extranjera en Secundaria.<\/p>\n\t\n\t\t\t\t\t\t<\/p>\n\t\t\t\t\t<\/div>\n\t\t\t\t\t\t\n\t\t\t\t<\/div>\n\t\t\t<\/div>\n\t\t<\/div>\n\t<\/div>\n\n\n\t<div class=\"grid-container lazy\">\n\t\t<div class=\"text-imatge right\">\n\t\t\t<div class=\"text-imatge-row row\">\n\t\t\t\t<div class=\"col-md-6 text-imatge__imatge\">\n\t\t\t\t\t\t\t\t\t\t<a href=\"\">\n\t\t\t\t\t<img loading=\"lazy\" decoding=\"async\" width=\"1000\" height=\"1000\" src=\"https:\/\/fredericmistral-tecniceulalia.cat\/wp-content\/uploads\/2020\/07\/opt_web_FMTE_extraescolars_esport_3-1000x1000.jpg\" class=\"attachment-custom-cuadrat size-custom-cuadrat\" alt=\"Esports\" srcset=\"https:\/\/fredericmistral-tecniceulalia.cat\/wp-content\/uploads\/2020\/07\/opt_web_FMTE_extraescolars_esport_3.jpg 1000w, https:\/\/fredericmistral-tecniceulalia.cat\/wp-content\/uploads\/2020\/07\/opt_web_FMTE_extraescolars_esport_3-300x300.jpg 300w, https:\/\/fredericmistral-tecniceulalia.cat\/wp-content\/uploads\/2020\/07\/opt_web_FMTE_extraescolars_esport_3-150x150.jpg 150w, https:\/\/fredericmistral-tecniceulalia.cat\/wp-content\/uploads\/2020\/07\/opt_web_FMTE_extraescolars_esport_3-768x768.jpg 768w, https:\/\/fredericmistral-tecniceulalia.cat\/wp-content\/uploads\/2020\/07\/opt_web_FMTE_extraescolars_esport_3-800x800.jpg 800w\" sizes=\"auto, (max-width: 1000px) 100vw, 1000px\" \/>\t\t\t\t\t<\/a>\n\t\t\t\t<\/div>\n\t\t\t\t<div class=\"col-md-6 text-imatge__text\">\n\t\t\t\t\t<span class=\"seccio_bloc\">\n\t\t\t\t\t\t\t\n\t\t\t\t\t<\/span>\n\t\t\t\t\t<h2 class=\"titol_bloc\">\n\t\t\t\t\t\tDeportes\t\n\t\t\t\t\t<\/h2>\n\t\t\t\t\t<div class=\"text_bloc\">\n\t\t\t\t\t\t<p>\n\t\t\t\t\t\t\t<p>La actividad deportiva en el \u00e1mbito escolar empieza a los 4 a\u00f1os, con <strong>juegos motrices<\/strong>. Est\u00e1 pensada para desarrollar la conciencia y el control corporales, las capacidades coordinativas y los h\u00e1bitos de higiene.<\/p>\n<p>A partir de 1\u00ba de Primaria, hacemos lo que llamamos predeporte, que relaciona el deporte con tiempo de ocio. Practicamos un amplio abanico de deportes de todo el mundo con la normativa y el material adaptado a su edad. Durante el \u00faltimo trimestre, les presentamos todos los deportes que podr\u00e1n practicar el curso siguiente para ayudarlos a escoger uno.<\/p>\n<p>De 3\u00ba a 2\u00ba de Bachillerato, el alumnado puede seguir un programa de <strong>deporte de equipo<\/strong> que va desde los conceptos b\u00e1sicos del juego de los m\u00e1s peque\u00f1os hasta las t\u00e1cticas avanzadas y estrategias de los m\u00e1s mayores. Se puede elegir entre el <strong>f\u00fatbol sala<\/strong>, el <strong>baloncesto <\/strong>o el <strong>voleibol<\/strong>. A partir de Secundaria, si los equipos est\u00e1n bien consolidados, abrimos la posibilidad de federarlos.<\/p>\n<p>Por otro lado, en Primaria tambi\u00e9n ofrecemos diversos tipos de <strong>deportes colectivos<\/strong>, como el <strong>patinaje, gimnasia r\u00edtmica y hip-hop <\/strong>(\u00e9ste \u00faltimo, incluye Secundaria).<\/p>\n<p>Finalmente, se puede optar por <strong>deportes individuales <\/strong>como el <strong>ping-pong <\/strong>o el <strong>ajedrez<\/strong>, que mejoran la agilidad mental, la estrategia y la creatividad.<\/p>\n\t\n\t\t\t\t\t\t<\/p>\n\t\t\t\t\t<\/div>\n\t\t\t\t\t\t\n\t\t\t\t\t<\/a>\n\t\t\t\t<\/div>\n\t\t\t<\/div>\n\t\t<\/div>\n\t<\/div>\n\n\n\t<div class=\"grid-container lazy\">\n\t\t<div class=\"text-imatge\">\n\t\t\t<div class=\"text-imatge-row row\">\n\t\t\t\t<div class=\"col-md-6 text-imatge__imatge\">\n\t\t\t\t\t\t\t\t\t\t<a href=\"\">\n\t\t\t\t\t<img loading=\"lazy\" decoding=\"async\" width=\"960\" height=\"960\" src=\"https:\/\/fredericmistral-tecniceulalia.cat\/wp-content\/uploads\/2020\/07\/ok_photo_2020-07-17_08-29-19-1.jpg\" class=\"attachment-custom-cuadrat size-custom-cuadrat\" alt=\"Grup de muntanya\" srcset=\"https:\/\/fredericmistral-tecniceulalia.cat\/wp-content\/uploads\/2020\/07\/ok_photo_2020-07-17_08-29-19-1.jpg 960w, https:\/\/fredericmistral-tecniceulalia.cat\/wp-content\/uploads\/2020\/07\/ok_photo_2020-07-17_08-29-19-1-300x300.jpg 300w, https:\/\/fredericmistral-tecniceulalia.cat\/wp-content\/uploads\/2020\/07\/ok_photo_2020-07-17_08-29-19-1-150x150.jpg 150w, https:\/\/fredericmistral-tecniceulalia.cat\/wp-content\/uploads\/2020\/07\/ok_photo_2020-07-17_08-29-19-1-768x768.jpg 768w, https:\/\/fredericmistral-tecniceulalia.cat\/wp-content\/uploads\/2020\/07\/ok_photo_2020-07-17_08-29-19-1-800x800.jpg 800w\" sizes=\"auto, (max-width: 960px) 100vw, 960px\" \/>\t\t\t\t\t<\/a>\n\t\t\t\t<\/div>\n\t\t\t\t<div class=\"col-md-6 text-imatge__text\">\n\t\t\t\t\t<span class=\"seccio_bloc\">\n\t\t\t\t\t\t\t\n\t\t\t\t\t<\/span>\n\t\t\t\t\t<h2 class=\"titol_bloc\">\n\t\t\t\t\t\tGrupo de Monta\u00f1a\t\n\t\t\t\t\t<\/h2>\n\t\t\t\t\t<div class=\"text_bloc\">\n\t\t\t\t\t\t<p>\n\t\t\t\t\t\t\t<p>El <strong>Grupo de monta\u00f1a <\/strong>re\u00fane alumnos de Primaria de las tres escuelas de la Fundaci\u00f3 Collserola que, por franjas de edad, un fin de semana al trimestre, coinciden en una salida pensada para disfrutar de la naturaleza y abrir un espacio de relaci\u00f3n entre los y las alumnos\/as de la escuela Frederic Mistral-T\u00e8cnic Eul\u00e0lia, la escuela Aven\u00e7 y la escuela Ramon Fuster.<\/p>\n\t\n\t\t\t\t\t\t<\/p>\n\t\t\t\t\t<\/div>\n\t\t\t\t\t\t\n\t\t\t\t<\/div>\n\t\t\t<\/div>\n\t\t<\/div>\n\t<\/div>\n\n\n   \t<div id=\"\" class=\"row bg-clar ambits lazy\">\n   \t\t<h2 class=\"entry-title\">\u00c1mbitos<\/h2>\n     \t<div class=\"col-md-2 offset-md-1 offset-xxl-2\">\n       \t<div class=\"ambits-txt\">\n          Descubre los<br><strong> 5 ejes singulares<\/strong> que nos definen       \t<\/div>\n     \t<\/div>\n     \t<div class=\"col-md-9 col-xxl-8\">\n        <ul class=\"ambits-links\">\n        \t<li class=\"ambits-link cultura_valors\"><a href=\"https:\/\/fredericmistral-tecniceulalia.cat\/es\/ambitos\/cultura-y-valores\/\">Cultura y valores<\/a><\/li>\n          <li class=\"ambits-link sostenibilitat\"><a href=\"https:\/\/fredericmistral-tecniceulalia.cat\/es\/ambitos\/sostenibilidad\/\">sostenibilidad<\/a><\/li>\n          <li class=\"ambits-link orientacio\"><a href=\"https:\/\/fredericmistral-tecniceulalia.cat\/es\/ambitos\/orientacion-personal-y-academica\/\">Orientaci\u00f3n personal<br>y acad\u00e9mica<\/a><\/li>\n          <li class=\"ambits-link innovacio\"><a href=\"https:\/\/fredericmistral-tecniceulalia.cat\/es\/ambitos\/innovacio\/\">Innovaci\u00f3n<\/a><\/li>\n          <li class=\"ambits-link plurilinguisme\"><a href=\"https:\/\/fredericmistral-tecniceulalia.cat\/es\/ambitos\/plurilinguismo\/\">Pluriling\u00fcismo<\/a><\/li>\n       \t<\/ul>\n     \t<\/div>\n   \t<\/div>\n\n\t","protected":false},"excerpt":{"rendered":"","protected":false},"author":3,"featured_media":0,"parent":3942,"menu_order":0,"comment_status":"closed","ping_status":"closed","template":"","meta":{"_acf_changed":false,"_uag_custom_page_level_css":"","_themeisle_gutenberg_block_has_review":false,"footnotes":""},"class_list":{"0":"post-4597","1":"page","2":"type-page","3":"status-publish","5":"infinite-scroll-item"},"acf":[],"uagb_featured_image_src":{"full":false,"thumbnail":false,"medium":false,"medium_large":false,"large":false,"custom-cuadrat":false,"modul1":false,"post":false,"1536x1536":false,"2048x2048":false},"uagb_author_info":{"display_name":"usuari-admin","author_link":"https:\/\/fredericmistral-tecniceulalia.cat\/es\/author\/usuari-admin\/"},"uagb_comment_info":0,"uagb_excerpt":null,"_links":{"self":[{"href":"https:\/\/fredericmistral-tecniceulalia.cat\/es\/wp-json\/wp\/v2\/pages\/4597","targetHints":{"allow":["GET"]}}],"collection":[{"href":"https:\/\/fredericmistral-tecniceulalia.cat\/es\/wp-json\/wp\/v2\/pages"}],"about":[{"href":"https:\/\/fredericmistral-tecniceulalia.cat\/es\/wp-json\/wp\/v2\/types\/page"}],"author":[{"embeddable":true,"href":"https:\/\/fredericmistral-tecniceulalia.cat\/es\/wp-json\/wp\/v2\/users\/3"}],"replies":[{"embeddable":true,"href":"https:\/\/fredericmistral-tecniceulalia.cat\/es\/wp-json\/wp\/v2\/comments?post=4597"}],"version-history":[{"count":16,"href":"https:\/\/fredericmistral-tecniceulalia.cat\/es\/wp-json\/wp\/v2\/pages\/4597\/revisions"}],"predecessor-version":[{"id":5639,"href":"https:\/\/fredericmistral-tecniceulalia.cat\/es\/wp-json\/wp\/v2\/pages\/4597\/revisions\/5639"}],"up":[{"embeddable":true,"href":"https:\/\/fredericmistral-tecniceulalia.cat\/es\/wp-json\/wp\/v2\/pages\/3942"}],"wp:attachment":[{"href":"https:\/\/fredericmistral-tecniceulalia.cat\/es\/wp-json\/wp\/v2\/media?parent=4597"}],"curies":[{"name":"wp","href":"https:\/\/api.w.org\/{rel}","templated":true}]}}