{"id":5604,"date":"2020-06-10T10:27:38","date_gmt":"2020-06-10T10:27:38","guid":{"rendered":"https:\/\/fredericmistral-tecniceulalia.cat\/avis-legal\/"},"modified":"2021-02-19T15:24:16","modified_gmt":"2021-02-19T14:24:16","slug":"aviso-legal","status":"publish","type":"page","link":"https:\/\/fredericmistral-tecniceulalia.cat\/es\/aviso-legal\/","title":{"rendered":"Av\u00eds legal"},"content":{"rendered":"\n<h3 class=\"has-text-color wp-block-heading\" style=\"color:#e1251b\"><strong>1. Av\u00eds legal i acceptaci\u00f3<\/strong><\/h3>\n\n\n\n<p>Aquest Av\u00eds Legal regula l\u2019\u00fas del portal d\u2019Internet <strong><a rel=\"noreferrer noopener\" href=\"http:\/\/fredericmistral-tecniceulalia.cat\/\" target=\"_blank\">www.escolafmte.cat<\/a><\/strong> (d\u2019ara endavant, \u201cPortal\u201d) que la Fundaci\u00f3 Collserola (d\u2019ara endavant \u201cTitular\u201d) posa a disposici\u00f3 dels usuaris i usu\u00e0ries d\u2019Internet.<br><br>La utilitzaci\u00f3 del Portal atribueix la condici\u00f3 d\u2019usuari\/usu\u00e0ria del Portal (d\u2019ara endavant \u201cUsuari\u201d) i implica l\u2019acceptaci\u00f3 plena i sense reserves de totes i cadascuna de les disposicions incloses en aquest Av\u00eds Legal.<br><br>El Titular es reserva el dret de modificar unilateralment, en qualsevol moment i sense previ av\u00eds, la presentaci\u00f3, configuraci\u00f3 i condicions requerides per a la utilitzaci\u00f3 del Portal i els Serveis.<\/p>\n\n\n\n<h3 class=\"has-text-color wp-block-heading\" style=\"color:#e1251b\"><strong>2. Informaci\u00f3 general<\/strong><\/h3>\n\n\n\n<p>El Titular d\u2019aquest web \u00e9s la Fundaci\u00f3 Collserola, amb domicili social a Barcelona, Pg. Sant Gervasi, 83-85, baixos; inscrita en el Registre de Fundacions amb el n\u00famero 881 i prove\u00efda de C.I.F G-60782448.<\/p>\n\n\n\n<h3 class=\"has-text-color wp-block-heading\" style=\"color:#e1251b\"><strong>3. Condicions d\u2019acc\u00e9s i utilitzaci\u00f3 del portal<\/strong><\/h3>\n\n\n\n<p><strong>3.1. Obligaci\u00f3 de fer un \u00fas correcte del Portal i dels Serveis <\/strong>L\u2019Usuari es compromet a utilitzar el Portal i els Serveis de conformitat amb la llei, el present Av\u00eds Legal, i altres avisos, reglaments d\u2019\u00fas i instruccions posats en el seu coneixement, aix\u00ed com amb la moral i els bons costums generalment acceptats i l\u2019ordre p\u00fablic.<\/p>\n\n\n\n<p>A aquest efecte, l\u2019Usuari s\u2019obliga a abstenir-se d\u2019utilitzar qualsevol dels Serveis amb finalitats o efectes il\u00b7l\u00edcits, prohibits en el present Av\u00eds Legal, lesius dels drets i interessos de tercers.<\/p>\n\n\n\n<p>Tots els drets de propietat industrial i intel\u00b7lectual del web, aix\u00ed com dels elements que cont\u00e9 (que inclouen, entre d\u2019altres, imatges i textos) pertanyen al Titular.<\/p>\n\n\n\n<p><strong>3.2. Responsabilitat per danys i perjudicis <\/strong>L\u2019Usuari respondr\u00e0 dels danys i perjudicis de tota naturalesa que el Titular pugui patir, directament o indirecta, com a conseq\u00fc\u00e8ncia de l\u2019incompliment de qualsevol de les obligacions derivades de l\u2019Av\u00eds Legal o de la llei, en relaci\u00f3 amb la utilitzaci\u00f3 del Portal i, en particular, es compromet a abstenir-se de:<\/p>\n\n\n\n<p>(a) reproduir, copiar, distribuir, posar a disposici\u00f3 o comunicar p\u00fablicament, transformar o modificar els Continguts, tret que es compti amb l\u2019autoritzaci\u00f3 del Titular dels corresponents drets o resulti legalment perm\u00e8s.<br><br>(b) suprimir, manipular o alterar de qualsevol forma el \u201ccopyright\u201d i altres dades identificatives de la reserva de drets del Titular.<\/p>\n\n\n\n<p><strong>3.3. Introducci\u00f3 d\u2019hiperenlla\u00e7os que permetin l\u2019acc\u00e9s a les p\u00e0gines del Portal i als Serveis<\/strong><br>Els Usuaris i, en general, aquelles persones que es proposin establir un hiperenlla\u00e7 entre la seva p\u00e0gina web i el Portal hauran de complir les condicions seg\u00fcents:<\/p>\n\n\n\n<p>(a) no es realitzaran manifestacions o indicacions falses, inexactes o incorrectes sobre el Titular, els seus empleats, les p\u00e0gines web del Portal i els Serveis subministrats;<br><br>(b) no es declarar\u00e0 ni es donar\u00e0 a entendre que el Titular ha autoritzat l\u2019hiperenlla\u00e7 o que ha supervisat o assumit els serveis posats a disposici\u00f3 de la p\u00e0gina web en la qual s\u2019estableix l\u2019hiperenlla\u00e7.<br><br>(c) la p\u00e0gina web en la qual s\u2019estableixi l\u2019hiperenlla\u00e7 no contindr\u00e0 informacions o continguts il\u00b7l\u00edcits, contraris a la moral i als bons costums generalment acceptats i a l\u2019ordre p\u00fablic, aix\u00ed com tampoc no contindr\u00e0 continguts contraris als drets de tercers.<\/p>\n\n\n\n<p>L\u2019establiment de l\u2019hiperenlla\u00e7 no implica en cap cas l\u2019exist\u00e8ncia de relacions entre el Titular i el propietari de la p\u00e0gina web en la qual s\u2019estableixi, ni l\u2019acceptaci\u00f3 i aprovaci\u00f3 per part del Titular dels seus continguts o serveis.<\/p>\n\n\n\n<h3 class=\"has-text-color wp-block-heading\" style=\"color:#e1251b\"><strong>4. Inexist\u00e8ncia de llic\u00e8ncia<\/strong><\/h3>\n\n\n\n<p>Totes les marques, noms comercials o signes distintius de qualsevol classe que apareixen al Portal, aix\u00ed com els continguts, s\u00f3n propietat del Titular sense que pugui entendre\u2019s que l\u2019\u00fas o acc\u00e9s al Portal atribueix a l\u2019Usuari cap dret sobre les citades marques, noms comercials i\/o signes distintius i continguts.<\/p>\n\n\n\n<h3 class=\"has-text-color wp-block-heading\" style=\"color:#e1251b\"><strong>5. Jurisdicci\u00f3 i legislaci\u00f3 aplicable<\/strong><\/h3>\n\n\n\n<p>Les Normes d\u2019\u00fas que es troben en el present Av\u00eds Legal es regeixen per la Llei espanyola i, en el seu cas, l\u2019auton\u00f2mica. Tant el Titular com els Usuaris del Portal estan d\u2019acord en qu\u00e8 per a qualsevol discrep\u00e0ncia que pugui sorgir pel que fa a la interpretaci\u00f3, compliment i\/o execuci\u00f3 de les presents normes es sotmetran expressament a la jurisdicci\u00f3 dels Jutges i Tribunals competents de Barcelona, amb ren\u00fancia expressa a qualsevol altre fur que els pugui correspondre.<\/p>\n","protected":false},"excerpt":{"rendered":"<p>1. Av\u00eds legal i acceptaci\u00f3 Aquest Av\u00eds Legal regula l\u2019\u00fas del portal d\u2019Internet www.escolafmte.cat (d\u2019ara endavant, \u201cPortal\u201d) que la Fundaci\u00f3 Collserola (d\u2019ara endavant \u201cTitular\u201d) posa a disposici\u00f3 dels usuaris i &#8230; <a title=\"Av\u00eds legal\" class=\"read-more\" href=\"https:\/\/fredericmistral-tecniceulalia.cat\/es\/aviso-legal\/\" aria-label=\"Leer m\u00e1s sobre Av\u00eds legal\">Llegir m\u00e9s<\/a><\/p>\n","protected":false},"author":3,"featured_media":0,"parent":0,"menu_order":0,"comment_status":"closed","ping_status":"closed","template":"","meta":{"_acf_changed":false,"_uag_custom_page_level_css":"","_themeisle_gutenberg_block_has_review":false,"footnotes":""},"class_list":{"0":"post-5604","1":"page","2":"type-page","3":"status-publish","5":"infinite-scroll-item"},"acf":[],"uagb_featured_image_src":{"full":false,"thumbnail":false,"medium":false,"medium_large":false,"large":false,"custom-cuadrat":false,"modul1":false,"post":false,"1536x1536":false,"2048x2048":false},"uagb_author_info":{"display_name":"usuari-admin","author_link":"https:\/\/fredericmistral-tecniceulalia.cat\/es\/author\/usuari-admin\/"},"uagb_comment_info":0,"uagb_excerpt":"1. Av\u00eds legal i acceptaci\u00f3 Aquest Av\u00eds Legal regula l\u2019\u00fas del portal d\u2019Internet www.escolafmte.cat (d\u2019ara endavant, \u201cPortal\u201d) que la Fundaci\u00f3 Collserola (d\u2019ara endavant \u201cTitular\u201d) posa a disposici\u00f3 dels usuaris i ... Llegir m\u00e9s","_links":{"self":[{"href":"https:\/\/fredericmistral-tecniceulalia.cat\/es\/wp-json\/wp\/v2\/pages\/5604","targetHints":{"allow":["GET"]}}],"collection":[{"href":"https:\/\/fredericmistral-tecniceulalia.cat\/es\/wp-json\/wp\/v2\/pages"}],"about":[{"href":"https:\/\/fredericmistral-tecniceulalia.cat\/es\/wp-json\/wp\/v2\/types\/page"}],"author":[{"embeddable":true,"href":"https:\/\/fredericmistral-tecniceulalia.cat\/es\/wp-json\/wp\/v2\/users\/3"}],"replies":[{"embeddable":true,"href":"https:\/\/fredericmistral-tecniceulalia.cat\/es\/wp-json\/wp\/v2\/comments?post=5604"}],"version-history":[{"count":1,"href":"https:\/\/fredericmistral-tecniceulalia.cat\/es\/wp-json\/wp\/v2\/pages\/5604\/revisions"}],"predecessor-version":[{"id":5607,"href":"https:\/\/fredericmistral-tecniceulalia.cat\/es\/wp-json\/wp\/v2\/pages\/5604\/revisions\/5607"}],"wp:attachment":[{"href":"https:\/\/fredericmistral-tecniceulalia.cat\/es\/wp-json\/wp\/v2\/media?parent=5604"}],"curies":[{"name":"wp","href":"https:\/\/api.w.org\/{rel}","templated":true}]}}